{"id":50510,"date":"2025-12-21T12:51:20","date_gmt":"2025-12-21T12:51:20","guid":{"rendered":"https:\/\/modesthanim.com\/product\/kollari-gizli-fermuar-detayli-elbise-lacivert\/"},"modified":"2026-04-02T21:59:50","modified_gmt":"2026-04-02T21:59:50","slug":"kollari-gizli-fermuar-detayli-elbise-lacivert","status":"publish","type":"product","link":"https:\/\/mod.wisdar.net\/tr\/urun\/kollari-gizli-fermuar-detayli-elbise-lacivert\/","title":{"rendered":"Kollar\u0131 Gizli Fermuar Detayl\u0131 Elbise \u2013 Lacivert"},"content":{"rendered":"<p>Kollardaki gizli fermuar detaylar\u0131yla minimal tasar\u0131m\u0131na fonksiyonel bir dokunu\u015f ekleyen bu elbise, ak\u0131c\u0131 siluetiyle modern ve zarif bir g\u00f6r\u00fcn\u00fcm sunar.<br \/>\nKuma\u015f \u0130\u00e7eri\u011fi: %56 Polyester, %35 Rayon, %9 Span<br \/>\nDesen: D\u00fcz<br \/>\nYaka Tipi: Dik Yaka<br \/>\nKol Tipi: D\u00fc\u015f\u00fck Kol<br \/>\nCep: Cepsiz<br \/>\nAstar: Astars\u0131z<br \/>\n\u00dcr\u00fcn Boyu: 135 cm<br \/>\nKal\u0131p Tipi: Normal Kal\u0131p<br \/>\nManken \u00d6l\u00e7\u00fcleri:<br \/>\nBoy: 173 cm<br \/>\nG\u00f6\u011f\u00fcs: 81 cm<br \/>\nBel: 63 cm<br \/>\nBasen: 90 cm<br \/>\nMankenin Giydi\u011fi Beden: 38<\/p>\n","protected":false},"excerpt":{"rendered":"<p>Kollardaki gizli fermuar detaylar\u0131yla minimal tasar\u0131m\u0131na fonksiyonel bir dokunu\u015f ekleyen bu elbise, ak\u0131c\u0131 siluetiyle modern ve zarif bir g\u00f6r\u00fcn\u00fcm sunar.<br \/>\nKuma\u015f \u0130\u00e7eri\u011fi: %56 Polyester, %35 Rayon, %9 Span<br \/>\nDesen: D\u00fcz<br \/>\nYaka Tipi: Dik Yaka<br \/>\nKol Tipi: D\u00fc\u015f\u00fck Kol<br \/>\nCep: Cepsiz<br \/>\nAstar: Astars\u0131z<br \/>\n\u00dcr\u00fcn Boyu: 135 cm<br \/>\nKal\u0131p Tipi: Normal Kal\u0131p<br \/>\nManken \u00d6l\u00e7\u00fcleri:<br \/>\nBoy: 173 cm<br \/>\nG\u00f6\u011f\u00fcs: 81 cm<br \/>\nBel: 63 cm<br \/>\nBasen: 90 cm<br \/>\nMankenin Giydi\u011fi Beden: 38<\/p>\n","protected":false},"featured_media":50498,"comment_status":"open","ping_status":"closed","template":"","meta":[],"product_brand":[],"product_cat":[6249,1933],"product_tag":[8303,5012,6883,6744,7238,7144,5013],"class_list":{"0":"post-50510","1":"product","2":"type-product","3":"status-publish","4":"has-post-thumbnail","6":"product_cat-elbiseler","7":"product_cat-gunluk-ve-gunduz-elbiseleri","8":"product_tag-dusuk-omuz","9":"product_tag-elegant","10":"product_tag-gizli-fermuar","11":"product_tag-kadin-modasi","12":"product_tag-lacivert","13":"product_tag-minimalist","14":"product_tag-modern","15":"pa_brand-tugba","16":"pa_color-lacivert","17":"pa_size-4706","18":"pa_size-4711","19":"pa_size-4713","20":"pa_size-4751","22":"first","23":"outofstock","24":"shipping-taxable","25":"product-type-variable"},"_links":{"self":[{"href":"https:\/\/mod.wisdar.net\/tr\/wp-json\/wp\/v2\/product\/50510","targetHints":{"allow":["GET"]}}],"collection":[{"href":"https:\/\/mod.wisdar.net\/tr\/wp-json\/wp\/v2\/product"}],"about":[{"href":"https:\/\/mod.wisdar.net\/tr\/wp-json\/wp\/v2\/types\/product"}],"replies":[{"embeddable":true,"href":"https:\/\/mod.wisdar.net\/tr\/wp-json\/wp\/v2\/comments?post=50510"}],"wp:featuredmedia":[{"embeddable":true,"href":"https:\/\/mod.wisdar.net\/tr\/wp-json\/wp\/v2\/media\/50498"}],"wp:attachment":[{"href":"https:\/\/mod.wisdar.net\/tr\/wp-json\/wp\/v2\/media?parent=50510"}],"wp:term":[{"taxonomy":"product_brand","embeddable":true,"href":"https:\/\/mod.wisdar.net\/tr\/wp-json\/wp\/v2\/product_brand?post=50510"},{"taxonomy":"product_cat","embeddable":true,"href":"https:\/\/mod.wisdar.net\/tr\/wp-json\/wp\/v2\/product_cat?post=50510"},{"taxonomy":"product_tag","embeddable":true,"href":"https:\/\/mod.wisdar.net\/tr\/wp-json\/wp\/v2\/product_tag?post=50510"}],"curies":[{"name":"wp","href":"https:\/\/api.w.org\/{rel}","templated":true}]}}