{"id":50541,"date":"2025-12-21T12:51:44","date_gmt":"2025-12-21T12:51:44","guid":{"rendered":"https:\/\/modesthanim.com\/product\/kollari-dugme-detayli-elbise-siyah\/"},"modified":"2026-03-23T05:41:24","modified_gmt":"2026-03-23T05:41:24","slug":"kollari-dugme-detayli-elbise-siyah","status":"publish","type":"product","link":"https:\/\/mod.wisdar.net\/tr\/urun\/kollari-dugme-detayli-elbise-siyah\/","title":{"rendered":"Kollar\u0131 D\u00fc\u011fme Detayl\u0131 Elbise \u2013 Siyah"},"content":{"rendered":"<p>\u015e\u0131k ve sade \u00e7izgileriyle \u00f6ne \u00e7\u0131kan bu elbise, kol k\u0131sm\u0131ndaki d\u00fc\u011fme detaylar\u0131yla zarif bir dokunu\u015f kazan\u0131r. Ak\u0131c\u0131 kuma\u015f\u0131 g\u00fcn boyu rahat bir kullan\u0131m sunarken, feminen kesimi silueti nazik\u00e7e vurgular.<br \/>\nKuma\u015f \u0130\u00e7eri\u011fi: %97 Polyester, %3 Span<br \/>\nDesen: D\u00fcz<br \/>\nYaka Tipi: S\u0131f\u0131r Yaka<br \/>\nKol Tipi: Uzun Kol<br \/>\nCep: Cepsiz<br \/>\nAstar: Astars\u0131z<br \/>\n\u00dcr\u00fcn Boyu: 140 cm<br \/>\nKal\u0131p Tipi: Normal Kal\u0131p<br \/>\nManken \u00d6l\u00e7\u00fcleri:Boy: 173 cmG\u00f6\u011f\u00fcs: 81 cmBel: 63 cmBasen: 90 cm<br \/>\nMankenin Giydi\u011fi Beden: 38<\/p>\n<p>\u2014 Technical Details \u2014<br \/>\nDesen: D\u00fcz<br \/>\nYaka Tipi: S\u0131f\u0131r Yaka<br \/>\nKol Tipi: Uzun Kol<br \/>\nCep: Cepsiz<br \/>\nAstar: Astars\u0131z<br \/>\n\u00dcr\u00fcn Boyu: 140 cm<br \/>\nKal\u0131p Tipi: Normal Kal\u0131p<br \/>\nManken \u00d6l\u00e7\u00fcleri: Boy: 173 cm, G\u00f6\u011f\u00fcs: 81 cm, Bel: 63 cm, Basen: 90 cm<br \/>\nMankenin Giydi\u011fi Beden: 38<\/p>\n","protected":false},"excerpt":{"rendered":"<p>\u015e\u0131k ve sade \u00e7izgileriyle \u00f6ne \u00e7\u0131kan bu elbise, kol k\u0131sm\u0131ndaki d\u00fc\u011fme detaylar\u0131yla zarif bir dokunu\u015f kazan\u0131r. Ak\u0131c\u0131 kuma\u015f\u0131 g\u00fcn boyu rahat bir kullan\u0131m sunarken, feminen kesimi silueti nazik\u00e7e vurgular.<br \/>\nKuma\u015f \u0130\u00e7eri\u011fi: %97 Polyester, %3 Span<br \/>\nDesen: D\u00fcz<br \/>\nYaka Tipi: S\u0131f\u0131r Yaka<br \/>\nKol Tipi: Uzun Kol<br \/>\nCep: Cepsiz<br \/>\nAstar: Astars\u0131z<br \/>\n\u00dcr\u00fcn Boyu: 140 cm<br \/>\nKal\u0131p Tipi: Normal Kal\u0131p<br \/>\nManken \u00d6l\u00e7\u00fcleri:Boy: 173 cmG\u00f6\u011f\u00fcs: 81 cmBel: 63 cmBasen: 90 cm<br \/>\nMankenin Giydi\u011fi Beden: 38<\/p>\n<p>\u2014 Technical Details \u2014<br \/>\nDesen: D\u00fcz<br \/>\nYaka Tipi: S\u0131f\u0131r Yaka<br \/>\nKol Tipi: Uzun Kol<br \/>\nCep: Cepsiz<br \/>\nAstar: Astars\u0131z<br \/>\n\u00dcr\u00fcn Boyu: 140 cm<br \/>\nKal\u0131p Tipi: Normal Kal\u0131p<br \/>\nManken \u00d6l\u00e7\u00fcleri: Boy: 173 cm, G\u00f6\u011f\u00fcs: 81 cm, Bel: 63 cm, Basen: 90 cm<br \/>\nMankenin Giydi\u011fi Beden: 38<\/p>\n","protected":false},"featured_media":50532,"comment_status":"open","ping_status":"closed","template":"","meta":[],"product_brand":[],"product_cat":[6249],"product_tag":[5012,6744,7021,6751,6937,6768],"class_list":{"0":"post-50541","1":"product","2":"type-product","3":"status-publish","4":"has-post-thumbnail","6":"product_cat-elbiseler","7":"product_tag-elegant","8":"product_tag-kadin-modasi","9":"product_tag-polyester","10":"product_tag-rahat","11":"product_tag-siyah-elbise","12":"product_tag-uzun-kol","13":"pa_color-siyah","14":"pa_size-4706","15":"pa_size-4711","16":"pa_size-4713","17":"pa_size-4751","18":"pa_size-4749","19":"pa_size-4747","21":"first","22":"outofstock","23":"shipping-taxable","24":"product-type-variable"},"_links":{"self":[{"href":"https:\/\/mod.wisdar.net\/tr\/wp-json\/wp\/v2\/product\/50541","targetHints":{"allow":["GET"]}}],"collection":[{"href":"https:\/\/mod.wisdar.net\/tr\/wp-json\/wp\/v2\/product"}],"about":[{"href":"https:\/\/mod.wisdar.net\/tr\/wp-json\/wp\/v2\/types\/product"}],"replies":[{"embeddable":true,"href":"https:\/\/mod.wisdar.net\/tr\/wp-json\/wp\/v2\/comments?post=50541"}],"wp:featuredmedia":[{"embeddable":true,"href":"https:\/\/mod.wisdar.net\/tr\/wp-json\/wp\/v2\/media\/50532"}],"wp:attachment":[{"href":"https:\/\/mod.wisdar.net\/tr\/wp-json\/wp\/v2\/media?parent=50541"}],"wp:term":[{"taxonomy":"product_brand","embeddable":true,"href":"https:\/\/mod.wisdar.net\/tr\/wp-json\/wp\/v2\/product_brand?post=50541"},{"taxonomy":"product_cat","embeddable":true,"href":"https:\/\/mod.wisdar.net\/tr\/wp-json\/wp\/v2\/product_cat?post=50541"},{"taxonomy":"product_tag","embeddable":true,"href":"https:\/\/mod.wisdar.net\/tr\/wp-json\/wp\/v2\/product_tag?post=50541"}],"curies":[{"name":"wp","href":"https:\/\/api.w.org\/{rel}","templated":true}]}}