{"id":5062,"date":"2025-11-07T20:16:06","date_gmt":"2025-11-01T12:40:41","guid":{"rendered":"https:\/\/modesthanim.com\/product\/nehir-kahverengi-pantolon-takimi\/"},"modified":"2026-04-03T13:26:46","modified_gmt":"2026-04-03T13:26:46","slug":"nehir-kahverengi-pantolon-takimi","status":"publish","type":"product","link":"https:\/\/mod.wisdar.net\/tr\/urun\/nehir-kahverengi-pantolon-takimi\/","title":{"rendered":"Nehir Kahverengi Pantolon Tak\u0131m\u0131"},"content":{"rendered":"<p>Tak\u0131m, birinci s\u0131n\u0131f ipek cupra kuma\u015ftan yap\u0131lm\u0131\u015ft\u0131r. Tunik, arkadan fermuarl\u0131d\u0131r. Tunikte bir bro\u015f ve \u00e7\u0131kar\u0131labilir bir kemer bulunmaktad\u0131r. Pantolonun beli lastiklidir. Tunik uzunlu\u011fu 81 cm, omuz 38 cm, g\u00f6\u011f\u00fcs 51 cm. Pantolon uzunlu\u011fu 109 cm, bel 32 cm.<\/p>\n","protected":false},"excerpt":{"rendered":"<p>Tak\u0131m, birinci s\u0131n\u0131f ipek cupra kuma\u015ftan yap\u0131lm\u0131\u015ft\u0131r. Tunik, arkadan fermuarl\u0131d\u0131r. Tunikte bir bro\u015f ve \u00e7\u0131kar\u0131labilir bir kemer bulunmaktad\u0131r. Pantolonun beli lastiklidir. Tunik uzunlu\u011fu 81 cm, omuz 38 cm, g\u00f6\u011f\u00fcs 51 cm. Pantolon uzunlu\u011fu 109 cm, bel 32 cm.<\/p>\n","protected":false},"featured_media":0,"comment_status":"open","ping_status":"closed","template":"","meta":[],"product_brand":[],"product_cat":[1900],"product_tag":[7548],"class_list":{"0":"post-5062","1":"product","2":"type-product","3":"status-publish","5":"product_cat-koordinatlar-setler","6":"product_tag-mutevazi-moda","7":"pa_brand-butikkolik","8":"pa_color-aci-kahve-1","9":"pa_size-4706","10":"pa_size-4711","11":"pa_size-4713","12":"pa_size-4751","13":"pa_size-4749","15":"first","16":"outofstock","17":"shipping-taxable","18":"product-type-variable"},"_links":{"self":[{"href":"https:\/\/mod.wisdar.net\/tr\/wp-json\/wp\/v2\/product\/5062","targetHints":{"allow":["GET"]}}],"collection":[{"href":"https:\/\/mod.wisdar.net\/tr\/wp-json\/wp\/v2\/product"}],"about":[{"href":"https:\/\/mod.wisdar.net\/tr\/wp-json\/wp\/v2\/types\/product"}],"replies":[{"embeddable":true,"href":"https:\/\/mod.wisdar.net\/tr\/wp-json\/wp\/v2\/comments?post=5062"}],"wp:attachment":[{"href":"https:\/\/mod.wisdar.net\/tr\/wp-json\/wp\/v2\/media?parent=5062"}],"wp:term":[{"taxonomy":"product_brand","embeddable":true,"href":"https:\/\/mod.wisdar.net\/tr\/wp-json\/wp\/v2\/product_brand?post=5062"},{"taxonomy":"product_cat","embeddable":true,"href":"https:\/\/mod.wisdar.net\/tr\/wp-json\/wp\/v2\/product_cat?post=5062"},{"taxonomy":"product_tag","embeddable":true,"href":"https:\/\/mod.wisdar.net\/tr\/wp-json\/wp\/v2\/product_tag?post=5062"}],"curies":[{"name":"wp","href":"https:\/\/api.w.org\/{rel}","templated":true}]}}