{"id":50724,"date":"2025-12-21T17:46:25","date_gmt":"2025-12-21T17:46:25","guid":{"rendered":"https:\/\/modesthanim.com\/product\/siyah-yakasi-tas-detayli-cupra-etek-takim\/"},"modified":"2026-01-14T19:59:15","modified_gmt":"2026-01-14T19:59:15","slug":"siyah-yakasi-tas-detayli-cupra-etek-takim","status":"publish","type":"product","link":"https:\/\/mod.wisdar.net\/tr\/urun\/siyah-yakasi-tas-detayli-cupra-etek-takim\/","title":{"rendered":"Siyah Yakas\u0131 Ta\u015f Detayl\u0131 Cupra Etek Tak\u0131m"},"content":{"rendered":"<p>BAKIMI:<br \/>\n\u00dcr\u00fcn\u00fcm\u00fcz\u00fc tersinden hassas programda tek y\u0131kay\u0131n\u0131z.<br \/>\n S\u0131v\u0131 deterjanla y\u0131kamal\u0131 ve d\u00fc\u015f\u00fck devirde s\u0131kma yapmal\u0131s\u0131n\u0131z.<br \/>\n Sererek kurutmal\u0131 ve d\u00fc\u015f\u00fck s\u0131cakl\u0131kta \u00fct\u00fc yapmal\u0131s\u0131n\u0131z.<br \/>\nED\u0130T\u00d6R\u00dcN YORUMU<br \/>\n Cupra kuma\u015f yap\u0131s\u0131 itibar\u0131yla rahat hareket imk\u00e2n\u0131 sunan yakas\u0131 ta\u015f detayl\u0131 cupra ikili tak\u0131m g\u00fcn boyu konforu elden b\u0131rakmadan \u015f\u0131kl\u0131\u011f\u0131 korumak isteyenler i\u00e7in ideal bir se\u00e7imdir. \u0130kili tak\u0131m\u0131m\u0131z g\u00fcnl\u00fck ya\u015fant\u0131n\u0131zda veya \u00f6zel davetlerinizde rahatl\u0131kla kullanabilmeniz i\u00e7in tasarlanm\u0131\u015ft\u0131r. \u00dcst par\u00e7an\u0131n \u00e7i\u00e7ek ve ta\u015f detaylar\u0131 sayesinde klasik tak\u0131mlardan s\u0131yr\u0131larak fark yarat\u0131yor.<\/p>\n","protected":false},"excerpt":{"rendered":"<p>BAKIMI:<br \/>\n\u00dcr\u00fcn\u00fcm\u00fcz\u00fc tersinden hassas programda tek y\u0131kay\u0131n\u0131z.<br \/>\n S\u0131v\u0131 deterjanla y\u0131kamal\u0131 ve d\u00fc\u015f\u00fck devirde s\u0131kma yapmal\u0131s\u0131n\u0131z.<br \/>\n Sererek kurutmal\u0131 ve d\u00fc\u015f\u00fck s\u0131cakl\u0131kta \u00fct\u00fc yapmal\u0131s\u0131n\u0131z.<br \/>\nED\u0130T\u00d6R\u00dcN YORUMU<br \/>\n Cupra kuma\u015f yap\u0131s\u0131 itibar\u0131yla rahat hareket imk\u00e2n\u0131 sunan yakas\u0131 ta\u015f detayl\u0131 cupra ikili tak\u0131m g\u00fcn boyu konforu elden b\u0131rakmadan \u015f\u0131kl\u0131\u011f\u0131 korumak isteyenler i\u00e7in ideal bir se\u00e7imdir. \u0130kili tak\u0131m\u0131m\u0131z g\u00fcnl\u00fck ya\u015fant\u0131n\u0131zda veya \u00f6zel davetlerinizde rahatl\u0131kla kullanabilmeniz i\u00e7in tasarlanm\u0131\u015ft\u0131r. \u00dcst par\u00e7an\u0131n \u00e7i\u00e7ek ve ta\u015f detaylar\u0131 sayesinde klasik tak\u0131mlardan s\u0131yr\u0131larak fark yarat\u0131yor.<\/p>\n","protected":false},"featured_media":50715,"comment_status":"open","ping_status":"closed","template":"","meta":[],"product_brand":[],"product_cat":[1900],"product_tag":[],"class_list":{"0":"post-50724","1":"product","2":"type-product","3":"status-publish","4":"has-post-thumbnail","6":"product_cat-koordinatlar-setler","7":"pa_brand-levidor","8":"pa_color-siyah","9":"pa_size-4706","10":"pa_size-4711","11":"pa_size-4713","12":"pa_size-4751","14":"first","15":"instock","16":"sale","17":"shipping-taxable","18":"purchasable","19":"product-type-variable"},"_links":{"self":[{"href":"https:\/\/mod.wisdar.net\/tr\/wp-json\/wp\/v2\/product\/50724","targetHints":{"allow":["GET"]}}],"collection":[{"href":"https:\/\/mod.wisdar.net\/tr\/wp-json\/wp\/v2\/product"}],"about":[{"href":"https:\/\/mod.wisdar.net\/tr\/wp-json\/wp\/v2\/types\/product"}],"replies":[{"embeddable":true,"href":"https:\/\/mod.wisdar.net\/tr\/wp-json\/wp\/v2\/comments?post=50724"}],"wp:featuredmedia":[{"embeddable":true,"href":"https:\/\/mod.wisdar.net\/tr\/wp-json\/wp\/v2\/media\/50715"}],"wp:attachment":[{"href":"https:\/\/mod.wisdar.net\/tr\/wp-json\/wp\/v2\/media?parent=50724"}],"wp:term":[{"taxonomy":"product_brand","embeddable":true,"href":"https:\/\/mod.wisdar.net\/tr\/wp-json\/wp\/v2\/product_brand?post=50724"},{"taxonomy":"product_cat","embeddable":true,"href":"https:\/\/mod.wisdar.net\/tr\/wp-json\/wp\/v2\/product_cat?post=50724"},{"taxonomy":"product_tag","embeddable":true,"href":"https:\/\/mod.wisdar.net\/tr\/wp-json\/wp\/v2\/product_tag?post=50724"}],"curies":[{"name":"wp","href":"https:\/\/api.w.org\/{rel}","templated":true}]}}