{"id":50794,"date":"2025-12-21T17:47:05","date_gmt":"2025-12-21T17:47:05","guid":{"rendered":"https:\/\/modesthanim.com\/product\/vizon-desenli-hirkali-triko-takim\/"},"modified":"2026-01-14T19:56:30","modified_gmt":"2026-01-14T19:56:30","slug":"vizon-desenli-hirkali-triko-takim","status":"publish","type":"product","link":"https:\/\/mod.wisdar.net\/tr\/urun\/vizon-desenli-hirkali-triko-takim\/","title":{"rendered":"Vizon Desenli H\u0131rkal\u0131 Triko Tak\u0131m"},"content":{"rendered":"<p>BAKIMI:<br \/>\n\u00dcr\u00fcn\u00fcm\u00fcz\u00fc tersinden hassas programda tek y\u0131kay\u0131n\u0131z.<br \/>\n S\u0131v\u0131 deterjanla y\u0131kamal\u0131 ve d\u00fc\u015f\u00fck devirde s\u0131kma yapmal\u0131s\u0131n\u0131z.<br \/>\n Sererek kurutmal\u0131 ve d\u00fc\u015f\u00fck s\u0131cakl\u0131kta \u00fct\u00fc yapmal\u0131s\u0131n\u0131z.<br \/>\nED\u0130T\u00d6R\u00dcN YORUMU<br \/>\n Zarafeti ve konforu bir arada sunan desenli h\u0131rkal\u0131 triko tak\u0131m modelimiz farkl\u0131 renkleriyle be\u011feninize sunuluyor. Twill e\u015farp ile kombinlendi\u011finde her ortamda dikkatleri \u00fczerine topluyor. Zevk sahibi bayanlar\u0131n gard\u0131roplar\u0131nda olmazsa olmaz par\u00e7alar\u0131ndan olan modellerimiz nefes alan kuma\u015f yap\u0131s\u0131yla g\u00fcn boyu rahat hareket imk\u00e2n\u0131 sa\u011fl\u0131yor.<\/p>\n","protected":false},"excerpt":{"rendered":"<p>BAKIMI:<br \/>\n\u00dcr\u00fcn\u00fcm\u00fcz\u00fc tersinden hassas programda tek y\u0131kay\u0131n\u0131z.<br \/>\n S\u0131v\u0131 deterjanla y\u0131kamal\u0131 ve d\u00fc\u015f\u00fck devirde s\u0131kma yapmal\u0131s\u0131n\u0131z.<br \/>\n Sererek kurutmal\u0131 ve d\u00fc\u015f\u00fck s\u0131cakl\u0131kta \u00fct\u00fc yapmal\u0131s\u0131n\u0131z.<br \/>\nED\u0130T\u00d6R\u00dcN YORUMU<br \/>\n Zarafeti ve konforu bir arada sunan desenli h\u0131rkal\u0131 triko tak\u0131m modelimiz farkl\u0131 renkleriyle be\u011feninize sunuluyor. Twill e\u015farp ile kombinlendi\u011finde her ortamda dikkatleri \u00fczerine topluyor. Zevk sahibi bayanlar\u0131n gard\u0131roplar\u0131nda olmazsa olmaz par\u00e7alar\u0131ndan olan modellerimiz nefes alan kuma\u015f yap\u0131s\u0131yla g\u00fcn boyu rahat hareket imk\u00e2n\u0131 sa\u011fl\u0131yor.<\/p>\n","protected":false},"featured_media":50788,"comment_status":"open","ping_status":"closed","template":"","meta":[],"product_brand":[],"product_cat":[1900],"product_tag":[5012,7308,6751],"class_list":{"0":"post-50794","1":"product","2":"type-product","3":"status-publish","4":"has-post-thumbnail","6":"product_cat-koordinatlar-setler","7":"product_tag-elegant","8":"product_tag-hirka","9":"product_tag-rahat","10":"pa_brand-levidor","11":"pa_color-vizon","12":"pa_size-4706","13":"pa_size-4711","14":"pa_size-4713","15":"pa_size-4751","17":"first","18":"instock","19":"sale","20":"shipping-taxable","21":"purchasable","22":"product-type-variable"},"_links":{"self":[{"href":"https:\/\/mod.wisdar.net\/tr\/wp-json\/wp\/v2\/product\/50794","targetHints":{"allow":["GET"]}}],"collection":[{"href":"https:\/\/mod.wisdar.net\/tr\/wp-json\/wp\/v2\/product"}],"about":[{"href":"https:\/\/mod.wisdar.net\/tr\/wp-json\/wp\/v2\/types\/product"}],"replies":[{"embeddable":true,"href":"https:\/\/mod.wisdar.net\/tr\/wp-json\/wp\/v2\/comments?post=50794"}],"wp:featuredmedia":[{"embeddable":true,"href":"https:\/\/mod.wisdar.net\/tr\/wp-json\/wp\/v2\/media\/50788"}],"wp:attachment":[{"href":"https:\/\/mod.wisdar.net\/tr\/wp-json\/wp\/v2\/media?parent=50794"}],"wp:term":[{"taxonomy":"product_brand","embeddable":true,"href":"https:\/\/mod.wisdar.net\/tr\/wp-json\/wp\/v2\/product_brand?post=50794"},{"taxonomy":"product_cat","embeddable":true,"href":"https:\/\/mod.wisdar.net\/tr\/wp-json\/wp\/v2\/product_cat?post=50794"},{"taxonomy":"product_tag","embeddable":true,"href":"https:\/\/mod.wisdar.net\/tr\/wp-json\/wp\/v2\/product_tag?post=50794"}],"curies":[{"name":"wp","href":"https:\/\/api.w.org\/{rel}","templated":true}]}}