{"id":50945,"date":"2025-12-21T17:48:20","date_gmt":"2025-12-21T17:48:20","guid":{"rendered":"https:\/\/modesthanim.com\/product\/siyah-yakasi-tasli-cupra-ikili-takim\/"},"modified":"2025-12-28T03:37:39","modified_gmt":"2025-12-28T03:37:39","slug":"siyah-yakasi-tasli-cupra-ikili-takim","status":"publish","type":"product","link":"https:\/\/mod.wisdar.net\/tr\/urun\/siyah-yakasi-tasli-cupra-ikili-takim\/","title":{"rendered":"Siyah Yakas\u0131 Ta\u015fl\u0131 Cupra \u0130kili Tak\u0131m"},"content":{"rendered":"<p>BAKIMI:<br \/>\n\u00dcr\u00fcn\u00fcm\u00fcz\u00fc tersinden hassas programda tek y\u0131kay\u0131n\u0131z.<br \/>\n S\u0131v\u0131 deterjanla y\u0131kamal\u0131 ve d\u00fc\u015f\u00fck devirde s\u0131kma yapmal\u0131s\u0131n\u0131z.<br \/>\n Sererek kurutmal\u0131 ve d\u00fc\u015f\u00fck s\u0131cakl\u0131kta \u00fct\u00fc yapmal\u0131s\u0131n\u0131z.<br \/>\nED\u0130T\u00d6R\u00dcN YORUMU<br \/>\n Yeni sezonun dikkat \u00e7eken par\u00e7alar\u0131ndan biri olan yakas\u0131 ta\u015fl\u0131 cupra ikili tak\u0131m hem ta\u015f i\u015fleme yaka hem de ba\u011fc\u0131kl\u0131 bel ba\u011flama detay\u0131yla stil sahibi kad\u0131nlar\u0131n g\u00f6zdesi olmaya aday. Tak\u0131m\u0131n \u00fcst par\u00e7as\u0131 d\u00f6k\u00fcml\u00fc yap\u0131s\u0131 ve zarif formu sayesinde v\u00fccuda tam otururken alt par\u00e7as\u0131 ise hareket \u00f6zg\u00fcrl\u00fc\u011f\u00fc sa\u011flayan kesimiyle g\u00fcn boyu rahatl\u0131k sunar. Nefes alan kuma\u015f yap\u0131s\u0131 ile yaz aylar\u0131nda terletmeden kullanabilece\u011finiz bu tak\u0131m hem \u015f\u0131kl\u0131\u011f\u0131 hem fonksiyonelli\u011fi bir araya getiriyor. Bu \u00f6zel tak\u0131m\u0131 sade sandaletler veya topuklu terliklerle tamamlayarak yaz ak\u015famlar\u0131nda zarif bir g\u00f6r\u00fcn\u00fcm elde edebilirsiniz. Minimal tak\u0131larla stilinizi destekleyebilir geni\u015f has\u0131r \u00e7anta ile bohem bir hava katabilirsiniz.<\/p>\n","protected":false},"excerpt":{"rendered":"<p>BAKIMI:<br \/>\n\u00dcr\u00fcn\u00fcm\u00fcz\u00fc tersinden hassas programda tek y\u0131kay\u0131n\u0131z.<br \/>\n S\u0131v\u0131 deterjanla y\u0131kamal\u0131 ve d\u00fc\u015f\u00fck devirde s\u0131kma yapmal\u0131s\u0131n\u0131z.<br \/>\n Sererek kurutmal\u0131 ve d\u00fc\u015f\u00fck s\u0131cakl\u0131kta \u00fct\u00fc yapmal\u0131s\u0131n\u0131z.<br \/>\nED\u0130T\u00d6R\u00dcN YORUMU<br \/>\n Yeni sezonun dikkat \u00e7eken par\u00e7alar\u0131ndan biri olan yakas\u0131 ta\u015fl\u0131 cupra ikili tak\u0131m hem ta\u015f i\u015fleme yaka hem de ba\u011fc\u0131kl\u0131 bel ba\u011flama detay\u0131yla stil sahibi kad\u0131nlar\u0131n g\u00f6zdesi olmaya aday. Tak\u0131m\u0131n \u00fcst par\u00e7as\u0131 d\u00f6k\u00fcml\u00fc yap\u0131s\u0131 ve zarif formu sayesinde v\u00fccuda tam otururken alt par\u00e7as\u0131 ise hareket \u00f6zg\u00fcrl\u00fc\u011f\u00fc sa\u011flayan kesimiyle g\u00fcn boyu rahatl\u0131k sunar. Nefes alan kuma\u015f yap\u0131s\u0131 ile yaz aylar\u0131nda terletmeden kullanabilece\u011finiz bu tak\u0131m hem \u015f\u0131kl\u0131\u011f\u0131 hem fonksiyonelli\u011fi bir araya getiriyor. Bu \u00f6zel tak\u0131m\u0131 sade sandaletler veya topuklu terliklerle tamamlayarak yaz ak\u015famlar\u0131nda zarif bir g\u00f6r\u00fcn\u00fcm elde edebilirsiniz. Minimal tak\u0131larla stilinizi destekleyebilir geni\u015f has\u0131r \u00e7anta ile bohem bir hava katabilirsiniz.<\/p>\n","protected":false},"featured_media":50937,"comment_status":"open","ping_status":"closed","template":"","meta":[],"product_brand":[],"product_cat":[1900],"product_tag":[5012],"class_list":{"0":"post-50945","1":"product","2":"type-product","3":"status-publish","4":"has-post-thumbnail","6":"product_cat-koordinatlar-setler","7":"product_tag-elegant","8":"pa_brand-levidor","9":"pa_color-siyah","10":"pa_size-4706","11":"pa_size-4711","12":"pa_size-4713","13":"pa_size-4751","15":"first","16":"instock","17":"sale","18":"shipping-taxable","19":"purchasable","20":"product-type-variable"},"_links":{"self":[{"href":"https:\/\/mod.wisdar.net\/tr\/wp-json\/wp\/v2\/product\/50945","targetHints":{"allow":["GET"]}}],"collection":[{"href":"https:\/\/mod.wisdar.net\/tr\/wp-json\/wp\/v2\/product"}],"about":[{"href":"https:\/\/mod.wisdar.net\/tr\/wp-json\/wp\/v2\/types\/product"}],"replies":[{"embeddable":true,"href":"https:\/\/mod.wisdar.net\/tr\/wp-json\/wp\/v2\/comments?post=50945"}],"wp:featuredmedia":[{"embeddable":true,"href":"https:\/\/mod.wisdar.net\/tr\/wp-json\/wp\/v2\/media\/50937"}],"wp:attachment":[{"href":"https:\/\/mod.wisdar.net\/tr\/wp-json\/wp\/v2\/media?parent=50945"}],"wp:term":[{"taxonomy":"product_brand","embeddable":true,"href":"https:\/\/mod.wisdar.net\/tr\/wp-json\/wp\/v2\/product_brand?post=50945"},{"taxonomy":"product_cat","embeddable":true,"href":"https:\/\/mod.wisdar.net\/tr\/wp-json\/wp\/v2\/product_cat?post=50945"},{"taxonomy":"product_tag","embeddable":true,"href":"https:\/\/mod.wisdar.net\/tr\/wp-json\/wp\/v2\/product_tag?post=50945"}],"curies":[{"name":"wp","href":"https:\/\/api.w.org\/{rel}","templated":true}]}}