{"id":50960,"date":"2025-12-21T17:48:20","date_gmt":"2025-12-21T17:48:20","guid":{"rendered":"https:\/\/modesthanim.com\/product\/siyah-sifon-pileli-gomlek-ikili-takim\/"},"modified":"2026-04-03T04:42:28","modified_gmt":"2026-04-03T04:42:28","slug":"siyah-sifon-pileli-gomlek-ikili-takim","status":"publish","type":"product","link":"https:\/\/mod.wisdar.net\/tr\/urun\/siyah-sifon-pileli-gomlek-ikili-takim\/","title":{"rendered":"Siyah \u015eifon Pileli G\u00f6mlek \u0130kili Tak\u0131m"},"content":{"rendered":"<p>BAKIMI:<br \/>\n\u00dcr\u00fcn\u00fcm\u00fcz\u00fc tersinden hassas programda tek y\u0131kay\u0131n\u0131z.<br \/>\n S\u0131v\u0131 deterjanla y\u0131kamal\u0131 ve d\u00fc\u015f\u00fck devirde s\u0131kma yapmal\u0131s\u0131n\u0131z.<br \/>\n Sererek kurutmal\u0131 ve d\u00fc\u015f\u00fck s\u0131cakl\u0131kta \u00fct\u00fc yapmal\u0131s\u0131n\u0131z.<br \/>\nED\u0130T\u00d6R\u00dcN YORUMU:<br \/>\n Sezonun en be\u011fenilen pantolon tak\u0131mlar\u0131 aras\u0131nda yer alan \u015fifon pileli g\u00f6mlek ikili tak\u0131m tarz\u0131na \u00f6zen g\u00f6steren kad\u0131nlar\u0131n favorisi oluyor. \u015eifon kuma\u015f\u0131yla romantik bir g\u00f6r\u00fcn\u00fcm sunarken pilise detay\u0131yla modern ve enerjik bir stil yarat\u0131yor. Dilerseniz tak\u0131m\u0131n par\u00e7alar\u0131 ile ayr\u0131 ayr\u0131 farkl\u0131 kombinler olu\u015fturabilirsiniz. Yeni \u015fal modelleri ile kombinlendi\u011finde g\u00fcn boyu rahatl\u0131k sunarken k\u0131r\u0131\u015fmaya kar\u015f\u0131 dayan\u0131kl\u0131 yap\u0131s\u0131yla formunu koruyor.<\/p>\n<p>\u2014 Technical Details \u2014<br \/>\nKuma\u015f: \u015eifon<br \/>\nDesen: D\u00fcz<br \/>\nManken \u00d6l\u00e7\u00fcs\u00fc: Boy: 176 cm,Gog\u00fcs: 94 cm,Bel: 75 cm,Basen: 107 cm,Kol Boyu: 61 cm<br \/>\nKapama Tarz\u0131: D\u00fc\u011fmeli<br \/>\nYaka Tipi: G\u00f6mlek Yaka<\/p>\n","protected":false},"excerpt":{"rendered":"<p>BAKIMI:<br \/>\n\u00dcr\u00fcn\u00fcm\u00fcz\u00fc tersinden hassas programda tek y\u0131kay\u0131n\u0131z.<br \/>\n S\u0131v\u0131 deterjanla y\u0131kamal\u0131 ve d\u00fc\u015f\u00fck devirde s\u0131kma yapmal\u0131s\u0131n\u0131z.<br \/>\n Sererek kurutmal\u0131 ve d\u00fc\u015f\u00fck s\u0131cakl\u0131kta \u00fct\u00fc yapmal\u0131s\u0131n\u0131z.<br \/>\nED\u0130T\u00d6R\u00dcN YORUMU:<br \/>\n Sezonun en be\u011fenilen pantolon tak\u0131mlar\u0131 aras\u0131nda yer alan \u015fifon pileli g\u00f6mlek ikili tak\u0131m tarz\u0131na \u00f6zen g\u00f6steren kad\u0131nlar\u0131n favorisi oluyor. \u015eifon kuma\u015f\u0131yla romantik bir g\u00f6r\u00fcn\u00fcm sunarken pilise detay\u0131yla modern ve enerjik bir stil yarat\u0131yor. Dilerseniz tak\u0131m\u0131n par\u00e7alar\u0131 ile ayr\u0131 ayr\u0131 farkl\u0131 kombinler olu\u015fturabilirsiniz. Yeni \u015fal modelleri ile kombinlendi\u011finde g\u00fcn boyu rahatl\u0131k sunarken k\u0131r\u0131\u015fmaya kar\u015f\u0131 dayan\u0131kl\u0131 yap\u0131s\u0131yla formunu koruyor.<\/p>\n<p>\u2014 Technical Details \u2014<br \/>\nKuma\u015f: \u015eifon<br \/>\nDesen: D\u00fcz<br \/>\nManken \u00d6l\u00e7\u00fcs\u00fc: Boy: 176 cm,Gog\u00fcs: 94 cm,Bel: 75 cm,Basen: 107 cm,Kol Boyu: 61 cm<br \/>\nKapama Tarz\u0131: D\u00fc\u011fmeli<br \/>\nYaka Tipi: G\u00f6mlek Yaka<\/p>\n","protected":false},"featured_media":50940,"comment_status":"open","ping_status":"closed","template":"","meta":[],"product_brand":[],"product_cat":[1900],"product_tag":[5012,6744,5013,6747,6928,6924],"class_list":{"0":"post-50960","1":"product","2":"type-product","3":"status-publish","4":"has-post-thumbnail","6":"product_cat-koordinatlar-setler","7":"product_tag-elegant","8":"product_tag-kadin-modasi","9":"product_tag-modern","10":"product_tag-pile-detayli","11":"product_tag-romantik","12":"product_tag-sifon","13":"pa_brand-levidor","14":"pa_color-siyah","15":"pa_size-4706","16":"pa_size-4711","17":"pa_size-4713","18":"pa_size-4751","20":"first","21":"instock","22":"sale","23":"shipping-taxable","24":"purchasable","25":"product-type-variable"},"_links":{"self":[{"href":"https:\/\/mod.wisdar.net\/tr\/wp-json\/wp\/v2\/product\/50960","targetHints":{"allow":["GET"]}}],"collection":[{"href":"https:\/\/mod.wisdar.net\/tr\/wp-json\/wp\/v2\/product"}],"about":[{"href":"https:\/\/mod.wisdar.net\/tr\/wp-json\/wp\/v2\/types\/product"}],"replies":[{"embeddable":true,"href":"https:\/\/mod.wisdar.net\/tr\/wp-json\/wp\/v2\/comments?post=50960"}],"wp:featuredmedia":[{"embeddable":true,"href":"https:\/\/mod.wisdar.net\/tr\/wp-json\/wp\/v2\/media\/50940"}],"wp:attachment":[{"href":"https:\/\/mod.wisdar.net\/tr\/wp-json\/wp\/v2\/media?parent=50960"}],"wp:term":[{"taxonomy":"product_brand","embeddable":true,"href":"https:\/\/mod.wisdar.net\/tr\/wp-json\/wp\/v2\/product_brand?post=50960"},{"taxonomy":"product_cat","embeddable":true,"href":"https:\/\/mod.wisdar.net\/tr\/wp-json\/wp\/v2\/product_cat?post=50960"},{"taxonomy":"product_tag","embeddable":true,"href":"https:\/\/mod.wisdar.net\/tr\/wp-json\/wp\/v2\/product_tag?post=50960"}],"curies":[{"name":"wp","href":"https:\/\/api.w.org\/{rel}","templated":true}]}}