{"id":51041,"date":"2025-12-21T17:49:08","date_gmt":"2025-12-21T17:49:08","guid":{"rendered":"https:\/\/modesthanim.com\/product\/aci-kahve-yelekli-ikili-takim\/"},"modified":"2026-04-02T21:05:07","modified_gmt":"2026-04-02T21:05:07","slug":"aci-kahve-yelekli-ikili-takim","status":"publish","type":"product","link":"https:\/\/mod.wisdar.net\/tr\/urun\/aci-kahve-yelekli-ikili-takim\/","title":{"rendered":"Ac\u0131 Kahve Yelekli \u0130kili Tak\u0131m"},"content":{"rendered":"<p>BAKIMI:<br \/>\n\u00dcr\u00fcn\u00fcm\u00fcz\u00fc tersinden hassas programda tek y\u0131kay\u0131n\u0131z.<br \/>\n S\u0131v\u0131 deterjanla y\u0131kamal\u0131 ve d\u00fc\u015f\u00fck devirde s\u0131kma yapmal\u0131s\u0131n\u0131z.<br \/>\n Sererek kurutmal\u0131 ve d\u00fc\u015f\u00fck s\u0131cakl\u0131kta \u00fct\u00fc yapmal\u0131s\u0131n\u0131z.ED\u0130T\u00d6R\u00dcN YORUMU<br \/>\n Zarif detay\u0131yla g\u00f6z kama\u015ft\u0131ran yelekli ikili tak\u0131m \u00f6zel davetlerden g\u00fcnl\u00fck \u015f\u0131kl\u0131\u011fa kadar pek \u00e7ok alanda kullan\u0131labilecek \u00e7ok y\u00f6nl\u00fc bir se\u00e7enektir. Hem zarif g\u00f6r\u00fcnmek hem de rahat hissetmek isteyen bayanlar i\u00e7in ideal bir tercihtir. Detaylardaki \u00f6zen tasar\u0131m\u0131 ve sofistike duru\u015fuyla her ortamda zarif olmak isteyenler i\u00e7in ideal bir se\u00e7enek halini al\u0131yor. G\u00fcnd\u00fczden geceye kolayca uyarlanabilen bu yelekli tak\u0131m dolab\u0131n\u0131z\u0131n kurtar\u0131c\u0131 par\u00e7as\u0131 oluyor.<\/p>\n","protected":false},"excerpt":{"rendered":"<p>BAKIMI:<br \/>\n\u00dcr\u00fcn\u00fcm\u00fcz\u00fc tersinden hassas programda tek y\u0131kay\u0131n\u0131z.<br \/>\n S\u0131v\u0131 deterjanla y\u0131kamal\u0131 ve d\u00fc\u015f\u00fck devirde s\u0131kma yapmal\u0131s\u0131n\u0131z.<br \/>\n Sererek kurutmal\u0131 ve d\u00fc\u015f\u00fck s\u0131cakl\u0131kta \u00fct\u00fc yapmal\u0131s\u0131n\u0131z.ED\u0130T\u00d6R\u00dcN YORUMU<br \/>\n Zarif detay\u0131yla g\u00f6z kama\u015ft\u0131ran yelekli ikili tak\u0131m \u00f6zel davetlerden g\u00fcnl\u00fck \u015f\u0131kl\u0131\u011fa kadar pek \u00e7ok alanda kullan\u0131labilecek \u00e7ok y\u00f6nl\u00fc bir se\u00e7enektir. Hem zarif g\u00f6r\u00fcnmek hem de rahat hissetmek isteyen bayanlar i\u00e7in ideal bir tercihtir. Detaylardaki \u00f6zen tasar\u0131m\u0131 ve sofistike duru\u015fuyla her ortamda zarif olmak isteyenler i\u00e7in ideal bir se\u00e7enek halini al\u0131yor. G\u00fcnd\u00fczden geceye kolayca uyarlanabilen bu yelekli tak\u0131m dolab\u0131n\u0131z\u0131n kurtar\u0131c\u0131 par\u00e7as\u0131 oluyor.<\/p>\n","protected":false},"featured_media":51028,"comment_status":"open","ping_status":"closed","template":"","meta":[],"product_brand":[],"product_cat":[1900],"product_tag":[6744,7225],"class_list":{"0":"post-51041","1":"product","2":"type-product","3":"status-publish","4":"has-post-thumbnail","6":"product_cat-koordinatlar-setler","7":"product_tag-kadin-modasi","8":"product_tag-kahve-kahverengi","9":"pa_brand-levidor","10":"pa_color-aci-kahve-1","11":"pa_size-4706","12":"pa_size-4711","13":"pa_size-4713","14":"pa_size-4751","16":"first","17":"outofstock","18":"shipping-taxable","19":"product-type-variable"},"_links":{"self":[{"href":"https:\/\/mod.wisdar.net\/tr\/wp-json\/wp\/v2\/product\/51041","targetHints":{"allow":["GET"]}}],"collection":[{"href":"https:\/\/mod.wisdar.net\/tr\/wp-json\/wp\/v2\/product"}],"about":[{"href":"https:\/\/mod.wisdar.net\/tr\/wp-json\/wp\/v2\/types\/product"}],"replies":[{"embeddable":true,"href":"https:\/\/mod.wisdar.net\/tr\/wp-json\/wp\/v2\/comments?post=51041"}],"wp:featuredmedia":[{"embeddable":true,"href":"https:\/\/mod.wisdar.net\/tr\/wp-json\/wp\/v2\/media\/51028"}],"wp:attachment":[{"href":"https:\/\/mod.wisdar.net\/tr\/wp-json\/wp\/v2\/media?parent=51041"}],"wp:term":[{"taxonomy":"product_brand","embeddable":true,"href":"https:\/\/mod.wisdar.net\/tr\/wp-json\/wp\/v2\/product_brand?post=51041"},{"taxonomy":"product_cat","embeddable":true,"href":"https:\/\/mod.wisdar.net\/tr\/wp-json\/wp\/v2\/product_cat?post=51041"},{"taxonomy":"product_tag","embeddable":true,"href":"https:\/\/mod.wisdar.net\/tr\/wp-json\/wp\/v2\/product_tag?post=51041"}],"curies":[{"name":"wp","href":"https:\/\/api.w.org\/{rel}","templated":true}]}}