{"id":51112,"date":"2025-12-21T17:49:45","date_gmt":"2025-12-21T17:49:45","guid":{"rendered":"https:\/\/modesthanim.com\/product\/siyah-belden-baglamali-cizgili-pantolonlu-takim\/"},"modified":"2026-04-15T21:10:48","modified_gmt":"2026-04-15T21:10:48","slug":"siyah-belden-baglamali-cizgili-pantolonlu-takim","status":"publish","type":"product","link":"https:\/\/mod.wisdar.net\/tr\/urun\/siyah-belden-baglamali-cizgili-pantolonlu-takim\/","title":{"rendered":"Siyah Belden Ba\u011flamal\u0131 \u00c7izgili Pantolonlu Tak\u0131m"},"content":{"rendered":"<p>BAKIMI:<br \/>\n\u00dcr\u00fcn\u00fcm\u00fcz\u00fc tersinden hassas programda tek y\u0131kay\u0131n\u0131z.<br \/>\n S\u0131v\u0131 deterjanla y\u0131kamal\u0131 ve d\u00fc\u015f\u00fck devirde s\u0131kma yapmal\u0131s\u0131n\u0131z.<br \/>\n Sererek kurutmal\u0131 ve d\u00fc\u015f\u00fck s\u0131cakl\u0131kta \u00fct\u00fc yapmal\u0131s\u0131n\u0131z.<br \/>\nED\u0130T\u00d6R\u00dcN YORUMU<br \/>\n \u00d6zel tasar\u0131m\u0131 g\u00f6z al\u0131c\u0131 detaylar\u0131 ile \u00f6ne \u00e7\u0131kan bel ba\u011flama detayl\u0131 Belden Ba\u011flamal\u0131 \u00c7izgili Pantolonlu Tak\u0131m g\u00fcnl\u00fck kombinlerden \u00f6zel davetlere kadar bir\u00e7ok ortamda \u015f\u0131kl\u0131\u011f\u0131n\u0131z\u0131 tamaml\u0131yor. Kuma\u015f\u0131n dokusu ve yumu\u015fak hissi konforu \u00fcst seviyeye ta\u015f\u0131rken; ba\u011flama detaylar\u0131 tak\u0131ma sofistike bir g\u00f6r\u00fcn\u00fcm kazand\u0131r\u0131yor. Tesett\u00fcr ikili tak\u0131m g\u00fcn boyu rahatl\u0131k sunarken k\u0131r\u0131\u015fmaya kar\u015f\u0131 dayan\u0131kl\u0131 yap\u0131s\u0131yla formunu koruyor.<\/p>\n<p>\u2014 Technical Details \u2014<br \/>\nKuma\u015f: Coolmax<br \/>\nDesen: D\u00fcz<br \/>\nManken \u00d6l\u00e7\u00fcs\u00fc: Boy: 176 cm,Gog\u00fcs: 94 cm,Bel: 75 cm,Basen: 107 cm,Kol Boyu: 61 cm<br \/>\nKapama Tarz\u0131: D\u00fc\u011fmeli<br \/>\nAstar Durumu: Astarl\u0131<br \/>\nCep Tipi: Cepli<br \/>\n\u00dcr\u00fcn Detay\u0131: Vatkal\u0131<br \/>\nKemer\/Ku\u015fak Durumu: Ba\u011fc\u0131kl\u0131<br \/>\nYaka Tipi: Ceket Yaka<\/p>\n","protected":false},"excerpt":{"rendered":"<p>BAKIMI:<br \/>\n\u00dcr\u00fcn\u00fcm\u00fcz\u00fc tersinden hassas programda tek y\u0131kay\u0131n\u0131z.<br \/>\n S\u0131v\u0131 deterjanla y\u0131kamal\u0131 ve d\u00fc\u015f\u00fck devirde s\u0131kma yapmal\u0131s\u0131n\u0131z.<br \/>\n Sererek kurutmal\u0131 ve d\u00fc\u015f\u00fck s\u0131cakl\u0131kta \u00fct\u00fc yapmal\u0131s\u0131n\u0131z.<br \/>\nED\u0130T\u00d6R\u00dcN YORUMU<br \/>\n \u00d6zel tasar\u0131m\u0131 g\u00f6z al\u0131c\u0131 detaylar\u0131 ile \u00f6ne \u00e7\u0131kan bel ba\u011flama detayl\u0131 Belden Ba\u011flamal\u0131 \u00c7izgili Pantolonlu Tak\u0131m g\u00fcnl\u00fck kombinlerden \u00f6zel davetlere kadar bir\u00e7ok ortamda \u015f\u0131kl\u0131\u011f\u0131n\u0131z\u0131 tamaml\u0131yor. Kuma\u015f\u0131n dokusu ve yumu\u015fak hissi konforu \u00fcst seviyeye ta\u015f\u0131rken; ba\u011flama detaylar\u0131 tak\u0131ma sofistike bir g\u00f6r\u00fcn\u00fcm kazand\u0131r\u0131yor. Tesett\u00fcr ikili tak\u0131m g\u00fcn boyu rahatl\u0131k sunarken k\u0131r\u0131\u015fmaya kar\u015f\u0131 dayan\u0131kl\u0131 yap\u0131s\u0131yla formunu koruyor.<\/p>\n<p>\u2014 Technical Details \u2014<br \/>\nKuma\u015f: Coolmax<br \/>\nDesen: D\u00fcz<br \/>\nManken \u00d6l\u00e7\u00fcs\u00fc: Boy: 176 cm,Gog\u00fcs: 94 cm,Bel: 75 cm,Basen: 107 cm,Kol Boyu: 61 cm<br \/>\nKapama Tarz\u0131: D\u00fc\u011fmeli<br \/>\nAstar Durumu: Astarl\u0131<br \/>\nCep Tipi: Cepli<br \/>\n\u00dcr\u00fcn Detay\u0131: Vatkal\u0131<br \/>\nKemer\/Ku\u015fak Durumu: Ba\u011fc\u0131kl\u0131<br \/>\nYaka Tipi: Ceket Yaka<\/p>\n","protected":false},"featured_media":51100,"comment_status":"open","ping_status":"closed","template":"","meta":[],"product_brand":[],"product_cat":[1900],"product_tag":[7912,7419,7803],"class_list":{"0":"post-51112","1":"product","2":"type-product","3":"status-publish","4":"has-post-thumbnail","6":"product_cat-koordinatlar-setler","7":"product_tag-cizgili","8":"product_tag-gunluk","9":"product_tag-tesettur-giyim","10":"pa_brand-levidor","11":"pa_color-siyah","12":"pa_size-4706","13":"pa_size-4711","14":"pa_size-4713","15":"pa_size-4751","17":"first","18":"outofstock","19":"shipping-taxable","20":"product-type-variable"},"_links":{"self":[{"href":"https:\/\/mod.wisdar.net\/tr\/wp-json\/wp\/v2\/product\/51112","targetHints":{"allow":["GET"]}}],"collection":[{"href":"https:\/\/mod.wisdar.net\/tr\/wp-json\/wp\/v2\/product"}],"about":[{"href":"https:\/\/mod.wisdar.net\/tr\/wp-json\/wp\/v2\/types\/product"}],"replies":[{"embeddable":true,"href":"https:\/\/mod.wisdar.net\/tr\/wp-json\/wp\/v2\/comments?post=51112"}],"wp:featuredmedia":[{"embeddable":true,"href":"https:\/\/mod.wisdar.net\/tr\/wp-json\/wp\/v2\/media\/51100"}],"wp:attachment":[{"href":"https:\/\/mod.wisdar.net\/tr\/wp-json\/wp\/v2\/media?parent=51112"}],"wp:term":[{"taxonomy":"product_brand","embeddable":true,"href":"https:\/\/mod.wisdar.net\/tr\/wp-json\/wp\/v2\/product_brand?post=51112"},{"taxonomy":"product_cat","embeddable":true,"href":"https:\/\/mod.wisdar.net\/tr\/wp-json\/wp\/v2\/product_cat?post=51112"},{"taxonomy":"product_tag","embeddable":true,"href":"https:\/\/mod.wisdar.net\/tr\/wp-json\/wp\/v2\/product_tag?post=51112"}],"curies":[{"name":"wp","href":"https:\/\/api.w.org\/{rel}","templated":true}]}}