{"id":5141,"date":"2025-11-07T20:16:06","date_gmt":"2025-11-01T12:41:50","guid":{"rendered":"https:\/\/modesthanim.com\/product\/esra-pantolon-takimi-erik-rengi\/"},"modified":"2026-04-03T13:26:32","modified_gmt":"2026-04-03T13:26:32","slug":"esra-pantolon-takimi-erik-rengi","status":"publish","type":"product","link":"https:\/\/mod.wisdar.net\/tr\/urun\/esra-pantolon-takimi-erik-rengi\/","title":{"rendered":"Esra Pantolon Tak\u0131m\u0131, Erik Rengi"},"content":{"rendered":"<p>Tak\u0131m, premium Tencel kuma\u015ftan yap\u0131lm\u0131\u015ft\u0131r. Pan\u00e7o, d\u00fc\u011fmeli ve tam boydur. Pan\u00e7onun yarasa kollar\u0131 vard\u0131r. Pan\u00e7onun arkas\u0131 daha uzundur. Pantolonun cepleri bulunmaktad\u0131r. Pan\u00e7onun \u00f6n uzunlu\u011fu: 50cm, arka uzunlu\u011fu: 87cm. Pantolonun uzunlu\u011fu: 107cm, beli: 37cm.<\/p>\n","protected":false},"excerpt":{"rendered":"<p>Tak\u0131m, premium Tencel kuma\u015ftan yap\u0131lm\u0131\u015ft\u0131r. Pan\u00e7o, d\u00fc\u011fmeli ve tam boydur. Pan\u00e7onun yarasa kollar\u0131 vard\u0131r. Pan\u00e7onun arkas\u0131 daha uzundur. Pantolonun cepleri bulunmaktad\u0131r. Pan\u00e7onun \u00f6n uzunlu\u011fu: 50cm, arka uzunlu\u011fu: 87cm. Pantolonun uzunlu\u011fu: 107cm, beli: 37cm.<\/p>\n","protected":false},"featured_media":5123,"comment_status":"open","ping_status":"closed","template":"","meta":[],"product_brand":[],"product_cat":[1900],"product_tag":[7548],"class_list":{"0":"post-5141","1":"product","2":"type-product","3":"status-publish","4":"has-post-thumbnail","6":"product_cat-koordinatlar-setler","7":"product_tag-mutevazi-moda","8":"pa_brand-butikkolik","9":"pa_color-murdum","10":"pa_size-4701","11":"pa_size-4706","12":"pa_size-4711","13":"pa_size-4713","14":"pa_size-4751","16":"first","17":"outofstock","18":"shipping-taxable","19":"product-type-variable"},"_links":{"self":[{"href":"https:\/\/mod.wisdar.net\/tr\/wp-json\/wp\/v2\/product\/5141","targetHints":{"allow":["GET"]}}],"collection":[{"href":"https:\/\/mod.wisdar.net\/tr\/wp-json\/wp\/v2\/product"}],"about":[{"href":"https:\/\/mod.wisdar.net\/tr\/wp-json\/wp\/v2\/types\/product"}],"replies":[{"embeddable":true,"href":"https:\/\/mod.wisdar.net\/tr\/wp-json\/wp\/v2\/comments?post=5141"}],"wp:featuredmedia":[{"embeddable":true,"href":"https:\/\/mod.wisdar.net\/tr\/wp-json\/wp\/v2\/media\/5123"}],"wp:attachment":[{"href":"https:\/\/mod.wisdar.net\/tr\/wp-json\/wp\/v2\/media?parent=5141"}],"wp:term":[{"taxonomy":"product_brand","embeddable":true,"href":"https:\/\/mod.wisdar.net\/tr\/wp-json\/wp\/v2\/product_brand?post=5141"},{"taxonomy":"product_cat","embeddable":true,"href":"https:\/\/mod.wisdar.net\/tr\/wp-json\/wp\/v2\/product_cat?post=5141"},{"taxonomy":"product_tag","embeddable":true,"href":"https:\/\/mod.wisdar.net\/tr\/wp-json\/wp\/v2\/product_tag?post=5141"}],"curies":[{"name":"wp","href":"https:\/\/api.w.org\/{rel}","templated":true}]}}