{"id":53169,"date":"2025-12-28T00:58:13","date_gmt":"2025-12-28T00:58:13","guid":{"rendered":"https:\/\/modesthanim.com\/product\/orgu-kemerli-desenli-sifon-elbise-turuncu\/"},"modified":"2026-02-18T21:52:46","modified_gmt":"2026-02-18T21:52:46","slug":"orgu-kemerli-desenli-sifon-elbise-turuncu","status":"publish","type":"product","link":"https:\/\/mod.wisdar.net\/tr\/urun\/orgu-kemerli-desenli-sifon-elbise-turuncu\/","title":{"rendered":"\u00d6rg\u00fc Kemerli Desenli \u015eifon Elbise \u2013 Turuncu"},"content":{"rendered":"<p>Bu desenli \u015fifon elbise, \u00f6rg\u00fc kemer detay\u0131 ile belinizi zarif bir \u015fekilde vurgulayarak, hafif ve ak\u0131c\u0131 dokusuyla sofistike bir g\u00f6r\u00fcn\u00fcm sunar. Hafif kuma\u015f\u0131 ve modern tasar\u0131m\u0131, g\u00fcnl\u00fck kullan\u0131m ve \u00f6zel g\u00fcnler i\u00e7in rahat bir se\u00e7enek haline getirir.<\/p>\n<p>\u2014 Teknik Detaylar \u2014<br \/>\nDesen: Tropikal Desen<br \/>\nYaka Tipi: Yuvarlak Yaka<br \/>\nKol Tipi: Uzun Kol<br \/>\nCep: Cepsiz<br \/>\nAstar: Astarl\u0131<br \/>\n\u00dcr\u00fcn Uzunlu\u011fu: 135 cm<br \/>\nKal\u0131p: Normal Kal\u0131p<br \/>\nModelin Giydi\u011fi Beden: 38<br \/>\nModel \u00d6l\u00e7\u00fcleri: {&#8216;Boy&#8217;: &#8216;175 cm&#8217;, &#8216;G\u00f6\u011f\u00fcs&#8217;: &#8217;82 cm&#8217;, &#8216;Bel&#8217;: &#8217;60 cm&#8217;, &#8216;Kal\u00e7a&#8217;: &#8217;90 cm&#8217;}<\/p>\n","protected":false},"excerpt":{"rendered":"<p>Bu desenli \u015fifon elbise, \u00f6rg\u00fc kemer detay\u0131 ile belinizi zarif bir \u015fekilde vurgulayarak, hafif ve ak\u0131c\u0131 dokusuyla sofistike bir g\u00f6r\u00fcn\u00fcm sunar. Hafif kuma\u015f\u0131 ve modern tasar\u0131m\u0131, g\u00fcnl\u00fck kullan\u0131m ve \u00f6zel g\u00fcnler i\u00e7in rahat bir se\u00e7enek haline getirir. \u2014 Teknik Detaylar \u2014 Desen: Tropikal Desen Yaka Tipi: Yuvarlak Yaka Kol Tipi: Uzun Kol Cep: Cepsiz Astar: [&hellip;]<\/p>\n","protected":false},"featured_media":53162,"comment_status":"open","ping_status":"closed","template":"","meta":[],"product_brand":[],"product_cat":[6249,1933],"product_tag":[5012,7419,6924],"class_list":{"0":"post-53169","1":"product","2":"type-product","3":"status-publish","4":"has-post-thumbnail","6":"product_cat-elbiseler","7":"product_cat-gunluk-ve-gunduz-elbiseleri","8":"product_tag-elegant","9":"product_tag-gunluk","10":"product_tag-sifon","11":"pa_color-oranj","12":"pa_size-4706","13":"pa_size-4711","14":"pa_size-4713","15":"pa_size-4751","17":"first","18":"instock","19":"sale","20":"shipping-taxable","21":"purchasable","22":"product-type-variable"},"_links":{"self":[{"href":"https:\/\/mod.wisdar.net\/tr\/wp-json\/wp\/v2\/product\/53169","targetHints":{"allow":["GET"]}}],"collection":[{"href":"https:\/\/mod.wisdar.net\/tr\/wp-json\/wp\/v2\/product"}],"about":[{"href":"https:\/\/mod.wisdar.net\/tr\/wp-json\/wp\/v2\/types\/product"}],"replies":[{"embeddable":true,"href":"https:\/\/mod.wisdar.net\/tr\/wp-json\/wp\/v2\/comments?post=53169"}],"wp:featuredmedia":[{"embeddable":true,"href":"https:\/\/mod.wisdar.net\/tr\/wp-json\/wp\/v2\/media\/53162"}],"wp:attachment":[{"href":"https:\/\/mod.wisdar.net\/tr\/wp-json\/wp\/v2\/media?parent=53169"}],"wp:term":[{"taxonomy":"product_brand","embeddable":true,"href":"https:\/\/mod.wisdar.net\/tr\/wp-json\/wp\/v2\/product_brand?post=53169"},{"taxonomy":"product_cat","embeddable":true,"href":"https:\/\/mod.wisdar.net\/tr\/wp-json\/wp\/v2\/product_cat?post=53169"},{"taxonomy":"product_tag","embeddable":true,"href":"https:\/\/mod.wisdar.net\/tr\/wp-json\/wp\/v2\/product_tag?post=53169"}],"curies":[{"name":"wp","href":"https:\/\/api.w.org\/{rel}","templated":true}]}}