{"id":53191,"date":"2025-12-28T01:00:52","date_gmt":"2025-12-28T01:00:52","guid":{"rendered":"https:\/\/modesthanim.com\/product\/melis-siyah-pantolon-takimi\/"},"modified":"2026-02-09T10:25:56","modified_gmt":"2026-02-09T10:25:56","slug":"melis-siyah-pantolon-takimi","status":"publish","type":"product","link":"https:\/\/mod.wisdar.net\/tr\/urun\/melis-siyah-pantolon-takimi\/","title":{"rendered":"Melis Siyah Pantolon Tak\u0131m\u0131"},"content":{"rendered":"<p>Tak\u0131m, kal\u0131n Oysho kuma\u015f\u0131ndan yap\u0131lm\u0131\u015ft\u0131r. Ceket tam boyda ve \u00e7\u0131t\u00e7\u0131tl\u0131 d\u00fc\u011fmelere sahiptir. Ceket kollar\u0131 \u00e7\u0131t\u00e7\u0131tl\u0131 d\u00fc\u011fme detaylar\u0131na sahiptir. Ceket, \u00e7\u0131kar\u0131labilir bir kemere sahiptir. Omuzlar\u0131nda dolgu bulunan ceket. Pantolonun arkas\u0131nda elastik bel band\u0131 bulunmaktad\u0131r. Ceket uzunlu\u011fu: 78cm, Omuz: 39cm, G\u00f6\u011f\u00fcs: 52cm Pantolon uzunlu\u011fu: 104cm, Bel: 37cm<\/p>\n","protected":false},"excerpt":{"rendered":"<p>Tak\u0131m, kal\u0131n Oysho kuma\u015f\u0131ndan yap\u0131lm\u0131\u015ft\u0131r. Ceket tam boyda ve \u00e7\u0131t\u00e7\u0131tl\u0131 d\u00fc\u011fmelere sahiptir. Ceket kollar\u0131 \u00e7\u0131t\u00e7\u0131tl\u0131 d\u00fc\u011fme detaylar\u0131na sahiptir. Ceket, \u00e7\u0131kar\u0131labilir bir kemere sahiptir. Omuzlar\u0131nda dolgu bulunan ceket. Pantolonun arkas\u0131nda elastik bel band\u0131 bulunmaktad\u0131r. Ceket uzunlu\u011fu: 78cm, Omuz: 39cm, G\u00f6\u011f\u00fcs: 52cm Pantolon uzunlu\u011fu: 104cm, Bel: 37cm<\/p>\n","protected":false},"featured_media":53188,"comment_status":"open","ping_status":"closed","template":"","meta":[],"product_brand":[],"product_cat":[1900],"product_tag":[7074],"class_list":{"0":"post-53191","1":"product","2":"type-product","3":"status-publish","4":"has-post-thumbnail","6":"product_cat-koordinatlar-setler","7":"product_tag-siyah","8":"pa_brand-butikkolik","9":"pa_color-siyah","10":"pa_size-1-38-40","11":"pa_size-2-42-44","12":"pa_size-3-46-48","13":"pa_size-4706","14":"pa_size-4711","15":"pa_size-4713","16":"pa_size-4751","17":"pa_size-4749","19":"first","20":"instock","21":"sale","22":"shipping-taxable","23":"purchasable","24":"product-type-variable"},"_links":{"self":[{"href":"https:\/\/mod.wisdar.net\/tr\/wp-json\/wp\/v2\/product\/53191","targetHints":{"allow":["GET"]}}],"collection":[{"href":"https:\/\/mod.wisdar.net\/tr\/wp-json\/wp\/v2\/product"}],"about":[{"href":"https:\/\/mod.wisdar.net\/tr\/wp-json\/wp\/v2\/types\/product"}],"replies":[{"embeddable":true,"href":"https:\/\/mod.wisdar.net\/tr\/wp-json\/wp\/v2\/comments?post=53191"}],"wp:featuredmedia":[{"embeddable":true,"href":"https:\/\/mod.wisdar.net\/tr\/wp-json\/wp\/v2\/media\/53188"}],"wp:attachment":[{"href":"https:\/\/mod.wisdar.net\/tr\/wp-json\/wp\/v2\/media?parent=53191"}],"wp:term":[{"taxonomy":"product_brand","embeddable":true,"href":"https:\/\/mod.wisdar.net\/tr\/wp-json\/wp\/v2\/product_brand?post=53191"},{"taxonomy":"product_cat","embeddable":true,"href":"https:\/\/mod.wisdar.net\/tr\/wp-json\/wp\/v2\/product_cat?post=53191"},{"taxonomy":"product_tag","embeddable":true,"href":"https:\/\/mod.wisdar.net\/tr\/wp-json\/wp\/v2\/product_tag?post=53191"}],"curies":[{"name":"wp","href":"https:\/\/api.w.org\/{rel}","templated":true}]}}