{"id":53227,"date":"2025-12-28T01:03:01","date_gmt":"2025-12-28T01:03:01","guid":{"rendered":"https:\/\/modesthanim.com\/product\/damla-dugmeli-modal-tunik-gul-kurusu\/"},"modified":"2026-02-18T07:15:56","modified_gmt":"2026-02-18T07:15:56","slug":"damla-dugmeli-modal-tunik-gul-kurusu","status":"publish","type":"product","link":"https:\/\/mod.wisdar.net\/tr\/urun\/damla-dugmeli-modal-tunik-gul-kurusu\/","title":{"rendered":"Damla D\u00fc\u011fmeli Modal Tunik G\u00fcl kurusu"},"content":{"rendered":"<p>Damla D\u00fc\u011fmeli Modal Tunik G\u00fcl Kurusu, yaz aylar\u0131n\u0131n hafifli\u011fini ve \u015f\u0131kl\u0131\u011f\u0131n\u0131 bir arada sunar. Modal kuma\u015f\u0131n yumu\u015fak dokusu, cilde nefes ald\u0131ran yap\u0131s\u0131yla g\u00fcn boyu konfor sa\u011flar. Damla formundaki d\u00fc\u011fme detaylar\u0131 zarif bir dokunu\u015f katarken, \u00f6n\u00fc tamamen a\u00e7\u0131labilen tasar\u0131m\u0131 sayesinde hem tunik hem de hafif bir d\u0131\u015f giyim par\u00e7as\u0131 olarak kullan\u0131labilir. G\u00fcl kurusu rengi, feminen ve modern bir g\u00f6r\u00fcn\u00fcm kazand\u0131r\u0131r. Geni\u015f kesimiyle rahat hareket imk\u00e2n\u0131 sunan bu par\u00e7a, hem g\u00fcnl\u00fck kombinlerde hem de \u015f\u0131k davetlerde tercih edilebilir.<\/p>\n<p>\u2014 Technical Details \u2014<br \/>\nMarka: Minik Terzi<br \/>\nSezon: YAZ<br \/>\nCinsiyet: Kad\u0131n<br \/>\nMalzeme: Modal<br \/>\nKuma\u015f \u0130\u00e7eri\u011fi: %88 Modal %12 Pes<br \/>\nKal\u0131p: Tam Kal\u0131p<br \/>\nKol Boyu: Uzun Kollu<br \/>\nYaka Tipi: Hakim Yaka<br \/>\nManken \u00d6l\u00e7\u00fcleri: 1,71<br \/>\nMankenin Giydi\u011fi Beden: S Beden<br \/>\nA\u00e7\u0131klama: Elde y\u0131kanmaz kuru temizleme yap\u0131n\u0131z.<\/p>\n","protected":false},"excerpt":{"rendered":"<p>Damla D\u00fc\u011fmeli Modal Tunik G\u00fcl Kurusu, yaz aylar\u0131n\u0131n hafifli\u011fini ve \u015f\u0131kl\u0131\u011f\u0131n\u0131 bir arada sunar. Modal kuma\u015f\u0131n yumu\u015fak dokusu, cilde nefes ald\u0131ran yap\u0131s\u0131yla g\u00fcn boyu konfor sa\u011flar. Damla formundaki d\u00fc\u011fme detaylar\u0131 zarif bir dokunu\u015f katarken, \u00f6n\u00fc tamamen a\u00e7\u0131labilen tasar\u0131m\u0131 sayesinde hem tunik hem de hafif bir d\u0131\u015f giyim par\u00e7as\u0131 olarak kullan\u0131labilir. G\u00fcl kurusu rengi, feminen ve [&hellip;]<\/p>\n","protected":false},"featured_media":53221,"comment_status":"open","ping_status":"closed","template":"","meta":[],"product_brand":[],"product_cat":[2050],"product_tag":[7547],"class_list":{"0":"post-53227","1":"product","2":"type-product","3":"status-publish","4":"has-post-thumbnail","6":"product_cat-blazer-ceketler","7":"product_tag-kadin-giyim","8":"pa_brand-minik-terzi","9":"pa_color-gul-kurusu","10":"pa_size-l","11":"pa_size-m","12":"pa_size-s","13":"pa_size-xl","15":"first","16":"instock","17":"shipping-taxable","18":"purchasable","19":"product-type-variable"},"_links":{"self":[{"href":"https:\/\/mod.wisdar.net\/tr\/wp-json\/wp\/v2\/product\/53227","targetHints":{"allow":["GET"]}}],"collection":[{"href":"https:\/\/mod.wisdar.net\/tr\/wp-json\/wp\/v2\/product"}],"about":[{"href":"https:\/\/mod.wisdar.net\/tr\/wp-json\/wp\/v2\/types\/product"}],"replies":[{"embeddable":true,"href":"https:\/\/mod.wisdar.net\/tr\/wp-json\/wp\/v2\/comments?post=53227"}],"wp:featuredmedia":[{"embeddable":true,"href":"https:\/\/mod.wisdar.net\/tr\/wp-json\/wp\/v2\/media\/53221"}],"wp:attachment":[{"href":"https:\/\/mod.wisdar.net\/tr\/wp-json\/wp\/v2\/media?parent=53227"}],"wp:term":[{"taxonomy":"product_brand","embeddable":true,"href":"https:\/\/mod.wisdar.net\/tr\/wp-json\/wp\/v2\/product_brand?post=53227"},{"taxonomy":"product_cat","embeddable":true,"href":"https:\/\/mod.wisdar.net\/tr\/wp-json\/wp\/v2\/product_cat?post=53227"},{"taxonomy":"product_tag","embeddable":true,"href":"https:\/\/mod.wisdar.net\/tr\/wp-json\/wp\/v2\/product_tag?post=53227"}],"curies":[{"name":"wp","href":"https:\/\/api.w.org\/{rel}","templated":true}]}}