{"id":53268,"date":"2025-12-28T01:04:56","date_gmt":"2025-12-28T01:04:56","guid":{"rendered":"https:\/\/modesthanim.com\/product\/grogren-biyeli-kisa-kapitone-yelek-camel\/"},"modified":"2026-04-02T21:02:46","modified_gmt":"2026-04-02T21:02:46","slug":"grogren-biyeli-kisa-kapitone-yelek-camel","status":"publish","type":"product","link":"https:\/\/mod.wisdar.net\/tr\/urun\/grogren-biyeli-kisa-kapitone-yelek-camel\/","title":{"rendered":"Grogren Biyeli K\u0131sa Kapitone Yelek \u2013 Camel"},"content":{"rendered":"<p>Zarif detaylar\u0131yla \u015f\u0131kl\u0131\u011f\u0131 \u00f6n plana \u00e7\u0131karan Grogren Biyeli K\u0131sa Kapitone Yelek, hem g\u00fcnl\u00fck hem de \u00f6zel kombinlerinize modern bir dokunu\u015f kat\u0131yor.<\/p>\n<p>Kuma\u015f \u0130\u00e7eri\u011fi: %98 Polyester, %2 Elastan<br \/>\nDesen: Kapitone<br \/>\nYaka Tipi: Dik Yaka<br \/>\nKol Tipi: Kolsuz<br \/>\nCep: Fleto Cep<br \/>\nAstar: Astarl\u0131<br \/>\n\u00dcr\u00fcn Boyu: 57 cm<br \/>\nKal\u0131p Tipi: Normal Kal\u0131p<br \/>\nMankenin Giydi\u011fi Beden: 36<br \/>\nManken \u00d6l\u00e7\u00fcleri: Boy: 176 cm, G\u00f6\u011f\u00fcs: 82 cm, Bel: 61 cm, Basen: 88 cm<\/p>\n<p>\u2014 Technical Details \u2014<br \/>\nDesen: Kapitone<br \/>\nYaka Tipi: Dik Yaka<br \/>\nKol Tipi: Kolsuz<br \/>\nCep: Fleto Cep<br \/>\nAstar: Astarl\u0131<br \/>\n\u00dcr\u00fcn Boyu: 57 cm<br \/>\nKal\u0131p Tipi: Normal Kal\u0131p<br \/>\nMankenin Giydi\u011fi Beden: 36<br \/>\nManken \u00d6l\u00e7\u00fcleri: {&#8216;Boy&#8217;: &#8216;176 cm&#8217;, &#8216;G\u00f6\u011f\u00fcs&#8217;: &#8217;82 cm&#8217;, &#8216;Bel&#8217;: &#8217;61 cm&#8217;, &#8216;Basen&#8217;: &#8217;88 cm&#8217;}<\/p>\n","protected":false},"excerpt":{"rendered":"<p>Zarif detaylar\u0131yla \u015f\u0131kl\u0131\u011f\u0131 \u00f6n plana \u00e7\u0131karan Grogren Biyeli K\u0131sa Kapitone Yelek, hem g\u00fcnl\u00fck hem de \u00f6zel kombinlerinize modern bir dokunu\u015f kat\u0131yor. Kuma\u015f \u0130\u00e7eri\u011fi: %98 Polyester, %2 Elastan Desen: Kapitone Yaka Tipi: Dik Yaka Kol Tipi: Kolsuz Cep: Fleto Cep Astar: Astarl\u0131 \u00dcr\u00fcn Boyu: 57 cm Kal\u0131p Tipi: Normal Kal\u0131p Mankenin Giydi\u011fi Beden: 36 Manken \u00d6l\u00e7\u00fcleri: [&hellip;]<\/p>\n","protected":false},"featured_media":53260,"comment_status":"open","ping_status":"closed","template":"","meta":[],"product_brand":[],"product_cat":[2053],"product_tag":[5012,5013],"class_list":{"0":"post-53268","1":"product","2":"type-product","3":"status-publish","4":"has-post-thumbnail","6":"product_cat-yelekler-yelekler","7":"product_tag-elegant","8":"product_tag-modern","9":"pa_brand-tugba","10":"pa_color-camel","11":"pa_size-4701","12":"pa_size-4706","13":"pa_size-4711","14":"pa_size-4713","16":"first","17":"instock","18":"sale","19":"shipping-taxable","20":"purchasable","21":"product-type-variable"},"_links":{"self":[{"href":"https:\/\/mod.wisdar.net\/tr\/wp-json\/wp\/v2\/product\/53268","targetHints":{"allow":["GET"]}}],"collection":[{"href":"https:\/\/mod.wisdar.net\/tr\/wp-json\/wp\/v2\/product"}],"about":[{"href":"https:\/\/mod.wisdar.net\/tr\/wp-json\/wp\/v2\/types\/product"}],"replies":[{"embeddable":true,"href":"https:\/\/mod.wisdar.net\/tr\/wp-json\/wp\/v2\/comments?post=53268"}],"wp:featuredmedia":[{"embeddable":true,"href":"https:\/\/mod.wisdar.net\/tr\/wp-json\/wp\/v2\/media\/53260"}],"wp:attachment":[{"href":"https:\/\/mod.wisdar.net\/tr\/wp-json\/wp\/v2\/media?parent=53268"}],"wp:term":[{"taxonomy":"product_brand","embeddable":true,"href":"https:\/\/mod.wisdar.net\/tr\/wp-json\/wp\/v2\/product_brand?post=53268"},{"taxonomy":"product_cat","embeddable":true,"href":"https:\/\/mod.wisdar.net\/tr\/wp-json\/wp\/v2\/product_cat?post=53268"},{"taxonomy":"product_tag","embeddable":true,"href":"https:\/\/mod.wisdar.net\/tr\/wp-json\/wp\/v2\/product_tag?post=53268"}],"curies":[{"name":"wp","href":"https:\/\/api.w.org\/{rel}","templated":true}]}}