{"id":53307,"date":"2025-12-28T01:09:13","date_gmt":"2025-12-28T01:09:13","guid":{"rendered":"https:\/\/modesthanim.com\/product\/katy-elbise-lacivert\/"},"modified":"2026-01-15T08:53:24","modified_gmt":"2026-01-15T08:53:24","slug":"katy-elbise-lacivert","status":"publish","type":"product","link":"https:\/\/mod.wisdar.net\/tr\/urun\/katy-elbise-lacivert\/","title":{"rendered":"KATY ELB\u0130SE LAC\u0130VERT"},"content":{"rendered":"<p>Kuma\u015f: Keten<\/p>\n<p>Uzunluk: 143 cm<\/p>\n<p>1. Beden G\u00f6\u011f\u00fcs: 94 cm<br \/>\n1. Beden Bel: 82 cm<\/p>\n<p>2. Beden G\u00f6\u011f\u00fcs: 100 cm<br \/>\n2. Beden Bel: 86 cm<\/p>\n<p>\u2014 Teknik Detaylar \u2014<br \/>\nUzunluk: 143 cm<br \/>\n1. Beden G\u00f6\u011f\u00fcs: 94 cm<br \/>\n1. Beden Bel: 82 cm<br \/>\n2. Beden G\u00f6\u011f\u00fcs: 100 cm<br \/>\n2. Beden Bel: 86 cm<\/p>\n","protected":false},"excerpt":{"rendered":"<p>Kuma\u015f: Keten Uzunluk: 143 cm 1. Beden G\u00f6\u011f\u00fcs: 94 cm 1. Beden Bel: 82 cm 2. Beden G\u00f6\u011f\u00fcs: 100 cm 2. Beden Bel: 86 cm \u2014 Teknik Detaylar \u2014 Uzunluk: 143 cm 1. Beden G\u00f6\u011f\u00fcs: 94 cm 1. Beden Bel: 82 cm 2. Beden G\u00f6\u011f\u00fcs: 100 cm 2. Beden Bel: 86 cm<\/p>\n","protected":false},"featured_media":53299,"comment_status":"open","ping_status":"closed","template":"","meta":[],"product_brand":[],"product_cat":[6249,1933],"product_tag":[],"class_list":{"0":"post-53307","1":"product","2":"type-product","3":"status-publish","4":"has-post-thumbnail","6":"product_cat-elbiseler","7":"product_cat-gunluk-ve-gunduz-elbiseleri","8":"pa_brand-mmb","9":"pa_color-lacivert","10":"pa_size-1-36-38","11":"pa_size-2-40-42","13":"first","14":"instock","15":"sale","16":"shipping-taxable","17":"purchasable","18":"product-type-variable"},"_links":{"self":[{"href":"https:\/\/mod.wisdar.net\/tr\/wp-json\/wp\/v2\/product\/53307","targetHints":{"allow":["GET"]}}],"collection":[{"href":"https:\/\/mod.wisdar.net\/tr\/wp-json\/wp\/v2\/product"}],"about":[{"href":"https:\/\/mod.wisdar.net\/tr\/wp-json\/wp\/v2\/types\/product"}],"replies":[{"embeddable":true,"href":"https:\/\/mod.wisdar.net\/tr\/wp-json\/wp\/v2\/comments?post=53307"}],"wp:featuredmedia":[{"embeddable":true,"href":"https:\/\/mod.wisdar.net\/tr\/wp-json\/wp\/v2\/media\/53299"}],"wp:attachment":[{"href":"https:\/\/mod.wisdar.net\/tr\/wp-json\/wp\/v2\/media?parent=53307"}],"wp:term":[{"taxonomy":"product_brand","embeddable":true,"href":"https:\/\/mod.wisdar.net\/tr\/wp-json\/wp\/v2\/product_brand?post=53307"},{"taxonomy":"product_cat","embeddable":true,"href":"https:\/\/mod.wisdar.net\/tr\/wp-json\/wp\/v2\/product_cat?post=53307"},{"taxonomy":"product_tag","embeddable":true,"href":"https:\/\/mod.wisdar.net\/tr\/wp-json\/wp\/v2\/product_tag?post=53307"}],"curies":[{"name":"wp","href":"https:\/\/api.w.org\/{rel}","templated":true}]}}