{"id":53385,"date":"2025-12-28T01:15:23","date_gmt":"2025-12-28T01:15:23","guid":{"rendered":"https:\/\/modesthanim.com\/product\/layla-elbise-beyaz\/"},"modified":"2026-01-15T08:51:33","modified_gmt":"2026-01-15T08:51:33","slug":"layla-elbise-beyaz","status":"publish","type":"product","link":"https:\/\/mod.wisdar.net\/tr\/urun\/layla-elbise-beyaz\/","title":{"rendered":"LAYLA ELB\u0130SE BEYAZ"},"content":{"rendered":"<p>Kuma\u015f: %100 Keten<\/p>\n<p>Uzunluk: 135 cm<br \/>\n1. Beden G\u00f6\u011f\u00fcs: 94 cm<br \/>\n1. Beden Bel: 90 cm<br \/>\n2. Beden G\u00f6\u011f\u00fcs: 98 cm<br \/>\n2. Beden Bel: 94 cm<\/p>\n<p>\u2014 Teknik Detaylar \u2014<br \/>\nUzunluk: 135 cm<br \/>\n1. Beden G\u00f6\u011f\u00fcs: 94 cm<br \/>\n1. Beden Bel: 90 cm<br \/>\n2. Beden G\u00f6\u011f\u00fcs: 98 cm<br \/>\n2. Beden Bel: 94 cm<\/p>\n","protected":false},"excerpt":{"rendered":"<p>Kuma\u015f: %100 Keten Uzunluk: 135 cm 1. Beden G\u00f6\u011f\u00fcs: 94 cm 1. Beden Bel: 90 cm 2. Beden G\u00f6\u011f\u00fcs: 98 cm 2. Beden Bel: 94 cm \u2014 Teknik Detaylar \u2014 Uzunluk: 135 cm 1. Beden G\u00f6\u011f\u00fcs: 94 cm 1. Beden Bel: 90 cm 2. Beden G\u00f6\u011f\u00fcs: 98 cm 2. Beden Bel: 94 cm<\/p>\n","protected":false},"featured_media":53376,"comment_status":"open","ping_status":"closed","template":"","meta":[],"product_brand":[],"product_cat":[6249,1933],"product_tag":[],"class_list":{"0":"post-53385","1":"product","2":"type-product","3":"status-publish","4":"has-post-thumbnail","6":"product_cat-elbiseler","7":"product_cat-gunluk-ve-gunduz-elbiseleri","8":"pa_brand-mmb","9":"pa_color-beyaz","10":"pa_size-1-36-38","11":"pa_size-2-40-42","13":"first","14":"instock","15":"sale","16":"shipping-taxable","17":"purchasable","18":"product-type-variable"},"_links":{"self":[{"href":"https:\/\/mod.wisdar.net\/tr\/wp-json\/wp\/v2\/product\/53385","targetHints":{"allow":["GET"]}}],"collection":[{"href":"https:\/\/mod.wisdar.net\/tr\/wp-json\/wp\/v2\/product"}],"about":[{"href":"https:\/\/mod.wisdar.net\/tr\/wp-json\/wp\/v2\/types\/product"}],"replies":[{"embeddable":true,"href":"https:\/\/mod.wisdar.net\/tr\/wp-json\/wp\/v2\/comments?post=53385"}],"wp:featuredmedia":[{"embeddable":true,"href":"https:\/\/mod.wisdar.net\/tr\/wp-json\/wp\/v2\/media\/53376"}],"wp:attachment":[{"href":"https:\/\/mod.wisdar.net\/tr\/wp-json\/wp\/v2\/media?parent=53385"}],"wp:term":[{"taxonomy":"product_brand","embeddable":true,"href":"https:\/\/mod.wisdar.net\/tr\/wp-json\/wp\/v2\/product_brand?post=53385"},{"taxonomy":"product_cat","embeddable":true,"href":"https:\/\/mod.wisdar.net\/tr\/wp-json\/wp\/v2\/product_cat?post=53385"},{"taxonomy":"product_tag","embeddable":true,"href":"https:\/\/mod.wisdar.net\/tr\/wp-json\/wp\/v2\/product_tag?post=53385"}],"curies":[{"name":"wp","href":"https:\/\/api.w.org\/{rel}","templated":true}]}}