{"id":53420,"date":"2025-12-28T01:16:17","date_gmt":"2025-12-28T01:16:17","guid":{"rendered":"https:\/\/modesthanim.com\/product\/lila-renkli-degrade-desenli-keten-elbise\/"},"modified":"2026-02-18T21:50:33","modified_gmt":"2026-02-18T21:50:33","slug":"lila-renkli-degrade-desenli-keten-elbise","status":"publish","type":"product","link":"https:\/\/mod.wisdar.net\/tr\/urun\/lila-renkli-degrade-desenli-keten-elbise\/","title":{"rendered":"Lila Renkli Degrade Desenli Keten Elbise"},"content":{"rendered":"<p>Degrade desenli ve keten i\u00e7erikli bu elbise astarl\u0131d\u0131r ve i\u00e7 g\u00f6stermez. Kendi ku\u015fa\u011f\u0131 ile \u015f\u0131kl\u0131\u011f\u0131n\u0131z\u0131 tamamlay\u0131n. Beden se\u00e7enekleri: 36-38, 38-40, 42-44. Beden 1 \u00f6l\u00e7\u00fcleri: G\u00f6\u011f\u00fcs 107 cm, Bel 115 cm, Kol boyu 71 cm, \u00dcr\u00fcn boyu 139 cm. Mankenin \u00fczerindeki beden 1, boy 180 cm, g\u00f6\u011f\u00fcs 86, basen 94.<\/p>\n","protected":false},"excerpt":{"rendered":"<p>Degrade desenli ve keten i\u00e7erikli bu elbise astarl\u0131d\u0131r ve i\u00e7 g\u00f6stermez. Kendi ku\u015fa\u011f\u0131 ile \u015f\u0131kl\u0131\u011f\u0131n\u0131z\u0131 tamamlay\u0131n. Beden se\u00e7enekleri: 36-38, 38-40, 42-44. Beden 1 \u00f6l\u00e7\u00fcleri: G\u00f6\u011f\u00fcs 107 cm, Bel 115 cm, Kol boyu 71 cm, \u00dcr\u00fcn boyu 139 cm. Mankenin \u00fczerindeki beden 1, boy 180 cm, g\u00f6\u011f\u00fcs 86, basen 94.<\/p>\n","protected":false},"featured_media":53413,"comment_status":"open","ping_status":"closed","template":"","meta":[],"product_brand":[],"product_cat":[6249,1933],"product_tag":[7523],"class_list":{"0":"post-53420","1":"product","2":"type-product","3":"status-publish","4":"has-post-thumbnail","6":"product_cat-elbiseler","7":"product_cat-gunluk-ve-gunduz-elbiseleri","8":"product_tag-dress","9":"pa_brand-nurkalay","10":"pa_color-lila","11":"pa_size-4446","12":"pa_size-4463","13":"pa_size-4680","15":"first","16":"instock","17":"sale","18":"shipping-taxable","19":"purchasable","20":"product-type-variable"},"_links":{"self":[{"href":"https:\/\/mod.wisdar.net\/tr\/wp-json\/wp\/v2\/product\/53420","targetHints":{"allow":["GET"]}}],"collection":[{"href":"https:\/\/mod.wisdar.net\/tr\/wp-json\/wp\/v2\/product"}],"about":[{"href":"https:\/\/mod.wisdar.net\/tr\/wp-json\/wp\/v2\/types\/product"}],"replies":[{"embeddable":true,"href":"https:\/\/mod.wisdar.net\/tr\/wp-json\/wp\/v2\/comments?post=53420"}],"wp:featuredmedia":[{"embeddable":true,"href":"https:\/\/mod.wisdar.net\/tr\/wp-json\/wp\/v2\/media\/53413"}],"wp:attachment":[{"href":"https:\/\/mod.wisdar.net\/tr\/wp-json\/wp\/v2\/media?parent=53420"}],"wp:term":[{"taxonomy":"product_brand","embeddable":true,"href":"https:\/\/mod.wisdar.net\/tr\/wp-json\/wp\/v2\/product_brand?post=53420"},{"taxonomy":"product_cat","embeddable":true,"href":"https:\/\/mod.wisdar.net\/tr\/wp-json\/wp\/v2\/product_cat?post=53420"},{"taxonomy":"product_tag","embeddable":true,"href":"https:\/\/mod.wisdar.net\/tr\/wp-json\/wp\/v2\/product_tag?post=53420"}],"curies":[{"name":"wp","href":"https:\/\/api.w.org\/{rel}","templated":true}]}}