{"id":53433,"date":"2025-11-18T20:41:52","date_gmt":"2025-11-18T20:41:52","guid":{"rendered":"https:\/\/modesthanim.com\/product\/sal-yaka-yelekli-siyah-krep-takim\/"},"modified":"2026-04-10T13:11:26","modified_gmt":"2026-04-10T13:11:26","slug":"sal-yaka-yelekli-siyah-krep-takim","status":"publish","type":"product","link":"https:\/\/mod.wisdar.net\/tr\/urun\/sal-yaka-yelekli-siyah-krep-takim\/","title":{"rendered":"\u015eal Yaka Yelekli Siyah Krep Tak\u0131m"},"content":{"rendered":"<p>\u015eAL YAKA YELEKL\u0130 S\u0130YAH KREP TAKIM \u00d6ZELL\u0130KLER\u0130 Rahat kal\u0131p, tek d\u00fc\u011fme kapamal\u0131, s\u00fcs cepli, seyyar kemerli, pantolunu yandan fermuar kapamal\u0131, rahat kesim, astarl\u0131 tam kal\u0131p yelekli tak\u0131m. Kuma\u015f \u0130\u00e7eri\u011fi ve Y\u0131kama Talimat: %95 Pes %5 Likra 30 derece de k\u0131sa programda makinede y\u0131kay\u0131n\u0131z, hassas y\u0131kama yap\u0131n\u0131z. Manken \u00dcr\u00fcn Bedeni: S Manken \u00d6l\u00e7\u00fcleri: Boy: 1.72 cm, G\u00f6\u011f\u00fcs: 80 cm, Bel: 60 cm, Basen: 90 cm<\/p>\n<p>\u2014 Technical Details \u2014<br \/>\nwashing_instructions: 30 derece de k\u0131sa programda makinede y\u0131kay\u0131n\u0131z, hassas y\u0131kama yap\u0131n\u0131z.<br \/>\nmodel_size: S<br \/>\nmodel_measurements: Boy: 1.72 cm, G\u00f6\u011f\u00fcs: 80 cm, Bel: 60 cm, Basen: 90 cm<\/p>\n","protected":false},"excerpt":{"rendered":"<p>\u015eAL YAKA YELEKL\u0130 S\u0130YAH KREP TAKIM \u00d6ZELL\u0130KLER\u0130 Rahat kal\u0131p, tek d\u00fc\u011fme kapamal\u0131, s\u00fcs cepli, seyyar kemerli, pantolunu yandan fermuar kapamal\u0131, rahat kesim, astarl\u0131 tam kal\u0131p yelekli tak\u0131m. Kuma\u015f \u0130\u00e7eri\u011fi ve Y\u0131kama Talimat: %95 Pes %5 Likra 30 derece de k\u0131sa programda makinede y\u0131kay\u0131n\u0131z, hassas y\u0131kama yap\u0131n\u0131z. Manken \u00dcr\u00fcn Bedeni: S Manken \u00d6l\u00e7\u00fcleri: Boy: 1.72 cm, [&hellip;]<\/p>\n","protected":false},"featured_media":53424,"comment_status":"open","ping_status":"closed","template":"","meta":[],"product_brand":[],"product_cat":[1900],"product_tag":[8285,7074],"class_list":{"0":"post-53433","1":"product","2":"type-product","3":"status-publish","4":"has-post-thumbnail","6":"product_cat-koordinatlar-setler","7":"product_tag-sal-yaka","8":"product_tag-siyah","9":"pa_brand-hooopstore","10":"pa_color-siyah","11":"pa_size-l","12":"pa_size-m","13":"pa_size-s","15":"first","16":"instock","17":"sale","18":"shipping-taxable","19":"purchasable","20":"product-type-variable"},"_links":{"self":[{"href":"https:\/\/mod.wisdar.net\/tr\/wp-json\/wp\/v2\/product\/53433","targetHints":{"allow":["GET"]}}],"collection":[{"href":"https:\/\/mod.wisdar.net\/tr\/wp-json\/wp\/v2\/product"}],"about":[{"href":"https:\/\/mod.wisdar.net\/tr\/wp-json\/wp\/v2\/types\/product"}],"replies":[{"embeddable":true,"href":"https:\/\/mod.wisdar.net\/tr\/wp-json\/wp\/v2\/comments?post=53433"}],"wp:featuredmedia":[{"embeddable":true,"href":"https:\/\/mod.wisdar.net\/tr\/wp-json\/wp\/v2\/media\/53424"}],"wp:attachment":[{"href":"https:\/\/mod.wisdar.net\/tr\/wp-json\/wp\/v2\/media?parent=53433"}],"wp:term":[{"taxonomy":"product_brand","embeddable":true,"href":"https:\/\/mod.wisdar.net\/tr\/wp-json\/wp\/v2\/product_brand?post=53433"},{"taxonomy":"product_cat","embeddable":true,"href":"https:\/\/mod.wisdar.net\/tr\/wp-json\/wp\/v2\/product_cat?post=53433"},{"taxonomy":"product_tag","embeddable":true,"href":"https:\/\/mod.wisdar.net\/tr\/wp-json\/wp\/v2\/product_tag?post=53433"}],"curies":[{"name":"wp","href":"https:\/\/api.w.org\/{rel}","templated":true}]}}