{"id":53475,"date":"2025-12-28T01:18:01","date_gmt":"2025-12-28T01:18:01","guid":{"rendered":"https:\/\/modesthanim.com\/product\/degrade-desenli-keten-elbise-mavi\/"},"modified":"2026-03-26T05:31:29","modified_gmt":"2026-03-26T05:31:29","slug":"degrade-desenli-keten-elbise-mavi","status":"publish","type":"product","link":"https:\/\/mod.wisdar.net\/tr\/urun\/degrade-desenli-keten-elbise-mavi\/","title":{"rendered":"DEGRADE DESENL\u0130 KETEN ELB\u0130SE MAV\u0130"},"content":{"rendered":"<p>Degrade desenli keten i\u00e7erikli elbise. Astarl\u0131d\u0131r ve i\u00e7 g\u00f6stermez kuma\u015ftan \u00fcretilmi\u015ftir. Kendinden ku\u015fakl\u0131d\u0131r. Beden se\u00e7enekleri: 1 Beden (36-38), 2 Beden (38-40), 3 Beden (42-44). 1 Beden \u00f6l\u00e7\u00fcleri: G\u00f6\u011f\u00fcs 107 cm, Bel 115 cm, Kol boyu 71 cm, \u00dcr\u00fcn boyu 139 cm. Mankenin \u00fczerindeki beden 1, manken \u00f6l\u00e7\u00fcleri: Boy 180 cm, G\u00f6\u011f\u00fcs 86, Basen 94.<\/p>\n","protected":false},"excerpt":{"rendered":"<p>Degrade desenli keten i\u00e7erikli elbise. Astarl\u0131d\u0131r ve i\u00e7 g\u00f6stermez kuma\u015ftan \u00fcretilmi\u015ftir. Kendinden ku\u015fakl\u0131d\u0131r. Beden se\u00e7enekleri: 1 Beden (36-38), 2 Beden (38-40), 3 Beden (42-44). 1 Beden \u00f6l\u00e7\u00fcleri: G\u00f6\u011f\u00fcs 107 cm, Bel 115 cm, Kol boyu 71 cm, \u00dcr\u00fcn boyu 139 cm. Mankenin \u00fczerindeki beden 1, manken \u00f6l\u00e7\u00fcleri: Boy 180 cm, G\u00f6\u011f\u00fcs 86, Basen 94.<\/p>\n","protected":false},"featured_media":53466,"comment_status":"open","ping_status":"closed","template":"","meta":[],"product_brand":[],"product_cat":[6249,1933],"product_tag":[],"class_list":{"0":"post-53475","1":"product","2":"type-product","3":"status-publish","4":"has-post-thumbnail","6":"product_cat-elbiseler","7":"product_cat-gunluk-ve-gunduz-elbiseleri","8":"pa_brand-nurkalay","9":"pa_color-mavi","10":"pa_size-4446","11":"pa_size-4463","12":"pa_size-4680","14":"first","15":"outofstock","16":"shipping-taxable","17":"product-type-variable"},"_links":{"self":[{"href":"https:\/\/mod.wisdar.net\/tr\/wp-json\/wp\/v2\/product\/53475","targetHints":{"allow":["GET"]}}],"collection":[{"href":"https:\/\/mod.wisdar.net\/tr\/wp-json\/wp\/v2\/product"}],"about":[{"href":"https:\/\/mod.wisdar.net\/tr\/wp-json\/wp\/v2\/types\/product"}],"replies":[{"embeddable":true,"href":"https:\/\/mod.wisdar.net\/tr\/wp-json\/wp\/v2\/comments?post=53475"}],"wp:featuredmedia":[{"embeddable":true,"href":"https:\/\/mod.wisdar.net\/tr\/wp-json\/wp\/v2\/media\/53466"}],"wp:attachment":[{"href":"https:\/\/mod.wisdar.net\/tr\/wp-json\/wp\/v2\/media?parent=53475"}],"wp:term":[{"taxonomy":"product_brand","embeddable":true,"href":"https:\/\/mod.wisdar.net\/tr\/wp-json\/wp\/v2\/product_brand?post=53475"},{"taxonomy":"product_cat","embeddable":true,"href":"https:\/\/mod.wisdar.net\/tr\/wp-json\/wp\/v2\/product_cat?post=53475"},{"taxonomy":"product_tag","embeddable":true,"href":"https:\/\/mod.wisdar.net\/tr\/wp-json\/wp\/v2\/product_tag?post=53475"}],"curies":[{"name":"wp","href":"https:\/\/api.w.org\/{rel}","templated":true}]}}