{"id":53498,"date":"2025-12-28T01:21:41","date_gmt":"2025-12-28T01:21:41","guid":{"rendered":"https:\/\/modesthanim.com\/product\/yaka-kayis-detayli-yirtmacli-ceket-mercan\/"},"modified":"2026-03-25T19:46:04","modified_gmt":"2026-03-25T19:46:04","slug":"yaka-kayis-detayli-yirtmacli-ceket-mercan","status":"publish","type":"product","link":"https:\/\/mod.wisdar.net\/tr\/urun\/yaka-kayis-detayli-yirtmacli-ceket-mercan\/","title":{"rendered":"Yaka Kay\u0131\u015f Detayl\u0131 Y\u0131rtma\u00e7l\u0131 Ceket \u2013 Mercan"},"content":{"rendered":"<p>Klasik ceket formuna modern ve dinamik bir dokunu\u015f: Yaka Kay\u0131\u015f Detayl\u0131 Y\u0131rtma\u00e7l\u0131 Ceket ile tarz\u0131n\u0131z\u0131 cesurca sergileyin.<\/p>\n<p>Kuma\u015f Kompozisyonu: %54 Lyocell, %46 Viskon<br \/>\nDesen: D\u00fcz<br \/>\nYaka Tipi: \u00c7apraz Yaka<br \/>\nKol Tipi: Uzun Kol<br \/>\nCep: Cepsiz<br \/>\nAstar: Astars\u0131z<br \/>\n\u00dcr\u00fcn Uzunlu\u011fu: 80 cm<br \/>\nKal\u0131p: Normal Kal\u0131p<br \/>\nModelin Giydi\u011fi Beden: 38<br \/>\nModel \u00d6l\u00e7\u00fcleri: Boy: 176 cm, G\u00f6\u011f\u00fcs: 80 cm, Bel: 60 cm, Kal\u00e7a: 90 cm<\/p>\n<p>\u2014 Teknik Detaylar \u2014<br \/>\nDesen: D\u00fcz<br \/>\nYaka Tipi: \u00c7apraz Yaka<br \/>\nKol Tipi: Uzun Kol<br \/>\nCep: Cepsiz<br \/>\nAstar: Astars\u0131z<br \/>\n\u00dcr\u00fcn Uzunlu\u011fu: 80 cm<br \/>\nKal\u0131p: Normal Kal\u0131p<br \/>\nModelin Giydi\u011fi Beden: 38<br \/>\nModel \u00d6l\u00e7\u00fcleri: Boy: 176 cm, G\u00f6\u011f\u00fcs: 80 cm, Bel: 60 cm, Kal\u00e7a: 90 cm<\/p>\n","protected":false},"excerpt":{"rendered":"<p>Klasik ceket formuna modern ve dinamik bir dokunu\u015f: Yaka Kay\u0131\u015f Detayl\u0131 Y\u0131rtma\u00e7l\u0131 Ceket ile tarz\u0131n\u0131z\u0131 cesurca sergileyin. Kuma\u015f Kompozisyonu: %54 Lyocell, %46 Viskon Desen: D\u00fcz Yaka Tipi: \u00c7apraz Yaka Kol Tipi: Uzun Kol Cep: Cepsiz Astar: Astars\u0131z \u00dcr\u00fcn Uzunlu\u011fu: 80 cm Kal\u0131p: Normal Kal\u0131p Modelin Giydi\u011fi Beden: 38 Model \u00d6l\u00e7\u00fcleri: Boy: 176 cm, G\u00f6\u011f\u00fcs: 80 [&hellip;]<\/p>\n","protected":false},"featured_media":53494,"comment_status":"open","ping_status":"closed","template":"","meta":[],"product_brand":[],"product_cat":[2044],"product_tag":[5013],"class_list":{"0":"post-53498","1":"product","2":"type-product","3":"status-publish","4":"has-post-thumbnail","6":"product_cat-ceketler","7":"product_tag-modern","8":"pa_color-mercan","9":"pa_size-4706","10":"pa_size-4711","11":"pa_size-4713","12":"pa_size-4751","13":"pa_size-4749","15":"first","16":"instock","17":"sale","18":"shipping-taxable","19":"purchasable","20":"product-type-variable"},"_links":{"self":[{"href":"https:\/\/mod.wisdar.net\/tr\/wp-json\/wp\/v2\/product\/53498","targetHints":{"allow":["GET"]}}],"collection":[{"href":"https:\/\/mod.wisdar.net\/tr\/wp-json\/wp\/v2\/product"}],"about":[{"href":"https:\/\/mod.wisdar.net\/tr\/wp-json\/wp\/v2\/types\/product"}],"replies":[{"embeddable":true,"href":"https:\/\/mod.wisdar.net\/tr\/wp-json\/wp\/v2\/comments?post=53498"}],"wp:featuredmedia":[{"embeddable":true,"href":"https:\/\/mod.wisdar.net\/tr\/wp-json\/wp\/v2\/media\/53494"}],"wp:attachment":[{"href":"https:\/\/mod.wisdar.net\/tr\/wp-json\/wp\/v2\/media?parent=53498"}],"wp:term":[{"taxonomy":"product_brand","embeddable":true,"href":"https:\/\/mod.wisdar.net\/tr\/wp-json\/wp\/v2\/product_brand?post=53498"},{"taxonomy":"product_cat","embeddable":true,"href":"https:\/\/mod.wisdar.net\/tr\/wp-json\/wp\/v2\/product_cat?post=53498"},{"taxonomy":"product_tag","embeddable":true,"href":"https:\/\/mod.wisdar.net\/tr\/wp-json\/wp\/v2\/product_tag?post=53498"}],"curies":[{"name":"wp","href":"https:\/\/api.w.org\/{rel}","templated":true}]}}