{"id":53537,"date":"2025-12-28T01:23:10","date_gmt":"2025-12-28T01:23:10","guid":{"rendered":"https:\/\/modesthanim.com\/product\/pembe-cicek-desenli-yirtmacli-tunik\/"},"modified":"2026-03-26T05:11:44","modified_gmt":"2026-03-26T05:11:44","slug":"pembe-cicek-desenli-yirtmacli-tunik","status":"publish","type":"product","link":"https:\/\/mod.wisdar.net\/tr\/urun\/pembe-cicek-desenli-yirtmacli-tunik\/","title":{"rendered":"Pembe \u00c7i\u00e7ek Desenli Y\u0131rtma\u00e7l\u0131 Tunik"},"content":{"rendered":"<p>Romantik \u00e7i\u00e7ek desenleriyle zenginle\u015ftirilmi\u015f bu tunik, yan y\u0131rtma\u00e7 detaylar\u0131 ile hem \u015f\u0131kl\u0131k hem de konfor sunar.<\/p>\n<p>Kuma\u015f \u0130\u00e7eri\u011fi: %85 Viskoz, %15 Naylon<br \/>\nDesen: \u00c7i\u00e7ekli<br \/>\nYaka Tipi: Mandren Yaka<br \/>\nKol Tipi: Uzun Kol<br \/>\nCep: Cepsiz<br \/>\nAstar: Astars\u0131z<br \/>\n\u00dcr\u00fcn Uzunlu\u011fu: 85 cm<br \/>\nKal\u0131p: Normal Kal\u0131p<br \/>\nModelin Giydi\u011fi Beden: 38<br \/>\nModel \u00d6l\u00e7\u00fcleri: Boy: 177 cm, G\u00f6\u011f\u00fcs: 88 cm, Bel: 58 cm, Kal\u00e7a: 93 cm<\/p>\n<p>\u2014 Teknik Detaylar \u2014<br \/>\nDesen: \u00c7i\u00e7ekli<br \/>\nYaka Tipi: Mandren Yaka<br \/>\nKol Tipi: Uzun Kol<br \/>\nCep: Cepsiz<br \/>\nAstar: Astars\u0131z<br \/>\n\u00dcr\u00fcn Uzunlu\u011fu: 85 cm<br \/>\nKal\u0131p: Normal Kal\u0131p<br \/>\nModelin Giydi\u011fi Beden: 38<br \/>\nModel \u00d6l\u00e7\u00fcleri: Boy: 177 cm, G\u00f6\u011f\u00fcs: 88 cm, Bel: 58 cm, Kal\u00e7a: 93 cm<\/p>\n","protected":false},"excerpt":{"rendered":"<p>Romantik \u00e7i\u00e7ek desenleriyle zenginle\u015ftirilmi\u015f bu tunik, yan y\u0131rtma\u00e7 detaylar\u0131 ile hem \u015f\u0131kl\u0131k hem de konfor sunar. Kuma\u015f \u0130\u00e7eri\u011fi: %85 Viskoz, %15 Naylon Desen: \u00c7i\u00e7ekli Yaka Tipi: Mandren Yaka Kol Tipi: Uzun Kol Cep: Cepsiz Astar: Astars\u0131z \u00dcr\u00fcn Uzunlu\u011fu: 85 cm Kal\u0131p: Normal Kal\u0131p Modelin Giydi\u011fi Beden: 38 Model \u00d6l\u00e7\u00fcleri: Boy: 177 cm, G\u00f6\u011f\u00fcs: 88 cm, [&hellip;]<\/p>\n","protected":false},"featured_media":53532,"comment_status":"open","ping_status":"closed","template":"","meta":[],"product_brand":[],"product_cat":[2050],"product_tag":[7508,5012,7744,6751],"class_list":{"0":"post-53537","1":"product","2":"type-product","3":"status-publish","4":"has-post-thumbnail","6":"product_cat-blazer-ceketler","7":"product_tag-cicekli","8":"product_tag-elegant","9":"product_tag-pembe","10":"product_tag-rahat","11":"pa_color-pembe","12":"pa_size-4706","13":"pa_size-4711","14":"pa_size-4713","15":"pa_size-4751","16":"pa_size-4749","17":"pa_size-4747","19":"first","20":"instock","21":"sale","22":"shipping-taxable","23":"purchasable","24":"product-type-variable"},"_links":{"self":[{"href":"https:\/\/mod.wisdar.net\/tr\/wp-json\/wp\/v2\/product\/53537","targetHints":{"allow":["GET"]}}],"collection":[{"href":"https:\/\/mod.wisdar.net\/tr\/wp-json\/wp\/v2\/product"}],"about":[{"href":"https:\/\/mod.wisdar.net\/tr\/wp-json\/wp\/v2\/types\/product"}],"replies":[{"embeddable":true,"href":"https:\/\/mod.wisdar.net\/tr\/wp-json\/wp\/v2\/comments?post=53537"}],"wp:featuredmedia":[{"embeddable":true,"href":"https:\/\/mod.wisdar.net\/tr\/wp-json\/wp\/v2\/media\/53532"}],"wp:attachment":[{"href":"https:\/\/mod.wisdar.net\/tr\/wp-json\/wp\/v2\/media?parent=53537"}],"wp:term":[{"taxonomy":"product_brand","embeddable":true,"href":"https:\/\/mod.wisdar.net\/tr\/wp-json\/wp\/v2\/product_brand?post=53537"},{"taxonomy":"product_cat","embeddable":true,"href":"https:\/\/mod.wisdar.net\/tr\/wp-json\/wp\/v2\/product_cat?post=53537"},{"taxonomy":"product_tag","embeddable":true,"href":"https:\/\/mod.wisdar.net\/tr\/wp-json\/wp\/v2\/product_tag?post=53537"}],"curies":[{"name":"wp","href":"https:\/\/api.w.org\/{rel}","templated":true}]}}