{"id":53618,"date":"2025-12-28T01:29:04","date_gmt":"2025-12-28T01:29:04","guid":{"rendered":"https:\/\/modesthanim.com\/product\/yesil-renkli-cicek-desenli-ve-kabartmali-detaylara-sahip-tunik\/"},"modified":"2026-04-02T20:08:58","modified_gmt":"2026-04-02T20:08:58","slug":"yesil-renkli-cicek-desenli-ve-kabartmali-detaylara-sahip-tunik","status":"publish","type":"product","link":"https:\/\/mod.wisdar.net\/tr\/urun\/yesil-renkli-cicek-desenli-ve-kabartmali-detaylara-sahip-tunik\/","title":{"rendered":"Ye\u015fil Renkli, \u00c7i\u00e7ek Desenli ve Kabartmal\u0131 Detaylara Sahip Tunik"},"content":{"rendered":"<p>Rahat kesim, \u015f\u0131k desen ve sportif dokunu\u015f bir arada&#8230; \u00c7i\u00e7ek desenlerinin romantik havas\u0131, kabartmal\u0131 detaylarla modern bir g\u00f6r\u00fcn\u00fcm kazan\u0131yor.<\/p>\n<p>Kuma\u015f \u0130\u00e7eri\u011fi: %60 Viskon, %40 Polyester<br \/>\nDesen: \u00c7i\u00e7ekli<br \/>\nYaka Tipi: Bisiklet Yaka<br \/>\nKol Tipi: Raglan Kollar<br \/>\nCep: Cep<br \/>\nAstar: Astars\u0131z<br \/>\n\u00dcr\u00fcn Uzunlu\u011fu: 100 cm<br \/>\nKal\u0131p: Rahat Kesim<br \/>\nModelin Giydi\u011fi Beden: 38<br \/>\nModel \u00d6l\u00e7\u00fcleri: Boy: 176 cm, G\u00f6\u011f\u00fcs: 80 cm, Bel: 61 cm, Kal\u00e7a: 87 cm<\/p>\n<p>\u2014 Teknik Detaylar \u2014<br \/>\nDesen: \u00c7i\u00e7ekli<br \/>\nYaka Tipi: Bisiklet Yaka<br \/>\nKol Tipi: Raglan Kollar<br \/>\nCep: Cep<br \/>\nAstar: Astars\u0131z<br \/>\n\u00dcr\u00fcn Uzunlu\u011fu: 100 cm<br \/>\nKal\u0131p: Rahat Kesim<br \/>\nModelin Giydi\u011fi Beden: 38<br \/>\nModel \u00d6l\u00e7\u00fcleri: Boy: 176 cm, G\u00f6\u011f\u00fcs: 80 cm, Bel: 61 cm, Kal\u00e7a: 87 cm<\/p>\n","protected":false},"excerpt":{"rendered":"<p>Rahat kesim, \u015f\u0131k desen ve sportif dokunu\u015f bir arada&#8230; \u00c7i\u00e7ek desenlerinin romantik havas\u0131, kabartmal\u0131 detaylarla modern bir g\u00f6r\u00fcn\u00fcm kazan\u0131yor. Kuma\u015f \u0130\u00e7eri\u011fi: %60 Viskon, %40 Polyester Desen: \u00c7i\u00e7ekli Yaka Tipi: Bisiklet Yaka Kol Tipi: Raglan Kollar Cep: Cep Astar: Astars\u0131z \u00dcr\u00fcn Uzunlu\u011fu: 100 cm Kal\u0131p: Rahat Kesim Modelin Giydi\u011fi Beden: 38 Model \u00d6l\u00e7\u00fcleri: Boy: 176 cm, [&hellip;]<\/p>\n","protected":false},"featured_media":53613,"comment_status":"open","ping_status":"closed","template":"","meta":[],"product_brand":[],"product_cat":[2050],"product_tag":[7508,7547,5013,7021,6876,7420,7825],"class_list":{"0":"post-53618","1":"product","2":"type-product","3":"status-publish","4":"has-post-thumbnail","6":"product_cat-blazer-ceketler","7":"product_tag-cicekli","8":"product_tag-kadin-giyim","9":"product_tag-modern","10":"product_tag-polyester","11":"product_tag-rahat-kesim","12":"product_tag-sportif","13":"product_tag-yesil","14":"pa_brand-tugba","15":"pa_color-yesil","16":"pa_size-4706","17":"pa_size-4711","18":"pa_size-4713","19":"pa_size-4751","20":"pa_size-4749","21":"pa_size-4747","23":"first","24":"instock","25":"sale","26":"shipping-taxable","27":"purchasable","28":"product-type-variable"},"_links":{"self":[{"href":"https:\/\/mod.wisdar.net\/tr\/wp-json\/wp\/v2\/product\/53618","targetHints":{"allow":["GET"]}}],"collection":[{"href":"https:\/\/mod.wisdar.net\/tr\/wp-json\/wp\/v2\/product"}],"about":[{"href":"https:\/\/mod.wisdar.net\/tr\/wp-json\/wp\/v2\/types\/product"}],"replies":[{"embeddable":true,"href":"https:\/\/mod.wisdar.net\/tr\/wp-json\/wp\/v2\/comments?post=53618"}],"wp:featuredmedia":[{"embeddable":true,"href":"https:\/\/mod.wisdar.net\/tr\/wp-json\/wp\/v2\/media\/53613"}],"wp:attachment":[{"href":"https:\/\/mod.wisdar.net\/tr\/wp-json\/wp\/v2\/media?parent=53618"}],"wp:term":[{"taxonomy":"product_brand","embeddable":true,"href":"https:\/\/mod.wisdar.net\/tr\/wp-json\/wp\/v2\/product_brand?post=53618"},{"taxonomy":"product_cat","embeddable":true,"href":"https:\/\/mod.wisdar.net\/tr\/wp-json\/wp\/v2\/product_cat?post=53618"},{"taxonomy":"product_tag","embeddable":true,"href":"https:\/\/mod.wisdar.net\/tr\/wp-json\/wp\/v2\/product_tag?post=53618"}],"curies":[{"name":"wp","href":"https:\/\/api.w.org\/{rel}","templated":true}]}}