{"id":53666,"date":"2025-12-28T01:31:04","date_gmt":"2025-12-28T01:31:04","guid":{"rendered":"https:\/\/modesthanim.com\/product\/iki-cepli-uzun-kollu-kisa-kot-ceket-indigo\/"},"modified":"2026-04-03T13:46:48","modified_gmt":"2026-04-03T13:46:48","slug":"iki-cepli-uzun-kollu-kisa-kot-ceket-indigo","status":"publish","type":"product","link":"https:\/\/mod.wisdar.net\/tr\/urun\/iki-cepli-uzun-kollu-kisa-kot-ceket-indigo\/","title":{"rendered":"\u0130ki Cepli Uzun Kollu K\u0131sa Kot Ceket \u2013 \u0130ndigo"},"content":{"rendered":"<p>G\u00fcnl\u00fck k\u0131yafetlerinize dinamik ve sportif bir dokunu\u015f katar, zamans\u0131z tasar\u0131m\u0131 her tarza kolayca uyum sa\u011flar.<\/p>\n<p>\u2014 Teknik Detaylar \u2014<br \/>\nDesen: D\u00fcz<br \/>\nYaka Tipi: G\u00f6mlek Yakas\u0131<br \/>\nKol Tipi: Uzun Kol<br \/>\nCep: Yama Cebi<br \/>\nAstar: Astars\u0131z<br \/>\n\u00dcr\u00fcn Uzunlu\u011fu: 46 cm<br \/>\nKal\u0131p: Normal Kal\u0131p<br \/>\nModelin Giydi\u011fi Beden: 36<br \/>\nModel \u00d6l\u00e7\u00fcleri: {&#8216;Boy&#8217;: &#8216;176 cm&#8217;, &#8216;G\u00f6\u011f\u00fcs&#8217;: &#8217;75 cm&#8217;, &#8216;Bel&#8217;: &#8217;59 cm&#8217;, &#8216;Kal\u00e7a&#8217;: &#8217;87 cm&#8217;}<\/p>\n","protected":false},"excerpt":{"rendered":"<p>G\u00fcnl\u00fck k\u0131yafetlerinize dinamik ve sportif bir dokunu\u015f katar, zamans\u0131z tasar\u0131m\u0131 her tarza kolayca uyum sa\u011flar. \u2014 Teknik Detaylar \u2014 Desen: D\u00fcz Yaka Tipi: G\u00f6mlek Yakas\u0131 Kol Tipi: Uzun Kol Cep: Yama Cebi Astar: Astars\u0131z \u00dcr\u00fcn Uzunlu\u011fu: 46 cm Kal\u0131p: Normal Kal\u0131p Modelin Giydi\u011fi Beden: 36 Model \u00d6l\u00e7\u00fcleri: {&#8216;Boy&#8217;: &#8216;176 cm&#8217;, &#8216;G\u00f6\u011f\u00fcs&#8217;: &#8217;75 cm&#8217;, &#8216;Bel&#8217;: &#8217;59 [&hellip;]<\/p>\n","protected":false},"featured_media":53661,"comment_status":"open","ping_status":"closed","template":"","meta":[],"product_brand":[],"product_cat":[2044],"product_tag":[7844,7419,4998,8107],"class_list":{"0":"post-53666","1":"product","2":"type-product","3":"status-publish","4":"has-post-thumbnail","6":"product_cat-ceketler","7":"product_tag-denim","8":"product_tag-gunluk","9":"product_tag-indigo","10":"product_tag-sik","11":"pa_brand-tugba","12":"pa_color-indigo","13":"pa_size-4701","14":"pa_size-4706","15":"pa_size-4711","16":"pa_size-4713","18":"first","19":"instock","20":"sale","21":"shipping-taxable","22":"purchasable","23":"product-type-variable"},"_links":{"self":[{"href":"https:\/\/mod.wisdar.net\/tr\/wp-json\/wp\/v2\/product\/53666","targetHints":{"allow":["GET"]}}],"collection":[{"href":"https:\/\/mod.wisdar.net\/tr\/wp-json\/wp\/v2\/product"}],"about":[{"href":"https:\/\/mod.wisdar.net\/tr\/wp-json\/wp\/v2\/types\/product"}],"replies":[{"embeddable":true,"href":"https:\/\/mod.wisdar.net\/tr\/wp-json\/wp\/v2\/comments?post=53666"}],"wp:featuredmedia":[{"embeddable":true,"href":"https:\/\/mod.wisdar.net\/tr\/wp-json\/wp\/v2\/media\/53661"}],"wp:attachment":[{"href":"https:\/\/mod.wisdar.net\/tr\/wp-json\/wp\/v2\/media?parent=53666"}],"wp:term":[{"taxonomy":"product_brand","embeddable":true,"href":"https:\/\/mod.wisdar.net\/tr\/wp-json\/wp\/v2\/product_brand?post=53666"},{"taxonomy":"product_cat","embeddable":true,"href":"https:\/\/mod.wisdar.net\/tr\/wp-json\/wp\/v2\/product_cat?post=53666"},{"taxonomy":"product_tag","embeddable":true,"href":"https:\/\/mod.wisdar.net\/tr\/wp-json\/wp\/v2\/product_tag?post=53666"}],"curies":[{"name":"wp","href":"https:\/\/api.w.org\/{rel}","templated":true}]}}