{"id":53692,"date":"2025-12-28T01:34:29","date_gmt":"2025-12-28T01:34:29","guid":{"rendered":"https:\/\/modesthanim.com\/product\/premium-kasha-siyah-blazer\/"},"modified":"2026-01-15T08:11:01","modified_gmt":"2026-01-15T08:11:01","slug":"premium-kasha-siyah-blazer","status":"publish","type":"product","link":"https:\/\/mod.wisdar.net\/tr\/urun\/premium-kasha-siyah-blazer\/","title":{"rendered":"Premium Kasha Siyah Blazer"},"content":{"rendered":"<p>Premium Kasha Blazer \u00d6zellikleri: S\u00fcs mendil cepli, \u00f6nden d\u00fc\u011fmeli, astarl\u0131, \u00f6nden cepli, \u00f6zel aksesuar detayl\u0131, yumu\u015fak dokulu, oversize kal\u0131p premium blazer ceket. %95 Polyester %5 Rayon. Yaln\u0131zca kuru temizleme yap\u0131n\u0131z. \u00dcr\u00fcne kesinlikle \u00fct\u00fc yapmay\u0131n\u0131z.<\/p>\n","protected":false},"excerpt":{"rendered":"<p>Premium Kasha Blazer \u00d6zellikleri: S\u00fcs mendil cepli, \u00f6nden d\u00fc\u011fmeli, astarl\u0131, \u00f6nden cepli, \u00f6zel aksesuar detayl\u0131, yumu\u015fak dokulu, oversize kal\u0131p premium blazer ceket. %95 Polyester %5 Rayon. Yaln\u0131zca kuru temizleme yap\u0131n\u0131z. \u00dcr\u00fcne kesinlikle \u00fct\u00fc yapmay\u0131n\u0131z.<\/p>\n","protected":false},"featured_media":53684,"comment_status":"open","ping_status":"closed","template":"","meta":[],"product_brand":[],"product_cat":[2050],"product_tag":[7943,7423],"class_list":{"0":"post-53692","1":"product","2":"type-product","3":"status-publish","4":"has-post-thumbnail","6":"product_cat-blazer-ceketler","7":"product_tag-blazer","8":"product_tag-oversize-2","9":"pa_brand-hooopstore","10":"pa_color-siyah","11":"pa_size-m-l","12":"pa_size-s-m","14":"first","15":"instock","16":"sale","17":"shipping-taxable","18":"purchasable","19":"product-type-variable"},"_links":{"self":[{"href":"https:\/\/mod.wisdar.net\/tr\/wp-json\/wp\/v2\/product\/53692","targetHints":{"allow":["GET"]}}],"collection":[{"href":"https:\/\/mod.wisdar.net\/tr\/wp-json\/wp\/v2\/product"}],"about":[{"href":"https:\/\/mod.wisdar.net\/tr\/wp-json\/wp\/v2\/types\/product"}],"replies":[{"embeddable":true,"href":"https:\/\/mod.wisdar.net\/tr\/wp-json\/wp\/v2\/comments?post=53692"}],"wp:featuredmedia":[{"embeddable":true,"href":"https:\/\/mod.wisdar.net\/tr\/wp-json\/wp\/v2\/media\/53684"}],"wp:attachment":[{"href":"https:\/\/mod.wisdar.net\/tr\/wp-json\/wp\/v2\/media?parent=53692"}],"wp:term":[{"taxonomy":"product_brand","embeddable":true,"href":"https:\/\/mod.wisdar.net\/tr\/wp-json\/wp\/v2\/product_brand?post=53692"},{"taxonomy":"product_cat","embeddable":true,"href":"https:\/\/mod.wisdar.net\/tr\/wp-json\/wp\/v2\/product_cat?post=53692"},{"taxonomy":"product_tag","embeddable":true,"href":"https:\/\/mod.wisdar.net\/tr\/wp-json\/wp\/v2\/product_tag?post=53692"}],"curies":[{"name":"wp","href":"https:\/\/api.w.org\/{rel}","templated":true}]}}