{"id":53845,"date":"2025-12-28T01:47:26","date_gmt":"2025-12-28T01:47:26","guid":{"rendered":"https:\/\/modesthanim.com\/product\/degrade-desenli-keten-tunik-yesil\/"},"modified":"2026-04-10T17:02:40","modified_gmt":"2026-04-10T17:02:40","slug":"degrade-desenli-keten-tunik-yesil","status":"publish","type":"product","link":"https:\/\/mod.wisdar.net\/tr\/urun\/degrade-desenli-keten-tunik-yesil\/","title":{"rendered":"DEGRADE DESENL\u0130 KETEN TUN\u0130K YE\u015e\u0130L"},"content":{"rendered":"<p>Degrade desenli ve keten i\u00e7erikli bu tunik, i\u00e7 g\u00f6stermeyen kuma\u015f\u0131 ile rahatl\u0131\u011f\u0131 garanti eder. Kuma\u015f i\u00e7eri\u011fi keten olup, \u00e7e\u015fitli beden se\u00e7enekleri mevcuttur: 1 Beden (36-38), 2 Beden (38-40), 3 Beden (42-44). \u00dcr\u00fcn \u00f6l\u00e7\u00fcleri: G\u00f6\u011f\u00fcs 108 cm, Boy 81 cm. Mankenin \u00fczerindeki beden 1, boy 180 cm, g\u00f6\u011f\u00fcs 86 cm, basen 94 cm.<\/p>\n","protected":false},"excerpt":{"rendered":"<p>Degrade desenli ve keten i\u00e7erikli bu tunik, i\u00e7 g\u00f6stermeyen kuma\u015f\u0131 ile rahatl\u0131\u011f\u0131 garanti eder. Kuma\u015f i\u00e7eri\u011fi keten olup, \u00e7e\u015fitli beden se\u00e7enekleri mevcuttur: 1 Beden (36-38), 2 Beden (38-40), 3 Beden (42-44). \u00dcr\u00fcn \u00f6l\u00e7\u00fcleri: G\u00f6\u011f\u00fcs 108 cm, Boy 81 cm. Mankenin \u00fczerindeki beden 1, boy 180 cm, g\u00f6\u011f\u00fcs 86 cm, basen 94 cm.<\/p>\n","protected":false},"featured_media":53835,"comment_status":"open","ping_status":"closed","template":"","meta":[],"product_brand":[],"product_cat":[2050],"product_tag":[],"class_list":{"0":"post-53845","1":"product","2":"type-product","3":"status-publish","4":"has-post-thumbnail","6":"product_cat-blazer-ceketler","7":"pa_brand-nurkalay","8":"pa_color-yesil","9":"pa_size-4446","10":"pa_size-4463","11":"pa_size-4680","13":"first","14":"instock","15":"sale","16":"shipping-taxable","17":"purchasable","18":"product-type-variable"},"_links":{"self":[{"href":"https:\/\/mod.wisdar.net\/tr\/wp-json\/wp\/v2\/product\/53845","targetHints":{"allow":["GET"]}}],"collection":[{"href":"https:\/\/mod.wisdar.net\/tr\/wp-json\/wp\/v2\/product"}],"about":[{"href":"https:\/\/mod.wisdar.net\/tr\/wp-json\/wp\/v2\/types\/product"}],"replies":[{"embeddable":true,"href":"https:\/\/mod.wisdar.net\/tr\/wp-json\/wp\/v2\/comments?post=53845"}],"wp:featuredmedia":[{"embeddable":true,"href":"https:\/\/mod.wisdar.net\/tr\/wp-json\/wp\/v2\/media\/53835"}],"wp:attachment":[{"href":"https:\/\/mod.wisdar.net\/tr\/wp-json\/wp\/v2\/media?parent=53845"}],"wp:term":[{"taxonomy":"product_brand","embeddable":true,"href":"https:\/\/mod.wisdar.net\/tr\/wp-json\/wp\/v2\/product_brand?post=53845"},{"taxonomy":"product_cat","embeddable":true,"href":"https:\/\/mod.wisdar.net\/tr\/wp-json\/wp\/v2\/product_cat?post=53845"},{"taxonomy":"product_tag","embeddable":true,"href":"https:\/\/mod.wisdar.net\/tr\/wp-json\/wp\/v2\/product_tag?post=53845"}],"curies":[{"name":"wp","href":"https:\/\/api.w.org\/{rel}","templated":true}]}}