{"id":53944,"date":"2025-12-28T01:51:35","date_gmt":"2025-12-28T01:51:35","guid":{"rendered":"https:\/\/modesthanim.com\/product\/floral-desenli-buzgulu-bluz-pembe\/"},"modified":"2026-03-17T21:42:40","modified_gmt":"2026-03-17T21:42:40","slug":"floral-desenli-buzgulu-bluz-pembe","status":"publish","type":"product","link":"https:\/\/mod.wisdar.net\/tr\/urun\/floral-desenli-buzgulu-bluz-pembe\/","title":{"rendered":"Floral Desenli B\u00fczg\u00fcl\u00fc Bluz \u2013 Pembe"},"content":{"rendered":"<p>Romantik desenler, modern detaylarla bulu\u015fuyor\u2026 Yumu\u015fak renk tonlar\u0131nda floral desenlerle bezenen bu bluz, b\u00fczg\u00fcl\u00fc yap\u0131s\u0131yla v\u00fccuda zarif bir form kazand\u0131r\u0131r.<\/p>\n<p>\u2014 Technical Details \u2014<br \/>\nDesen: Floral Desen<br \/>\nYaka Tipi: S\u0131f\u0131r Yaka<br \/>\nKol Tipi: Reglan Kol<br \/>\nCep: Cepsiz<br \/>\nAstar: Astars\u0131z<br \/>\n\u00dcr\u00fcn Boyu: 60 cm<br \/>\nKal\u0131p Tipi: Normal Kal\u0131p<br \/>\nMankenin Giydi\u011fi Beden: 38<br \/>\nManken \u00d6l\u00e7\u00fcleri: {&#8216;Boy&#8217;: &#8216;174 cm&#8217;, &#8216;G\u00f6\u011f\u00fcs&#8217;: &#8217;81 cm&#8217;, &#8216;Bel&#8217;: &#8217;61 cm&#8217;, &#8216;Basen&#8217;: &#8217;92 cm&#8217;}<br \/>\nBeden \u00d6l\u00e7\u00fc Tablosu: {&#8217;38&#8217;: {&#8216;G\u00f6\u011f\u00fcs&#8217;: 106, &#8216;Boy&#8217;: 60, &#8216;Kol Boyu&#8217;: 72}, &#8217;40&#8217;: {&#8216;G\u00f6\u011f\u00fcs&#8217;: 110, &#8216;Boy&#8217;: 60.5, &#8216;Kol Boyu&#8217;: 72.5}, &#8217;42&#8217;: {&#8216;G\u00f6\u011f\u00fcs&#8217;: 114, &#8216;Boy&#8217;: 61, &#8216;Kol Boyu&#8217;: 73}, &#8217;44&#8217;: {&#8216;G\u00f6\u011f\u00fcs&#8217;: 118, &#8216;Boy&#8217;: 61.5, &#8216;Kol Boyu&#8217;: 73.5}}<\/p>\n","protected":false},"excerpt":{"rendered":"<p>Romantik desenler, modern detaylarla bulu\u015fuyor\u2026 Yumu\u015fak renk tonlar\u0131nda floral desenlerle bezenen bu bluz, b\u00fczg\u00fcl\u00fc yap\u0131s\u0131yla v\u00fccuda zarif bir form kazand\u0131r\u0131r. \u2014 Technical Details \u2014 Desen: Floral Desen Yaka Tipi: S\u0131f\u0131r Yaka Kol Tipi: Reglan Kol Cep: Cepsiz Astar: Astars\u0131z \u00dcr\u00fcn Boyu: 60 cm Kal\u0131p Tipi: Normal Kal\u0131p Mankenin Giydi\u011fi Beden: 38 Manken \u00d6l\u00e7\u00fcleri: {&#8216;Boy&#8217;: &#8216;174 [&hellip;]<\/p>\n","protected":false},"featured_media":53940,"comment_status":"open","ping_status":"closed","template":"","meta":[],"product_brand":[],"product_cat":[1909],"product_tag":[7508,6769,7744],"class_list":{"0":"post-53944","1":"product","2":"type-product","3":"status-publish","4":"has-post-thumbnail","6":"product_cat-bluzlar-ve-gomlekler","7":"product_tag-cicekli","8":"product_tag-desenli","9":"product_tag-pembe","10":"pa_color-pembe","11":"pa_size-4706","12":"pa_size-4711","13":"pa_size-4713","14":"pa_size-4751","16":"first","17":"instock","18":"sale","19":"shipping-taxable","20":"purchasable","21":"product-type-variable"},"_links":{"self":[{"href":"https:\/\/mod.wisdar.net\/tr\/wp-json\/wp\/v2\/product\/53944","targetHints":{"allow":["GET"]}}],"collection":[{"href":"https:\/\/mod.wisdar.net\/tr\/wp-json\/wp\/v2\/product"}],"about":[{"href":"https:\/\/mod.wisdar.net\/tr\/wp-json\/wp\/v2\/types\/product"}],"replies":[{"embeddable":true,"href":"https:\/\/mod.wisdar.net\/tr\/wp-json\/wp\/v2\/comments?post=53944"}],"wp:featuredmedia":[{"embeddable":true,"href":"https:\/\/mod.wisdar.net\/tr\/wp-json\/wp\/v2\/media\/53940"}],"wp:attachment":[{"href":"https:\/\/mod.wisdar.net\/tr\/wp-json\/wp\/v2\/media?parent=53944"}],"wp:term":[{"taxonomy":"product_brand","embeddable":true,"href":"https:\/\/mod.wisdar.net\/tr\/wp-json\/wp\/v2\/product_brand?post=53944"},{"taxonomy":"product_cat","embeddable":true,"href":"https:\/\/mod.wisdar.net\/tr\/wp-json\/wp\/v2\/product_cat?post=53944"},{"taxonomy":"product_tag","embeddable":true,"href":"https:\/\/mod.wisdar.net\/tr\/wp-json\/wp\/v2\/product_tag?post=53944"}],"curies":[{"name":"wp","href":"https:\/\/api.w.org\/{rel}","templated":true}]}}