{"id":53979,"date":"2025-11-07T20:16:06","date_gmt":"2025-11-01T21:34:25","guid":{"rendered":"https:\/\/modesthanim.com\/product\/oversize-yandan-yirtmacli-sweatshirt-siyah\/"},"modified":"2026-02-19T20:44:15","modified_gmt":"2026-02-19T20:44:15","slug":"oversize-yandan-yirtmacli-sweatshirt-siyah","status":"publish","type":"product","link":"https:\/\/mod.wisdar.net\/tr\/urun\/oversize-yandan-yirtmacli-sweatshirt-siyah\/","title":{"rendered":"Oversize Yandan Y\u0131rtma\u00e7l\u0131 Sweatshirt Siyah"},"content":{"rendered":"<p>\u00d6n sipari\u015f a\u015famas\u0131ndad\u0131r, tahmini kargolanma s\u00fcreci 24 Ekim tarihinden itibaren ba\u015flayacakt\u0131r.<br \/>\n\u00dcR\u00dcN TANIMI Oversize Yandan Y\u0131rtma\u00e7l\u0131 Sweatshirt Siyah, tok duru\u015flu double face interlok kuma\u015f\u0131yla hem rahat hem yap\u0131land\u0131r\u0131lm\u0131\u015f bir g\u00f6r\u00fcn\u00fcm sunar. Renge renk esnek ribanal\u0131 yakas\u0131 ve etek ucundaki kendi kuma\u015f\u0131ndan geni\u015f ribana detay\u0131 par\u00e7aya sportif ama \u00f6zenli bir hava katar. Yanlardaki y\u0131rtma\u00e7 detaylar\u0131 hareket kolayl\u0131\u011f\u0131 sa\u011flarken, oversize kesimi g\u00fcn boyu konfor sunar. Sade ama dikkat \u00e7eken kombinler i\u00e7in dolab\u0131n\u0131zda mutlaka bulunmas\u0131 gereken g\u00fc\u00e7l\u00fc bir tamamlay\u0131c\u0131 par\u00e7a.<br \/>\n\u00dcR\u00dcN \u00d6ZELL\u0130KLER\u0130 \u00dcr\u00fcn Tipi: Sweatshirt Kuma\u015f: Double face interlok kuma\u015f Yaka: Esnek ribanl\u0131 yaka Etek Ucu: Ribana detayl\u0131, yandan y\u0131rtma\u00e7l\u0131<br \/>\n\u0130\u00c7ER\u0130K VE BAKIM %80 Pamuk, %20 PES. \u00c7ama\u015f\u0131r makinas\u0131nda d\u00fc\u015f\u00fck \u0131s\u0131da y\u0131kanabilir. D\u00fc\u015f\u00fck \u0131s\u0131da tersten \u00fct\u00fclenebilir, sererek kurutunuz. Elle \u00f6l\u00e7\u00fcmlerde 2-3 cm de\u011fi\u015fiklik g\u00f6sterebilir. Manken \u00d6l\u00e7\u00fcleri: Boy 177cm, G\u00f6\u011f\u00fcs 69cm, Basen 89cm. Manken \u00fczerindeki \u00fcr\u00fcn 1 bedendir. 1 beden 36\/38 \u2013 2 beden 40\/42 beden aral\u0131\u011f\u0131 i\u00e7in uygundur.<\/p>\n<p>\u2014 Technical Details \u2014<br \/>\n\u00dcr\u00fcn Tipi: Sweatshirt<br \/>\nKuma\u015f: Double face interlok kuma\u015f<br \/>\nYaka: Esnek ribanl\u0131 yaka<br \/>\nEtek Ucu: Ribana detayl\u0131, yandan y\u0131rtma\u00e7l\u0131<\/p>\n","protected":false},"excerpt":{"rendered":"<p>\u00d6n sipari\u015f a\u015famas\u0131ndad\u0131r, tahmini kargolanma s\u00fcreci 24 Ekim tarihinden itibaren ba\u015flayacakt\u0131r. \u00dcR\u00dcN TANIMI Oversize Yandan Y\u0131rtma\u00e7l\u0131 Sweatshirt Siyah, tok duru\u015flu double face interlok kuma\u015f\u0131yla hem rahat hem yap\u0131land\u0131r\u0131lm\u0131\u015f bir g\u00f6r\u00fcn\u00fcm sunar. Renge renk esnek ribanal\u0131 yakas\u0131 ve etek ucundaki kendi kuma\u015f\u0131ndan geni\u015f ribana detay\u0131 par\u00e7aya sportif ama \u00f6zenli bir hava katar. Yanlardaki y\u0131rtma\u00e7 detaylar\u0131 hareket [&hellip;]<\/p>\n","protected":false},"featured_media":53973,"comment_status":"open","ping_status":"closed","template":"","meta":[],"product_brand":[],"product_cat":[1909,1927],"product_tag":[7327,6751,7074,8107,7422],"class_list":{"0":"post-53979","1":"product","2":"type-product","3":"status-publish","4":"has-post-thumbnail","6":"product_cat-bluzlar-ve-gomlekler","7":"product_cat-hoodies-sweatshirtler","8":"product_tag-oversize","9":"product_tag-rahat","10":"product_tag-siyah","11":"product_tag-sik","12":"product_tag-sweatshirt","13":"pa_brand-kadriye-basturk","14":"pa_color-siyah","15":"pa_size-4446","16":"pa_size-4463","18":"first","19":"outofstock","20":"shipping-taxable","21":"product-type-variable"},"_links":{"self":[{"href":"https:\/\/mod.wisdar.net\/tr\/wp-json\/wp\/v2\/product\/53979","targetHints":{"allow":["GET"]}}],"collection":[{"href":"https:\/\/mod.wisdar.net\/tr\/wp-json\/wp\/v2\/product"}],"about":[{"href":"https:\/\/mod.wisdar.net\/tr\/wp-json\/wp\/v2\/types\/product"}],"replies":[{"embeddable":true,"href":"https:\/\/mod.wisdar.net\/tr\/wp-json\/wp\/v2\/comments?post=53979"}],"wp:featuredmedia":[{"embeddable":true,"href":"https:\/\/mod.wisdar.net\/tr\/wp-json\/wp\/v2\/media\/53973"}],"wp:attachment":[{"href":"https:\/\/mod.wisdar.net\/tr\/wp-json\/wp\/v2\/media?parent=53979"}],"wp:term":[{"taxonomy":"product_brand","embeddable":true,"href":"https:\/\/mod.wisdar.net\/tr\/wp-json\/wp\/v2\/product_brand?post=53979"},{"taxonomy":"product_cat","embeddable":true,"href":"https:\/\/mod.wisdar.net\/tr\/wp-json\/wp\/v2\/product_cat?post=53979"},{"taxonomy":"product_tag","embeddable":true,"href":"https:\/\/mod.wisdar.net\/tr\/wp-json\/wp\/v2\/product_tag?post=53979"}],"curies":[{"name":"wp","href":"https:\/\/api.w.org\/{rel}","templated":true}]}}