{"id":5401,"date":"2025-11-07T20:16:06","date_gmt":"2025-11-01T12:46:52","guid":{"rendered":"https:\/\/modesthanim.com\/product\/leopar-desenli-uzun-yelek\/"},"modified":"2026-03-29T21:52:23","modified_gmt":"2026-03-29T21:52:23","slug":"leopar-desenli-uzun-yelek","status":"publish","type":"product","link":"https:\/\/mod.wisdar.net\/tr\/urun\/leopar-desenli-uzun-yelek\/","title":{"rendered":"Leopar Desenli Uzun Yelek"},"content":{"rendered":"<p>G\u00fcnl\u00fck k\u0131yafetlerden \u015fehir \u015f\u0131kl\u0131\u011f\u0131na kadar rahatl\u0131kla tercih edilebilen zamans\u0131z bir tasar\u0131m. Modelin \u00dczerindeki Beden: 1. \u00dcr\u00fcn \u00d6l\u00e7\u00fcleri: Yelek Uzunlu\u011fu: 121cm. \u015e\u0131k tesett\u00fcr kombinleri, Setrms uzun yelek modelleri, g\u00fcnl\u00fck \u015f\u0131k tesett\u00fcr yelek, \u015fehir \u015f\u0131kl\u0131\u011f\u0131 tesett\u00fcr yelek.<\/p>\n<p>\u2014 Teknik Detaylar \u2014<br \/>\nRenk: Kahverengi<br \/>\nMevsim: Sonbahar &amp; K\u0131\u015f<br \/>\nStil: G\u00fcnl\u00fck Giyim<br \/>\nKal\u0131p: Klasik<br \/>\nAstar: Astars\u0131z<br \/>\nKuma\u015f \u00d6zelli\u011fi: \u00d6rme<br \/>\nKuma\u015f Deseni: Leopar, D\u00fcz<br \/>\nYaka: G\u00f6mlek Yakas\u0131<br \/>\nYelek Uzunlu\u011fu: 121cm<\/p>\n","protected":false},"excerpt":{"rendered":"<p>G\u00fcnl\u00fck k\u0131yafetlerden \u015fehir \u015f\u0131kl\u0131\u011f\u0131na kadar rahatl\u0131kla tercih edilebilen zamans\u0131z bir tasar\u0131m. Modelin \u00dczerindeki Beden: 1. \u00dcr\u00fcn \u00d6l\u00e7\u00fcleri: Yelek Uzunlu\u011fu: 121cm. \u015e\u0131k tesett\u00fcr kombinleri, Setrms uzun yelek modelleri, g\u00fcnl\u00fck \u015f\u0131k tesett\u00fcr yelek, \u015fehir \u015f\u0131kl\u0131\u011f\u0131 tesett\u00fcr yelek. \u2014 Teknik Detaylar \u2014 Renk: Kahverengi Mevsim: Sonbahar &amp; K\u0131\u015f Stil: G\u00fcnl\u00fck Giyim Kal\u0131p: Klasik Astar: Astars\u0131z Kuma\u015f \u00d6zelli\u011fi: \u00d6rme [&hellip;]<\/p>\n","protected":false},"featured_media":0,"comment_status":"open","ping_status":"closed","template":"","meta":[],"product_brand":[],"product_cat":[2053],"product_tag":[8399],"class_list":{"0":"post-5401","1":"product","2":"type-product","3":"status-publish","5":"product_cat-yelekler-yelekler","6":"product_tag-sik-2","7":"pa_brand-setre-konfeksiyon-tekstil-kuyumculuk-saglik-urunleri-san-ve-tic-a-s","8":"pa_color-ekru","9":"pa_size-4446","10":"pa_size-4463","12":"first","13":"outofstock","14":"shipping-taxable","15":"product-type-variable"},"_links":{"self":[{"href":"https:\/\/mod.wisdar.net\/tr\/wp-json\/wp\/v2\/product\/5401","targetHints":{"allow":["GET"]}}],"collection":[{"href":"https:\/\/mod.wisdar.net\/tr\/wp-json\/wp\/v2\/product"}],"about":[{"href":"https:\/\/mod.wisdar.net\/tr\/wp-json\/wp\/v2\/types\/product"}],"replies":[{"embeddable":true,"href":"https:\/\/mod.wisdar.net\/tr\/wp-json\/wp\/v2\/comments?post=5401"}],"wp:attachment":[{"href":"https:\/\/mod.wisdar.net\/tr\/wp-json\/wp\/v2\/media?parent=5401"}],"wp:term":[{"taxonomy":"product_brand","embeddable":true,"href":"https:\/\/mod.wisdar.net\/tr\/wp-json\/wp\/v2\/product_brand?post=5401"},{"taxonomy":"product_cat","embeddable":true,"href":"https:\/\/mod.wisdar.net\/tr\/wp-json\/wp\/v2\/product_cat?post=5401"},{"taxonomy":"product_tag","embeddable":true,"href":"https:\/\/mod.wisdar.net\/tr\/wp-json\/wp\/v2\/product_tag?post=5401"}],"curies":[{"name":"wp","href":"https:\/\/api.w.org\/{rel}","templated":true}]}}