{"id":54042,"date":"2025-11-01T21:32:55","date_gmt":"2025-11-01T21:32:55","guid":{"rendered":"https:\/\/modesthanim.com\/product\/haki-ipli-kol-cebi-gomlek\/"},"modified":"2026-04-10T16:54:29","modified_gmt":"2026-04-10T16:54:29","slug":"haki-ipli-kol-cebi-gomlek","status":"publish","type":"product","link":"https:\/\/mod.wisdar.net\/tr\/urun\/haki-ipli-kol-cebi-gomlek\/","title":{"rendered":"Haki \u0130pli Kol Cebi G\u00f6mlek"},"content":{"rendered":"<p>Haki \u0130pli Kol Cebi G\u00f6mlek ile modern ve rahat bir stil yakalay\u0131n. ALLDAY&#8217;in G\u00f6mlek kategorisindeki di\u011fer modelleri ke\u015ffedin. K\u0131yafetinizi Haki \u0130pli Kol Cebi G\u00f6mlek ile tamamlamak i\u00e7in hemen ke\u015ffedin!<\/p>\n<p>\u2014 Teknik Detaylar \u2014<br \/>\nKal\u0131p: RAHAT<br \/>\nMalzeme T\u00fcr\u00fc: Dokuma<br \/>\nY\u0131kama Talimatlar\u0131: 30\u00b0&#8217;ye kadar y\u0131kanabilir<br \/>\nMevsimlik Sat\u0131\u015f D\u00f6nemi: Mevsimsiz<br \/>\n\u00dcr\u00fcn Kalitesi: A S\u0131n\u0131f\u0131<br \/>\nSeri: GIGU<br \/>\nTema: 5. Tema<br \/>\nDesen: D\u00fcz<br \/>\nBel: Bel<br \/>\nMevsim: 26-K\u0131\u015f Sezonu<br \/>\nTasar\u0131m D\u00f6nemi: 25-Yaz<br \/>\nBoy \/ Uzunluk: 90 CM<br \/>\nKol Kal\u0131b\u0131: Bol<br \/>\nYaka: G\u00f6mlek<br \/>\nCep Detay\u0131: Kapakl\u0131<br \/>\nKuma\u015f Grubu: Pamuk Polyester<br \/>\nKuma\u015f \u0130\u00e7eri\u011fi: %100 Pamuk<\/p>\n","protected":false},"excerpt":{"rendered":"<p>Haki \u0130pli Kol Cebi G\u00f6mlek ile modern ve rahat bir stil yakalay\u0131n. ALLDAY&#8217;in G\u00f6mlek kategorisindeki di\u011fer modelleri ke\u015ffedin. K\u0131yafetinizi Haki \u0130pli Kol Cebi G\u00f6mlek ile tamamlamak i\u00e7in hemen ke\u015ffedin! \u2014 Teknik Detaylar \u2014 Kal\u0131p: RAHAT Malzeme T\u00fcr\u00fc: Dokuma Y\u0131kama Talimatlar\u0131: 30\u00b0&#8217;ye kadar y\u0131kanabilir Mevsimlik Sat\u0131\u015f D\u00f6nemi: Mevsimsiz \u00dcr\u00fcn Kalitesi: A S\u0131n\u0131f\u0131 Seri: GIGU Tema: 5. [&hellip;]<\/p>\n","protected":false},"featured_media":54038,"comment_status":"open","ping_status":"closed","template":"","meta":[],"product_brand":[],"product_cat":[1909],"product_tag":[3332,3424,3262,3391,3392,3029],"class_list":{"0":"post-54042","1":"product","2":"type-product","3":"status-publish","4":"has-post-thumbnail","6":"product_cat-bluzlar-ve-gomlekler","7":"product_tag-drawstring","8":"product_tag-haki","9":"product_tag-pocket","10":"product_tag-poplin","11":"product_tag-shirt","12":"product_tag-women","13":"pa_brand-allday","14":"pa_color-haki","15":"pa_size-4701","16":"pa_size-4706","17":"pa_size-4711","18":"pa_size-4713","19":"pa_size-4751","21":"first","22":"instock","23":"sale","24":"shipping-taxable","25":"purchasable","26":"product-type-variable"},"_links":{"self":[{"href":"https:\/\/mod.wisdar.net\/tr\/wp-json\/wp\/v2\/product\/54042","targetHints":{"allow":["GET"]}}],"collection":[{"href":"https:\/\/mod.wisdar.net\/tr\/wp-json\/wp\/v2\/product"}],"about":[{"href":"https:\/\/mod.wisdar.net\/tr\/wp-json\/wp\/v2\/types\/product"}],"replies":[{"embeddable":true,"href":"https:\/\/mod.wisdar.net\/tr\/wp-json\/wp\/v2\/comments?post=54042"}],"wp:featuredmedia":[{"embeddable":true,"href":"https:\/\/mod.wisdar.net\/tr\/wp-json\/wp\/v2\/media\/54038"}],"wp:attachment":[{"href":"https:\/\/mod.wisdar.net\/tr\/wp-json\/wp\/v2\/media?parent=54042"}],"wp:term":[{"taxonomy":"product_brand","embeddable":true,"href":"https:\/\/mod.wisdar.net\/tr\/wp-json\/wp\/v2\/product_brand?post=54042"},{"taxonomy":"product_cat","embeddable":true,"href":"https:\/\/mod.wisdar.net\/tr\/wp-json\/wp\/v2\/product_cat?post=54042"},{"taxonomy":"product_tag","embeddable":true,"href":"https:\/\/mod.wisdar.net\/tr\/wp-json\/wp\/v2\/product_tag?post=54042"}],"curies":[{"name":"wp","href":"https:\/\/api.w.org\/{rel}","templated":true}]}}