{"id":54136,"date":"2025-12-28T02:07:01","date_gmt":"2025-12-28T02:07:01","guid":{"rendered":"https:\/\/modesthanim.com\/product\/hazal-bej-3-parca-takim\/"},"modified":"2026-04-03T13:21:08","modified_gmt":"2026-04-03T13:21:08","slug":"hazal-bej-3-parca-takim","status":"publish","type":"product","link":"https:\/\/mod.wisdar.net\/tr\/urun\/hazal-bej-3-parca-takim\/","title":{"rendered":"Hazal Bej 3 Par\u00e7a Tak\u0131m"},"content":{"rendered":"<p>Hazal Bej 3 Par\u00e7a Tak\u0131m<br \/>\nTak\u0131m, birinci s\u0131n\u0131f kabartmal\u0131 \u00f6rg\u00fc kuma\u015ftan yap\u0131lm\u0131\u015ft\u0131r.<br \/>\nTak\u0131m\u0131n beli ayarlanabilir kemere sahiptir.<br \/>\nPantolonun beli lastiklidir.<br \/>\nCeketin \u00f6n\u00fc deri detaylarla s\u00fcslenmi\u015ftir.<br \/>\nCeket d\u00fc\u015f\u00fck omuz tasar\u0131m\u0131na sahiptir.<br \/>\nCeket uzunlu\u011fu: 115cm, g\u00f6\u011f\u00fcs: 108cm<br \/>\n\u00dcst uzunlu\u011fu: 75cm, g\u00f6\u011f\u00fcs: 53cm<br \/>\nPantolon uzunlu\u011fu: 106cm, bel: 32cm<\/p>\n<p>\u2014 Teknik Detaylar \u2014<br \/>\nCeket Uzunlu\u011fu: 115cm<br \/>\nCeket G\u00f6\u011f\u00fcs: 108cm<br \/>\n\u00dcst Uzunlu\u011fu: 75cm<br \/>\n\u00dcst G\u00f6\u011f\u00fcs: 53cm<br \/>\nPantolon Uzunlu\u011fu: 106cm<br \/>\nPantolon Bel: 32cm<\/p>\n","protected":false},"excerpt":{"rendered":"<p>Hazal Bej 3 Par\u00e7a Tak\u0131m Tak\u0131m, birinci s\u0131n\u0131f kabartmal\u0131 \u00f6rg\u00fc kuma\u015ftan yap\u0131lm\u0131\u015ft\u0131r. Tak\u0131m\u0131n beli ayarlanabilir kemere sahiptir. Pantolonun beli lastiklidir. Ceketin \u00f6n\u00fc deri detaylarla s\u00fcslenmi\u015ftir. Ceket d\u00fc\u015f\u00fck omuz tasar\u0131m\u0131na sahiptir. Ceket uzunlu\u011fu: 115cm, g\u00f6\u011f\u00fcs: 108cm \u00dcst uzunlu\u011fu: 75cm, g\u00f6\u011f\u00fcs: 53cm Pantolon uzunlu\u011fu: 106cm, bel: 32cm \u2014 Teknik Detaylar \u2014 Ceket Uzunlu\u011fu: 115cm Ceket G\u00f6\u011f\u00fcs: 108cm [&hellip;]<\/p>\n","protected":false},"featured_media":54133,"comment_status":"open","ping_status":"closed","template":"","meta":[],"product_brand":[],"product_cat":[1900],"product_tag":[6753,5012],"class_list":{"0":"post-54136","1":"product","2":"type-product","3":"status-publish","4":"has-post-thumbnail","6":"product_cat-koordinatlar-setler","7":"product_tag-bej","8":"product_tag-elegant","9":"pa_brand-butikkolik","10":"pa_color-bej","11":"pa_size-1-38-40","12":"pa_size-2-42-44","13":"pa_size-3-46-48","15":"first","16":"outofstock","17":"shipping-taxable","18":"product-type-variable"},"_links":{"self":[{"href":"https:\/\/mod.wisdar.net\/tr\/wp-json\/wp\/v2\/product\/54136","targetHints":{"allow":["GET"]}}],"collection":[{"href":"https:\/\/mod.wisdar.net\/tr\/wp-json\/wp\/v2\/product"}],"about":[{"href":"https:\/\/mod.wisdar.net\/tr\/wp-json\/wp\/v2\/types\/product"}],"replies":[{"embeddable":true,"href":"https:\/\/mod.wisdar.net\/tr\/wp-json\/wp\/v2\/comments?post=54136"}],"wp:featuredmedia":[{"embeddable":true,"href":"https:\/\/mod.wisdar.net\/tr\/wp-json\/wp\/v2\/media\/54133"}],"wp:attachment":[{"href":"https:\/\/mod.wisdar.net\/tr\/wp-json\/wp\/v2\/media?parent=54136"}],"wp:term":[{"taxonomy":"product_brand","embeddable":true,"href":"https:\/\/mod.wisdar.net\/tr\/wp-json\/wp\/v2\/product_brand?post=54136"},{"taxonomy":"product_cat","embeddable":true,"href":"https:\/\/mod.wisdar.net\/tr\/wp-json\/wp\/v2\/product_cat?post=54136"},{"taxonomy":"product_tag","embeddable":true,"href":"https:\/\/mod.wisdar.net\/tr\/wp-json\/wp\/v2\/product_tag?post=54136"}],"curies":[{"name":"wp","href":"https:\/\/api.w.org\/{rel}","templated":true}]}}