{"id":54202,"date":"2025-12-28T02:11:33","date_gmt":"2025-12-28T02:11:33","guid":{"rendered":"https:\/\/modesthanim.com\/product\/jakar-ceket-mozaik-mercan\/"},"modified":"2026-04-03T15:06:56","modified_gmt":"2026-04-03T15:06:56","slug":"jakar-ceket-mozaik-mercan","status":"publish","type":"product","link":"https:\/\/mod.wisdar.net\/tr\/urun\/jakar-ceket-mozaik-mercan\/","title":{"rendered":"Jakar Ceket Mozaik Mercan"},"content":{"rendered":"<p>\u00d6zel koleksiyon garnili jakar kimono. \u00d6zel desenlidir. \u0130\u00e7i astarl\u0131d\u0131r. \u00dcr\u00fcn \u00f6l\u00e7\u00fcleri; beli ayarlanabilir kemerlidir. \u00dcr\u00fcn \u00f6zellikleri 1 beden i\u00e7in; G\u00f6\u011f\u00fcs 124 cm, Bel 124 cm, Basen 126 cm, \u00dcr\u00fcn boyu 75 cm. Manken \u00fczerindeki beden 1, Manken boyu 177 cm. 1 Beden: 36-38-40, 2 Beden: 40-42-44.<\/p>\n","protected":false},"excerpt":{"rendered":"<p>\u00d6zel koleksiyon garnili jakar kimono. \u00d6zel desenlidir. \u0130\u00e7i astarl\u0131d\u0131r. \u00dcr\u00fcn \u00f6l\u00e7\u00fcleri; beli ayarlanabilir kemerlidir. \u00dcr\u00fcn \u00f6zellikleri 1 beden i\u00e7in; G\u00f6\u011f\u00fcs 124 cm, Bel 124 cm, Basen 126 cm, \u00dcr\u00fcn boyu 75 cm. Manken \u00fczerindeki beden 1, Manken boyu 177 cm. 1 Beden: 36-38-40, 2 Beden: 40-42-44.<\/p>\n","protected":false},"featured_media":54193,"comment_status":"open","ping_status":"closed","template":"","meta":[],"product_brand":[],"product_cat":[2044],"product_tag":[],"class_list":{"0":"post-54202","1":"product","2":"type-product","3":"status-publish","4":"has-post-thumbnail","6":"product_cat-ceketler","7":"pa_brand-nurkalay","8":"pa_color-mozaik-mercan","9":"pa_size-4446","10":"pa_size-4463","12":"first","13":"instock","14":"sale","15":"shipping-taxable","16":"purchasable","17":"product-type-variable"},"_links":{"self":[{"href":"https:\/\/mod.wisdar.net\/tr\/wp-json\/wp\/v2\/product\/54202","targetHints":{"allow":["GET"]}}],"collection":[{"href":"https:\/\/mod.wisdar.net\/tr\/wp-json\/wp\/v2\/product"}],"about":[{"href":"https:\/\/mod.wisdar.net\/tr\/wp-json\/wp\/v2\/types\/product"}],"replies":[{"embeddable":true,"href":"https:\/\/mod.wisdar.net\/tr\/wp-json\/wp\/v2\/comments?post=54202"}],"wp:featuredmedia":[{"embeddable":true,"href":"https:\/\/mod.wisdar.net\/tr\/wp-json\/wp\/v2\/media\/54193"}],"wp:attachment":[{"href":"https:\/\/mod.wisdar.net\/tr\/wp-json\/wp\/v2\/media?parent=54202"}],"wp:term":[{"taxonomy":"product_brand","embeddable":true,"href":"https:\/\/mod.wisdar.net\/tr\/wp-json\/wp\/v2\/product_brand?post=54202"},{"taxonomy":"product_cat","embeddable":true,"href":"https:\/\/mod.wisdar.net\/tr\/wp-json\/wp\/v2\/product_cat?post=54202"},{"taxonomy":"product_tag","embeddable":true,"href":"https:\/\/mod.wisdar.net\/tr\/wp-json\/wp\/v2\/product_tag?post=54202"}],"curies":[{"name":"wp","href":"https:\/\/api.w.org\/{rel}","templated":true}]}}