{"id":54220,"date":"2025-12-28T02:13:42","date_gmt":"2025-12-28T02:13:42","guid":{"rendered":"https:\/\/modesthanim.com\/product\/haki-renkli-aysin-pantolon-takimi\/"},"modified":"2026-04-02T21:12:16","modified_gmt":"2026-04-02T21:12:16","slug":"haki-renkli-aysin-pantolon-takimi","status":"publish","type":"product","link":"https:\/\/mod.wisdar.net\/tr\/urun\/haki-renkli-aysin-pantolon-takimi\/","title":{"rendered":"Haki Renkli Ay\u015fin Pantolon Tak\u0131m\u0131"},"content":{"rendered":"<p>\u00dcr\u00fcn birinci s\u0131n\u0131f ipek kupra kuma\u015ftan yap\u0131lm\u0131\u015ft\u0131r<br \/>\nTunik yuvarlak yaka tasar\u0131m\u0131na sahiptir<br \/>\nTunikte fermuar detay\u0131 bulunmaktad\u0131r<br \/>\nPantolon elastik bel band\u0131na sahiptir<br \/>\nTunik boyu 125cm, omuz geni\u015fli\u011fi 39cm, g\u00f6\u011f\u00fcs geni\u015fli\u011fi 53cm<br \/>\nPantolon boyu 112cm, bel geni\u015fli\u011fi 36cm<\/p>\n","protected":false},"excerpt":{"rendered":"<p>\u00dcr\u00fcn birinci s\u0131n\u0131f ipek kupra kuma\u015ftan yap\u0131lm\u0131\u015ft\u0131r Tunik yuvarlak yaka tasar\u0131m\u0131na sahiptir Tunikte fermuar detay\u0131 bulunmaktad\u0131r Pantolon elastik bel band\u0131na sahiptir Tunik boyu 125cm, omuz geni\u015fli\u011fi 39cm, g\u00f6\u011f\u00fcs geni\u015fli\u011fi 53cm Pantolon boyu 112cm, bel geni\u015fli\u011fi 36cm<\/p>\n","protected":false},"featured_media":54216,"comment_status":"open","ping_status":"closed","template":"","meta":[],"product_brand":[],"product_cat":[1900],"product_tag":[5012],"class_list":{"0":"post-54220","1":"product","2":"type-product","3":"status-publish","4":"has-post-thumbnail","6":"product_cat-koordinatlar-setler","7":"product_tag-elegant","8":"pa_brand-butikkolik","9":"pa_color-haki","10":"pa_size-1-38-40","11":"pa_size-2-42-44","12":"pa_size-3-46-48","14":"first","15":"outofstock","16":"sale","17":"shipping-taxable","18":"purchasable","19":"product-type-variable"},"_links":{"self":[{"href":"https:\/\/mod.wisdar.net\/tr\/wp-json\/wp\/v2\/product\/54220","targetHints":{"allow":["GET"]}}],"collection":[{"href":"https:\/\/mod.wisdar.net\/tr\/wp-json\/wp\/v2\/product"}],"about":[{"href":"https:\/\/mod.wisdar.net\/tr\/wp-json\/wp\/v2\/types\/product"}],"replies":[{"embeddable":true,"href":"https:\/\/mod.wisdar.net\/tr\/wp-json\/wp\/v2\/comments?post=54220"}],"wp:featuredmedia":[{"embeddable":true,"href":"https:\/\/mod.wisdar.net\/tr\/wp-json\/wp\/v2\/media\/54216"}],"wp:attachment":[{"href":"https:\/\/mod.wisdar.net\/tr\/wp-json\/wp\/v2\/media?parent=54220"}],"wp:term":[{"taxonomy":"product_brand","embeddable":true,"href":"https:\/\/mod.wisdar.net\/tr\/wp-json\/wp\/v2\/product_brand?post=54220"},{"taxonomy":"product_cat","embeddable":true,"href":"https:\/\/mod.wisdar.net\/tr\/wp-json\/wp\/v2\/product_cat?post=54220"},{"taxonomy":"product_tag","embeddable":true,"href":"https:\/\/mod.wisdar.net\/tr\/wp-json\/wp\/v2\/product_tag?post=54220"}],"curies":[{"name":"wp","href":"https:\/\/api.w.org\/{rel}","templated":true}]}}