{"id":54301,"date":"2025-12-28T02:18:24","date_gmt":"2025-12-28T02:18:24","guid":{"rendered":"https:\/\/modesthanim.com\/product\/tensel-jile-elbise-koyu-haki\/"},"modified":"2026-02-18T07:09:11","modified_gmt":"2026-02-18T07:09:11","slug":"tensel-jile-elbise-koyu-haki","status":"publish","type":"product","link":"https:\/\/mod.wisdar.net\/tr\/urun\/tensel-jile-elbise-koyu-haki\/","title":{"rendered":"Tensel Jile Elbise Koyu Haki"},"content":{"rendered":"<p>\u00dcr\u00fcn tek olarak sat\u0131lmaktad\u0131r. Elde y\u0131kanmaz kuru temizleme yap\u0131n\u0131z.<\/p>\n<p>\u2014 Technical Details \u2014<br \/>\nSezon: YAZ<br \/>\nCinsiyet: Kad\u0131n<br \/>\nMalzeme: Tensel<br \/>\nKal\u0131p: Tam Kal\u0131p<br \/>\nKol Boyu: Kolsuz<br \/>\nYaka Tipi: Bisiklet Yaka<br \/>\nManken \u00d6l\u00e7\u00fcleri: 1,78<br \/>\nMankenin Giydi\u011fi Beden: S Beden<\/p>\n","protected":false},"excerpt":{"rendered":"<p>\u00dcr\u00fcn tek olarak sat\u0131lmaktad\u0131r. Elde y\u0131kanmaz kuru temizleme yap\u0131n\u0131z. \u2014 Technical Details \u2014 Sezon: YAZ Cinsiyet: Kad\u0131n Malzeme: Tensel Kal\u0131p: Tam Kal\u0131p Kol Boyu: Kolsuz Yaka Tipi: Bisiklet Yaka Manken \u00d6l\u00e7\u00fcleri: 1,78 Mankenin Giydi\u011fi Beden: S Beden<\/p>\n","protected":false},"featured_media":54290,"comment_status":"open","ping_status":"closed","template":"","meta":[],"product_brand":[],"product_cat":[6249,1933],"product_tag":[],"class_list":{"0":"post-54301","1":"product","2":"type-product","3":"status-publish","4":"has-post-thumbnail","6":"product_cat-elbiseler","7":"product_cat-gunluk-ve-gunduz-elbiseleri","8":"pa_brand-minik-terzi","9":"pa_color-koyu-haki","10":"pa_size-l","11":"pa_size-m","12":"pa_size-s","13":"pa_size-xs","15":"first","16":"instock","17":"shipping-taxable","18":"purchasable","19":"product-type-variable"},"_links":{"self":[{"href":"https:\/\/mod.wisdar.net\/tr\/wp-json\/wp\/v2\/product\/54301","targetHints":{"allow":["GET"]}}],"collection":[{"href":"https:\/\/mod.wisdar.net\/tr\/wp-json\/wp\/v2\/product"}],"about":[{"href":"https:\/\/mod.wisdar.net\/tr\/wp-json\/wp\/v2\/types\/product"}],"replies":[{"embeddable":true,"href":"https:\/\/mod.wisdar.net\/tr\/wp-json\/wp\/v2\/comments?post=54301"}],"wp:featuredmedia":[{"embeddable":true,"href":"https:\/\/mod.wisdar.net\/tr\/wp-json\/wp\/v2\/media\/54290"}],"wp:attachment":[{"href":"https:\/\/mod.wisdar.net\/tr\/wp-json\/wp\/v2\/media?parent=54301"}],"wp:term":[{"taxonomy":"product_brand","embeddable":true,"href":"https:\/\/mod.wisdar.net\/tr\/wp-json\/wp\/v2\/product_brand?post=54301"},{"taxonomy":"product_cat","embeddable":true,"href":"https:\/\/mod.wisdar.net\/tr\/wp-json\/wp\/v2\/product_cat?post=54301"},{"taxonomy":"product_tag","embeddable":true,"href":"https:\/\/mod.wisdar.net\/tr\/wp-json\/wp\/v2\/product_tag?post=54301"}],"curies":[{"name":"wp","href":"https:\/\/api.w.org\/{rel}","templated":true}]}}