{"id":54337,"date":"2025-12-28T02:19:17","date_gmt":"2025-12-28T02:19:17","guid":{"rendered":"https:\/\/modesthanim.com\/product\/sevval-elbise-bordo\/"},"modified":"2026-03-24T21:27:53","modified_gmt":"2026-03-24T21:27:53","slug":"sevval-elbise-bordo","status":"publish","type":"product","link":"https:\/\/mod.wisdar.net\/tr\/urun\/sevval-elbise-bordo\/","title":{"rendered":"\u015eevval Elbise Bordo"},"content":{"rendered":"<p>Elbise, birinci s\u0131n\u0131f Channel kuma\u015ftan \u00fcretilmi\u015ftir. Jile formunda ve tam boy d\u00fc\u011fmeli olan bu elbise, astarl\u0131d\u0131r. Set i\u00e7erisinde tam boy d\u00fc\u011fmeli ve \u00f6n\u00fc f\u0131rf\u0131rl\u0131 bir g\u00f6mlek de bulunmaktad\u0131r. Elbise \u00f6l\u00e7\u00fcleri: Boy 137 cm, omuz 33 cm, g\u00f6\u011f\u00fcs 44 cm, bel 37 cm. G\u00f6mlek \u00f6l\u00e7\u00fcleri: Boy 71 cm, omuz 42 cm, g\u00f6\u011f\u00fcs 47 cm.<\/p>\n","protected":false},"excerpt":{"rendered":"<p>Elbise, birinci s\u0131n\u0131f Channel kuma\u015ftan \u00fcretilmi\u015ftir. Jile formunda ve tam boy d\u00fc\u011fmeli olan bu elbise, astarl\u0131d\u0131r. Set i\u00e7erisinde tam boy d\u00fc\u011fmeli ve \u00f6n\u00fc f\u0131rf\u0131rl\u0131 bir g\u00f6mlek de bulunmaktad\u0131r. Elbise \u00f6l\u00e7\u00fcleri: Boy 137 cm, omuz 33 cm, g\u00f6\u011f\u00fcs 44 cm, bel 37 cm. G\u00f6mlek \u00f6l\u00e7\u00fcleri: Boy 71 cm, omuz 42 cm, g\u00f6\u011f\u00fcs 47 cm.<\/p>\n","protected":false},"featured_media":54334,"comment_status":"open","ping_status":"closed","template":"","meta":[],"product_brand":[],"product_cat":[1900],"product_tag":[],"class_list":{"0":"post-54337","1":"product","2":"type-product","3":"status-publish","4":"has-post-thumbnail","6":"product_cat-koordinatlar-setler","7":"pa_brand-butikkolik","8":"pa_color-bordo","9":"pa_size-4706","10":"pa_size-4711","11":"pa_size-4713","12":"pa_size-4751","14":"first","15":"outofstock","16":"shipping-taxable","17":"product-type-variable"},"_links":{"self":[{"href":"https:\/\/mod.wisdar.net\/tr\/wp-json\/wp\/v2\/product\/54337","targetHints":{"allow":["GET"]}}],"collection":[{"href":"https:\/\/mod.wisdar.net\/tr\/wp-json\/wp\/v2\/product"}],"about":[{"href":"https:\/\/mod.wisdar.net\/tr\/wp-json\/wp\/v2\/types\/product"}],"replies":[{"embeddable":true,"href":"https:\/\/mod.wisdar.net\/tr\/wp-json\/wp\/v2\/comments?post=54337"}],"wp:featuredmedia":[{"embeddable":true,"href":"https:\/\/mod.wisdar.net\/tr\/wp-json\/wp\/v2\/media\/54334"}],"wp:attachment":[{"href":"https:\/\/mod.wisdar.net\/tr\/wp-json\/wp\/v2\/media?parent=54337"}],"wp:term":[{"taxonomy":"product_brand","embeddable":true,"href":"https:\/\/mod.wisdar.net\/tr\/wp-json\/wp\/v2\/product_brand?post=54337"},{"taxonomy":"product_cat","embeddable":true,"href":"https:\/\/mod.wisdar.net\/tr\/wp-json\/wp\/v2\/product_cat?post=54337"},{"taxonomy":"product_tag","embeddable":true,"href":"https:\/\/mod.wisdar.net\/tr\/wp-json\/wp\/v2\/product_tag?post=54337"}],"curies":[{"name":"wp","href":"https:\/\/api.w.org\/{rel}","templated":true}]}}