{"id":54371,"date":"2025-12-28T02:26:23","date_gmt":"2025-12-28T02:26:23","guid":{"rendered":"https:\/\/modesthanim.com\/product\/duz-kuplu-gece-elbisesi-lacivert\/"},"modified":"2026-04-10T12:01:50","modified_gmt":"2026-04-10T12:01:50","slug":"duz-kuplu-gece-elbisesi-lacivert","status":"publish","type":"product","link":"https:\/\/mod.wisdar.net\/tr\/urun\/duz-kuplu-gece-elbisesi-lacivert\/","title":{"rendered":"D\u00fcz Kuplu Gece Elbisesi Lacivert"},"content":{"rendered":"<p>D\u00fcz Kuplu Gece Elbisesi Lacivert, sade \u00e7izgileri ve zarif duru\u015fuyla \u00f6zel davetlerin vazge\u00e7ilmez par\u00e7as\u0131 olmaya aday. %100 polyester kuma\u015f\u0131, d\u00f6k\u00fcml\u00fc ve ak\u0131c\u0131 formuyla v\u00fccudu zarif\u00e7e sararken, tam kal\u0131b\u0131 kusursuz bir siluet sunar. Bisiklet yaka ve takma kol tasar\u0131m\u0131, minimal ama etkileyici bir g\u00f6r\u00fcn\u00fcm yarat\u0131r. Arkadan fermuarl\u0131 yap\u0131s\u0131, giyip \u00e7\u0131karmay\u0131 kolayla\u015ft\u0131r\u0131r. Lacivertin asil tonuyla hem \u015f\u0131k hem de zamans\u0131z bir etki b\u0131rakan bu elbise, topuklu ayakkab\u0131lar ve minimal aksesuarlarla tamamland\u0131\u011f\u0131nda kusursuz bir gece kombini olu\u015fturur. D\u00fcz kup detaylar\u0131yla sade ama g\u00fc\u00e7l\u00fc bir stil sunan bu model, \u00f6zel g\u00fcnlerinizde stilinizi \u00f6n plana \u00e7\u0131karacak.<\/p>\n<p>\u2014 Technical Details \u2014<br \/>\nSezon: YAZ<br \/>\nCinsiyet: Kad\u0131n<br \/>\nMalzeme: Pes<br \/>\nKuma\u015f \u0130\u00e7eri\u011fi: %100 Pes<br \/>\nKal\u0131p: Tam Kal\u0131p<br \/>\nKol Boyu: Uzun Kollu<br \/>\nYaka Tipi: Bisiklet Yaka<br \/>\nManken \u00d6l\u00e7\u00fcleri: 1,77<br \/>\nMankenin Giydi\u011fi Beden: S Beden<br \/>\nA\u00e7\u0131klama: Elde y\u0131kanmaz kuru temizleme yap\u0131n\u0131z.<\/p>\n","protected":false},"excerpt":{"rendered":"<p>D\u00fcz Kuplu Gece Elbisesi Lacivert, sade \u00e7izgileri ve zarif duru\u015fuyla \u00f6zel davetlerin vazge\u00e7ilmez par\u00e7as\u0131 olmaya aday. %100 polyester kuma\u015f\u0131, d\u00f6k\u00fcml\u00fc ve ak\u0131c\u0131 formuyla v\u00fccudu zarif\u00e7e sararken, tam kal\u0131b\u0131 kusursuz bir siluet sunar. Bisiklet yaka ve takma kol tasar\u0131m\u0131, minimal ama etkileyici bir g\u00f6r\u00fcn\u00fcm yarat\u0131r. Arkadan fermuarl\u0131 yap\u0131s\u0131, giyip \u00e7\u0131karmay\u0131 kolayla\u015ft\u0131r\u0131r. Lacivertin asil tonuyla hem \u015f\u0131k [&hellip;]<\/p>\n","protected":false},"featured_media":54365,"comment_status":"open","ping_status":"closed","template":"","meta":[],"product_brand":[],"product_cat":[6249,1936],"product_tag":[8427,6744,7238,7959],"class_list":{"0":"post-54371","1":"product","2":"type-product","3":"status-publish","4":"has-post-thumbnail","6":"product_cat-elbiseler","7":"product_cat-resmi-ve-aksam-elbiseleri","8":"product_tag-gece-elbisesi","9":"product_tag-kadin-modasi","10":"product_tag-lacivert","11":"product_tag-resmi-giyim","12":"pa_brand-minik-terzi","13":"pa_color-lacivert","14":"pa_size-l","15":"pa_size-m","16":"pa_size-s","17":"pa_size-xs","19":"first","20":"instock","21":"shipping-taxable","22":"purchasable","23":"product-type-variable"},"_links":{"self":[{"href":"https:\/\/mod.wisdar.net\/tr\/wp-json\/wp\/v2\/product\/54371","targetHints":{"allow":["GET"]}}],"collection":[{"href":"https:\/\/mod.wisdar.net\/tr\/wp-json\/wp\/v2\/product"}],"about":[{"href":"https:\/\/mod.wisdar.net\/tr\/wp-json\/wp\/v2\/types\/product"}],"replies":[{"embeddable":true,"href":"https:\/\/mod.wisdar.net\/tr\/wp-json\/wp\/v2\/comments?post=54371"}],"wp:featuredmedia":[{"embeddable":true,"href":"https:\/\/mod.wisdar.net\/tr\/wp-json\/wp\/v2\/media\/54365"}],"wp:attachment":[{"href":"https:\/\/mod.wisdar.net\/tr\/wp-json\/wp\/v2\/media?parent=54371"}],"wp:term":[{"taxonomy":"product_brand","embeddable":true,"href":"https:\/\/mod.wisdar.net\/tr\/wp-json\/wp\/v2\/product_brand?post=54371"},{"taxonomy":"product_cat","embeddable":true,"href":"https:\/\/mod.wisdar.net\/tr\/wp-json\/wp\/v2\/product_cat?post=54371"},{"taxonomy":"product_tag","embeddable":true,"href":"https:\/\/mod.wisdar.net\/tr\/wp-json\/wp\/v2\/product_tag?post=54371"}],"curies":[{"name":"wp","href":"https:\/\/api.w.org\/{rel}","templated":true}]}}