{"id":54408,"date":"2025-12-28T02:28:25","date_gmt":"2025-12-28T02:28:25","guid":{"rendered":"https:\/\/modesthanim.com\/product\/tarcin-rengi-grograin-piped-kisa-yelek\/"},"modified":"2026-04-05T22:00:39","modified_gmt":"2026-04-05T22:00:39","slug":"tarcin-rengi-grograin-piped-kisa-yelek","status":"publish","type":"product","link":"https:\/\/mod.wisdar.net\/tr\/urun\/tarcin-rengi-grograin-piped-kisa-yelek\/","title":{"rendered":"Tar\u00e7\u0131n Rengi Grograin Piped K\u0131sa Yelek"},"content":{"rendered":"<p>\u015e\u0131k detaylar\u0131yla Grograin Piped K\u0131sa Yelek, g\u00fcnl\u00fck ve \u00f6zel k\u0131yafetlerinize modern bir dokunu\u015f kat\u0131yor.<\/p>\n<p>Kuma\u015f \u0130\u00e7eri\u011fi: %98 Polyester, %2 Elastan<br \/>\nDesen: Kapitone<br \/>\nYaka Tipi: Dik Yaka<br \/>\nKol Tipi: Kolsuz<br \/>\nCep: D\u00fcnya Cebi<br \/>\nAstar: Astarl\u0131<br \/>\n\u00dcr\u00fcn Uzunlu\u011fu: 57 cm<br \/>\nKal\u0131p: Normal Kal\u0131p<br \/>\nModelin Giydi\u011fi Beden: 36<br \/>\nModel \u00d6l\u00e7\u00fcleri: Boy: 174 cm, G\u00f6\u011f\u00fcs: 83 cm, Bel: 57 cm, Kal\u00e7a: 88 cm<\/p>\n<p>\u2014 Teknik Detaylar \u2014<br \/>\nDesen: Kapitone<br \/>\nYaka Tipi: Dik Yaka<br \/>\nKol Tipi: Kolsuz<br \/>\nCep: D\u00fcnya Cebi<br \/>\nAstar: Astarl\u0131<br \/>\n\u00dcr\u00fcn Uzunlu\u011fu: 57 cm<br \/>\nKal\u0131p: Normal Kal\u0131p<br \/>\nModelin Giydi\u011fi Beden: 36<br \/>\nModel \u00d6l\u00e7\u00fcleri: Boy: 174 cm, G\u00f6\u011f\u00fcs: 83 cm, Bel: 57 cm, Kal\u00e7a: 88 cm<\/p>\n","protected":false},"excerpt":{"rendered":"<p>\u015e\u0131k detaylar\u0131yla Grograin Piped K\u0131sa Yelek, g\u00fcnl\u00fck ve \u00f6zel k\u0131yafetlerinize modern bir dokunu\u015f kat\u0131yor. Kuma\u015f \u0130\u00e7eri\u011fi: %98 Polyester, %2 Elastan Desen: Kapitone Yaka Tipi: Dik Yaka Kol Tipi: Kolsuz Cep: D\u00fcnya Cebi Astar: Astarl\u0131 \u00dcr\u00fcn Uzunlu\u011fu: 57 cm Kal\u0131p: Normal Kal\u0131p Modelin Giydi\u011fi Beden: 36 Model \u00d6l\u00e7\u00fcleri: Boy: 174 cm, G\u00f6\u011f\u00fcs: 83 cm, Bel: 57 [&hellip;]<\/p>\n","protected":false},"featured_media":54402,"comment_status":"open","ping_status":"closed","template":"","meta":[],"product_brand":[],"product_cat":[2053],"product_tag":[8465],"class_list":{"0":"post-54408","1":"product","2":"type-product","3":"status-publish","4":"has-post-thumbnail","6":"product_cat-yelekler-yelekler","7":"product_tag-tarcin","8":"pa_brand-tugba","9":"pa_color-tarcin","10":"pa_size-4701","11":"pa_size-4706","12":"pa_size-4711","13":"pa_size-4713","15":"first","16":"instock","17":"sale","18":"shipping-taxable","19":"purchasable","20":"product-type-variable"},"_links":{"self":[{"href":"https:\/\/mod.wisdar.net\/tr\/wp-json\/wp\/v2\/product\/54408","targetHints":{"allow":["GET"]}}],"collection":[{"href":"https:\/\/mod.wisdar.net\/tr\/wp-json\/wp\/v2\/product"}],"about":[{"href":"https:\/\/mod.wisdar.net\/tr\/wp-json\/wp\/v2\/types\/product"}],"replies":[{"embeddable":true,"href":"https:\/\/mod.wisdar.net\/tr\/wp-json\/wp\/v2\/comments?post=54408"}],"wp:featuredmedia":[{"embeddable":true,"href":"https:\/\/mod.wisdar.net\/tr\/wp-json\/wp\/v2\/media\/54402"}],"wp:attachment":[{"href":"https:\/\/mod.wisdar.net\/tr\/wp-json\/wp\/v2\/media?parent=54408"}],"wp:term":[{"taxonomy":"product_brand","embeddable":true,"href":"https:\/\/mod.wisdar.net\/tr\/wp-json\/wp\/v2\/product_brand?post=54408"},{"taxonomy":"product_cat","embeddable":true,"href":"https:\/\/mod.wisdar.net\/tr\/wp-json\/wp\/v2\/product_cat?post=54408"},{"taxonomy":"product_tag","embeddable":true,"href":"https:\/\/mod.wisdar.net\/tr\/wp-json\/wp\/v2\/product_tag?post=54408"}],"curies":[{"name":"wp","href":"https:\/\/api.w.org\/{rel}","templated":true}]}}