{"id":54490,"date":"2025-11-07T20:16:06","date_gmt":"2025-11-02T14:10:20","guid":{"rendered":"https:\/\/modesthanim.com\/product\/pembe-basic-modal-gomlek-seti\/"},"modified":"2026-04-15T20:41:12","modified_gmt":"2026-04-15T20:41:12","slug":"pembe-basic-modal-gomlek-seti","status":"publish","type":"product","link":"https:\/\/mod.wisdar.net\/tr\/urun\/pembe-basic-modal-gomlek-seti\/","title":{"rendered":"Pembe Basic Modal G\u00f6mlek Seti"},"content":{"rendered":"<p>Ak\u0131c\u0131 dokuma modal kuma\u015ftan \u00fcretilen bu set, g\u00f6mlek yaka, d\u00fc\u011fmeli \u00f6n, uzun kollu ve elastik beli, cepli rahat kesim pantolon i\u00e7erir. Beden 1 (36-38): \u00d6n Uzunluk: 72 cm, Arka Uzunluk: 80 cm, Omuz Geni\u015fli\u011fi: 43 cm, Kol Uzunlu\u011fu: 57 cm, G\u00f6\u011f\u00fcs: 50 cm, Bel: 56 cm. Pantolon Uzunlu\u011fu: 92 cm, Normal Bel: 29 cm, Esnek Bel: 46 cm, Kal\u00e7a: 49 cm. Beden 2 (40-42): \u00d6n Uzunluk: 73 cm, Arka Uzunluk: 81 cm, Omuz Geni\u015fli\u011fi: 44 cm, Kol Uzunlu\u011fu: 57 cm, G\u00f6\u011f\u00fcs: 52 cm, Bel: 56 cm. Pantolon Uzunlu\u011fu: 94 cm, Normal Bel: 31 cm, Esnek Bel: 48 cm, Kal\u00e7a: 54 cm.<\/p>\n","protected":false},"excerpt":{"rendered":"<p>Ak\u0131c\u0131 dokuma modal kuma\u015ftan \u00fcretilen bu set, g\u00f6mlek yaka, d\u00fc\u011fmeli \u00f6n, uzun kollu ve elastik beli, cepli rahat kesim pantolon i\u00e7erir. Beden 1 (36-38): \u00d6n Uzunluk: 72 cm, Arka Uzunluk: 80 cm, Omuz Geni\u015fli\u011fi: 43 cm, Kol Uzunlu\u011fu: 57 cm, G\u00f6\u011f\u00fcs: 50 cm, Bel: 56 cm. Pantolon Uzunlu\u011fu: 92 cm, Normal Bel: 29 cm, Esnek [&hellip;]<\/p>\n","protected":false},"featured_media":54479,"comment_status":"open","ping_status":"closed","template":"","meta":[],"product_brand":[],"product_cat":[1900],"product_tag":[7419,6759],"class_list":{"0":"post-54490","1":"product","2":"type-product","3":"status-publish","4":"has-post-thumbnail","6":"product_cat-koordinatlar-setler","7":"product_tag-gunluk","8":"product_tag-konfor","9":"pa_brand-fahhar","10":"pa_color-pembe","11":"pa_size-1-36-38","12":"pa_size-2-40-42","14":"first","15":"outofstock","16":"shipping-taxable","17":"product-type-variable"},"_links":{"self":[{"href":"https:\/\/mod.wisdar.net\/tr\/wp-json\/wp\/v2\/product\/54490","targetHints":{"allow":["GET"]}}],"collection":[{"href":"https:\/\/mod.wisdar.net\/tr\/wp-json\/wp\/v2\/product"}],"about":[{"href":"https:\/\/mod.wisdar.net\/tr\/wp-json\/wp\/v2\/types\/product"}],"replies":[{"embeddable":true,"href":"https:\/\/mod.wisdar.net\/tr\/wp-json\/wp\/v2\/comments?post=54490"}],"wp:featuredmedia":[{"embeddable":true,"href":"https:\/\/mod.wisdar.net\/tr\/wp-json\/wp\/v2\/media\/54479"}],"wp:attachment":[{"href":"https:\/\/mod.wisdar.net\/tr\/wp-json\/wp\/v2\/media?parent=54490"}],"wp:term":[{"taxonomy":"product_brand","embeddable":true,"href":"https:\/\/mod.wisdar.net\/tr\/wp-json\/wp\/v2\/product_brand?post=54490"},{"taxonomy":"product_cat","embeddable":true,"href":"https:\/\/mod.wisdar.net\/tr\/wp-json\/wp\/v2\/product_cat?post=54490"},{"taxonomy":"product_tag","embeddable":true,"href":"https:\/\/mod.wisdar.net\/tr\/wp-json\/wp\/v2\/product_tag?post=54490"}],"curies":[{"name":"wp","href":"https:\/\/api.w.org\/{rel}","templated":true}]}}