{"id":54517,"date":"2025-12-28T02:42:31","date_gmt":"2025-12-28T02:42:31","guid":{"rendered":"https:\/\/modesthanim.com\/product\/krem-rengi-yuksek-bel-detayli-dikisli-rahat-pantolon\/"},"modified":"2026-04-15T21:48:04","modified_gmt":"2026-04-15T21:48:04","slug":"krem-rengi-yuksek-bel-detayli-dikisli-rahat-pantolon","status":"publish","type":"product","link":"https:\/\/mod.wisdar.net\/tr\/urun\/krem-rengi-yuksek-bel-detayli-dikisli-rahat-pantolon\/","title":{"rendered":"Krem Rengi Y\u00fcksek Bel Detayl\u0131 Diki\u015fli Rahat Pantolon"},"content":{"rendered":"<p>Bu Krem Rengi Y\u00fcksek Bel Detayl\u0131 Diki\u015fli Rahat Pantolonlar, \u00e7ift y\u00fczeyli pamuk kuma\u015ftan \u00fcretilmi\u015ftir, konfor ve stil sunar. Tam daire elastik bel band\u0131 ve ayarlanabilir ba\u011fc\u0131k detay\u0131 ki\u015fisel bir uyum sa\u011flarken, pinti diki\u015f detay\u0131 estetik bir dokunu\u015f katmaktad\u0131r. Rahat kesimi g\u00fcn boyu hareket \u00f6zg\u00fcrl\u00fc\u011f\u00fc sa\u011flar. Hem g\u00fcnl\u00fck kullan\u0131m hem de \u015f\u0131k kombinler i\u00e7in kolayca tercih edilebilir, gard\u0131robunuzun vazge\u00e7ilmez bir par\u00e7as\u0131d\u0131r.<\/p>\n<p>\u2014 Teknik Detaylar \u2014<br \/>\n\u00dcr\u00fcn Tipi: Rahat kesim pantolon<br \/>\nKuma\u015f: \u00c7ift y\u00fczeyli pamuk<br \/>\nBel: Y\u00fcksek bel, tam daire elastik<br \/>\nKapama: Ayarlanabilir bel ba\u011fc\u0131k detay\u0131<br \/>\nDetay: Pinti diki\u015f<\/p>\n","protected":false},"excerpt":{"rendered":"<p>Bu Krem Rengi Y\u00fcksek Bel Detayl\u0131 Diki\u015fli Rahat Pantolonlar, \u00e7ift y\u00fczeyli pamuk kuma\u015ftan \u00fcretilmi\u015ftir, konfor ve stil sunar. Tam daire elastik bel band\u0131 ve ayarlanabilir ba\u011fc\u0131k detay\u0131 ki\u015fisel bir uyum sa\u011flarken, pinti diki\u015f detay\u0131 estetik bir dokunu\u015f katmaktad\u0131r. Rahat kesimi g\u00fcn boyu hareket \u00f6zg\u00fcrl\u00fc\u011f\u00fc sa\u011flar. Hem g\u00fcnl\u00fck kullan\u0131m hem de \u015f\u0131k kombinler i\u00e7in kolayca tercih [&hellip;]<\/p>\n","protected":false},"featured_media":54512,"comment_status":"open","ping_status":"closed","template":"","meta":[],"product_brand":[],"product_cat":[1882],"product_tag":[6759,7488,7650],"class_list":{"0":"post-54517","1":"product","2":"type-product","3":"status-publish","4":"has-post-thumbnail","6":"product_cat-alt-giyim","7":"product_tag-konfor","8":"product_tag-pamuk","9":"product_tag-yuksek-bel-3","10":"pa_brand-kadriye-basturk","11":"pa_color-krem","12":"pa_size-4446","13":"pa_size-4463","15":"first","16":"outofstock","17":"shipping-taxable","18":"product-type-variable"},"_links":{"self":[{"href":"https:\/\/mod.wisdar.net\/tr\/wp-json\/wp\/v2\/product\/54517","targetHints":{"allow":["GET"]}}],"collection":[{"href":"https:\/\/mod.wisdar.net\/tr\/wp-json\/wp\/v2\/product"}],"about":[{"href":"https:\/\/mod.wisdar.net\/tr\/wp-json\/wp\/v2\/types\/product"}],"replies":[{"embeddable":true,"href":"https:\/\/mod.wisdar.net\/tr\/wp-json\/wp\/v2\/comments?post=54517"}],"wp:featuredmedia":[{"embeddable":true,"href":"https:\/\/mod.wisdar.net\/tr\/wp-json\/wp\/v2\/media\/54512"}],"wp:attachment":[{"href":"https:\/\/mod.wisdar.net\/tr\/wp-json\/wp\/v2\/media?parent=54517"}],"wp:term":[{"taxonomy":"product_brand","embeddable":true,"href":"https:\/\/mod.wisdar.net\/tr\/wp-json\/wp\/v2\/product_brand?post=54517"},{"taxonomy":"product_cat","embeddable":true,"href":"https:\/\/mod.wisdar.net\/tr\/wp-json\/wp\/v2\/product_cat?post=54517"},{"taxonomy":"product_tag","embeddable":true,"href":"https:\/\/mod.wisdar.net\/tr\/wp-json\/wp\/v2\/product_tag?post=54517"}],"curies":[{"name":"wp","href":"https:\/\/api.w.org\/{rel}","templated":true}]}}