{"id":54547,"date":"2025-12-28T02:43:49","date_gmt":"2025-12-28T02:43:49","guid":{"rendered":"https:\/\/modesthanim.com\/product\/lacivert-yuksek-bel-pintuck-dikis-detayli-pantolon\/"},"modified":"2026-04-15T21:53:00","modified_gmt":"2026-04-15T21:53:00","slug":"lacivert-yuksek-bel-pintuck-dikis-detayli-pantolon","status":"publish","type":"product","link":"https:\/\/mod.wisdar.net\/tr\/urun\/lacivert-yuksek-bel-pintuck-dikis-detayli-pantolon\/","title":{"rendered":"Lacivert Y\u00fcksek Bel Pintuck Diki\u015f Detayl\u0131 Pantolon"},"content":{"rendered":"<p>Bu Lacivert Y\u00fcksek Bel Pintuck Diki\u015f Detayl\u0131 Pantolonlar, \u00e7ift tarafl\u0131 interlok kuma\u015ftan \u00fcretilmi\u015ftir, rahat ve \u015f\u0131k bir tasar\u0131m sunar. Tam daire elastik bel band\u0131 ve ayarlanabilir ba\u011fc\u0131k detay\u0131 ki\u015fisel konfor sa\u011flar. Pintuck diki\u015fi zarif bir dokunu\u015f eklerken, rahat kesimi g\u00fcn boyu hareket \u00f6zg\u00fcrl\u00fc\u011f\u00fc sa\u011flar. Bu pantolonlar, gard\u0131robunuz i\u00e7in hem g\u00fcndelik hem de daha sofistike k\u0131yafetler i\u00e7in uygun \u00e7ok y\u00f6nl\u00fc bir eklentidir.<\/p>\n<p>\u2014 Teknik Detaylar \u2014<br \/>\n\u00dcr\u00fcn Tipi: Rahat kesim pantolon<br \/>\nKuma\u015f: \u00c7ift y\u00fcz interlok kuma\u015f<br \/>\nBel: Y\u00fcksek bel, tam daire elastik<br \/>\nKapatma: Ayarlanabilir bel ba\u011fc\u0131k detay\u0131<br \/>\nDetay: Pintuck diki\u015fi<\/p>\n","protected":false},"excerpt":{"rendered":"<p>Bu Lacivert Y\u00fcksek Bel Pintuck Diki\u015f Detayl\u0131 Pantolonlar, \u00e7ift tarafl\u0131 interlok kuma\u015ftan \u00fcretilmi\u015ftir, rahat ve \u015f\u0131k bir tasar\u0131m sunar. Tam daire elastik bel band\u0131 ve ayarlanabilir ba\u011fc\u0131k detay\u0131 ki\u015fisel konfor sa\u011flar. Pintuck diki\u015fi zarif bir dokunu\u015f eklerken, rahat kesimi g\u00fcn boyu hareket \u00f6zg\u00fcrl\u00fc\u011f\u00fc sa\u011flar. Bu pantolonlar, gard\u0131robunuz i\u00e7in hem g\u00fcndelik hem de daha sofistike k\u0131yafetler [&hellip;]<\/p>\n","protected":false},"featured_media":54540,"comment_status":"open","ping_status":"closed","template":"","meta":[],"product_brand":[],"product_cat":[1882],"product_tag":[6936,5012,6759],"class_list":{"0":"post-54547","1":"product","2":"type-product","3":"status-publish","4":"has-post-thumbnail","6":"product_cat-alt-giyim","7":"product_tag-cok-yonlu","8":"product_tag-elegant","9":"product_tag-konfor","10":"pa_brand-kadriye-basturk","11":"pa_color-lacivert","12":"pa_size-4446","13":"pa_size-4463","15":"first","16":"outofstock","17":"shipping-taxable","18":"product-type-variable"},"_links":{"self":[{"href":"https:\/\/mod.wisdar.net\/tr\/wp-json\/wp\/v2\/product\/54547","targetHints":{"allow":["GET"]}}],"collection":[{"href":"https:\/\/mod.wisdar.net\/tr\/wp-json\/wp\/v2\/product"}],"about":[{"href":"https:\/\/mod.wisdar.net\/tr\/wp-json\/wp\/v2\/types\/product"}],"replies":[{"embeddable":true,"href":"https:\/\/mod.wisdar.net\/tr\/wp-json\/wp\/v2\/comments?post=54547"}],"wp:featuredmedia":[{"embeddable":true,"href":"https:\/\/mod.wisdar.net\/tr\/wp-json\/wp\/v2\/media\/54540"}],"wp:attachment":[{"href":"https:\/\/mod.wisdar.net\/tr\/wp-json\/wp\/v2\/media?parent=54547"}],"wp:term":[{"taxonomy":"product_brand","embeddable":true,"href":"https:\/\/mod.wisdar.net\/tr\/wp-json\/wp\/v2\/product_brand?post=54547"},{"taxonomy":"product_cat","embeddable":true,"href":"https:\/\/mod.wisdar.net\/tr\/wp-json\/wp\/v2\/product_cat?post=54547"},{"taxonomy":"product_tag","embeddable":true,"href":"https:\/\/mod.wisdar.net\/tr\/wp-json\/wp\/v2\/product_tag?post=54547"}],"curies":[{"name":"wp","href":"https:\/\/api.w.org\/{rel}","templated":true}]}}