{"id":54565,"date":"2025-11-01T20:57:34","date_gmt":"2025-11-01T20:57:34","guid":{"rendered":"https:\/\/modesthanim.com\/product\/cepli-sal-desenli-etek-bej\/"},"modified":"2026-01-15T08:33:36","modified_gmt":"2026-01-15T08:33:36","slug":"cepli-sal-desenli-etek-bej","status":"publish","type":"product","link":"https:\/\/mod.wisdar.net\/tr\/urun\/cepli-sal-desenli-etek-bej\/","title":{"rendered":"Cepli \u015eal Desenli Etek \u2013 Bej"},"content":{"rendered":"<p>Etnik havalar modern \u00e7izgilerle bulu\u015fuyor! Cepli \u015eal Desenli Etek, karakteristik desen yap\u0131s\u0131yla dikkat \u00e7ekerken, cepli tasar\u0131m\u0131yla \u015f\u0131kl\u0131\u011f\u0131n\u0131za pratiklik kat\u0131yor.<\/p>\n<p>\u2014 Teknik Detaylar \u2014<br \/>\nDesen: \u015eal Deseni<br \/>\nBel Tipi: Y\u00fcksek Bel<br \/>\nEtek Tipi: Klok<br \/>\nCep: Yan Cep<br \/>\nAstar: Astarl\u0131<br \/>\n\u00dcr\u00fcn Uzunlu\u011fu: 100 cm<br \/>\nKal\u0131p: Normal Kal\u0131p<br \/>\nModelin Giydi\u011fi Beden: 38<br \/>\nModel \u00d6l\u00e7\u00fcleri: {&#8216;Boy&#8217;: &#8216;176 cm&#8217;, &#8216;G\u00f6\u011f\u00fcs&#8217;: &#8217;86 cm&#8217;, &#8216;Bel&#8217;: &#8217;61 cm&#8217;, &#8216;Kal\u00e7a&#8217;: &#8217;90 cm&#8217;}<\/p>\n","protected":false},"excerpt":{"rendered":"<p>Etnik havalar modern \u00e7izgilerle bulu\u015fuyor! Cepli \u015eal Desenli Etek, karakteristik desen yap\u0131s\u0131yla dikkat \u00e7ekerken, cepli tasar\u0131m\u0131yla \u015f\u0131kl\u0131\u011f\u0131n\u0131za pratiklik kat\u0131yor. \u2014 Teknik Detaylar \u2014 Desen: \u015eal Deseni Bel Tipi: Y\u00fcksek Bel Etek Tipi: Klok Cep: Yan Cep Astar: Astarl\u0131 \u00dcr\u00fcn Uzunlu\u011fu: 100 cm Kal\u0131p: Normal Kal\u0131p Modelin Giydi\u011fi Beden: 38 Model \u00d6l\u00e7\u00fcleri: {&#8216;Boy&#8217;: &#8216;176 cm&#8217;, &#8216;G\u00f6\u011f\u00fcs&#8217;: [&hellip;]<\/p>\n","protected":false},"featured_media":54560,"comment_status":"open","ping_status":"closed","template":"","meta":[],"product_brand":[],"product_cat":[1969],"product_tag":[6921,6753,7547,8232,7650],"class_list":{"0":"post-54565","1":"product","2":"type-product","3":"status-publish","4":"has-post-thumbnail","6":"product_cat-etekler","7":"product_tag-astarli","8":"product_tag-bej","9":"product_tag-kadin-giyim","10":"product_tag-klos","11":"product_tag-yuksek-bel-3","12":"pa_color-bej","13":"pa_size-4706","14":"pa_size-4711","15":"pa_size-4713","16":"pa_size-4751","17":"pa_size-4749","18":"pa_size-4747","20":"first","21":"instock","22":"sale","23":"shipping-taxable","24":"purchasable","25":"product-type-variable"},"_links":{"self":[{"href":"https:\/\/mod.wisdar.net\/tr\/wp-json\/wp\/v2\/product\/54565","targetHints":{"allow":["GET"]}}],"collection":[{"href":"https:\/\/mod.wisdar.net\/tr\/wp-json\/wp\/v2\/product"}],"about":[{"href":"https:\/\/mod.wisdar.net\/tr\/wp-json\/wp\/v2\/types\/product"}],"replies":[{"embeddable":true,"href":"https:\/\/mod.wisdar.net\/tr\/wp-json\/wp\/v2\/comments?post=54565"}],"wp:featuredmedia":[{"embeddable":true,"href":"https:\/\/mod.wisdar.net\/tr\/wp-json\/wp\/v2\/media\/54560"}],"wp:attachment":[{"href":"https:\/\/mod.wisdar.net\/tr\/wp-json\/wp\/v2\/media?parent=54565"}],"wp:term":[{"taxonomy":"product_brand","embeddable":true,"href":"https:\/\/mod.wisdar.net\/tr\/wp-json\/wp\/v2\/product_brand?post=54565"},{"taxonomy":"product_cat","embeddable":true,"href":"https:\/\/mod.wisdar.net\/tr\/wp-json\/wp\/v2\/product_cat?post=54565"},{"taxonomy":"product_tag","embeddable":true,"href":"https:\/\/mod.wisdar.net\/tr\/wp-json\/wp\/v2\/product_tag?post=54565"}],"curies":[{"name":"wp","href":"https:\/\/api.w.org\/{rel}","templated":true}]}}