{"id":54589,"date":"2025-12-28T02:49:43","date_gmt":"2025-12-28T02:49:43","guid":{"rendered":"https:\/\/modesthanim.com\/product\/floral-desenli-godeli-etek-pembe\/"},"modified":"2026-01-15T08:35:34","modified_gmt":"2026-01-15T08:35:34","slug":"floral-desenli-godeli-etek-pembe","status":"publish","type":"product","link":"https:\/\/mod.wisdar.net\/tr\/urun\/floral-desenli-godeli-etek-pembe\/","title":{"rendered":"Floral Desenli Godeli Etek \u2013 Pembe"},"content":{"rendered":"<p>Y\u00fcksek belli formu v\u00fccut oran\u0131n\u0131 dengelerken, hafif kuma\u015f\u0131 sayesinde g\u00fcn boyu rahatl\u0131k sa\u011flar. Hem d\u00fcz bluzlarla g\u00fcnl\u00fck kullan\u0131mda hem de \u015f\u0131k par\u00e7alarla \u00f6zel anlarda rahatl\u0131kla tercih edilebilir. Kuma\u015f \u0130\u00e7eri\u011fi: %85 Viskon, %15 Naylon. Desen: Floral Desen. Bel Tipi: Normal Bel. Etek Tipi: Godeli. Cep: Cepsiz. Astar: Astarl\u0131. \u00dcr\u00fcn Boyu: 95 cm. Kal\u0131p Tipi: Normal Kal\u0131p. Mankenin Giydi\u011fi Beden: 38. Manken \u00d6l\u00e7\u00fcleri: Boy: 177 cm, G\u00f6\u011f\u00fcs: 88 cm, Bel: 58 cm, Basen: 93 cm.<\/p>\n","protected":false},"excerpt":{"rendered":"<p>Y\u00fcksek belli formu v\u00fccut oran\u0131n\u0131 dengelerken, hafif kuma\u015f\u0131 sayesinde g\u00fcn boyu rahatl\u0131k sa\u011flar. Hem d\u00fcz bluzlarla g\u00fcnl\u00fck kullan\u0131mda hem de \u015f\u0131k par\u00e7alarla \u00f6zel anlarda rahatl\u0131kla tercih edilebilir. Kuma\u015f \u0130\u00e7eri\u011fi: %85 Viskon, %15 Naylon. Desen: Floral Desen. Bel Tipi: Normal Bel. Etek Tipi: Godeli. Cep: Cepsiz. Astar: Astarl\u0131. \u00dcr\u00fcn Boyu: 95 cm. Kal\u0131p Tipi: Normal Kal\u0131p. [&hellip;]<\/p>\n","protected":false},"featured_media":54585,"comment_status":"open","ping_status":"closed","template":"","meta":[],"product_brand":[],"product_cat":[1969],"product_tag":[7508],"class_list":{"0":"post-54589","1":"product","2":"type-product","3":"status-publish","4":"has-post-thumbnail","6":"product_cat-etekler","7":"product_tag-cicekli","8":"pa_color-pembe","9":"pa_size-4706","10":"pa_size-4711","11":"pa_size-4713","12":"pa_size-4751","14":"first","15":"instock","16":"sale","17":"shipping-taxable","18":"purchasable","19":"product-type-variable"},"_links":{"self":[{"href":"https:\/\/mod.wisdar.net\/tr\/wp-json\/wp\/v2\/product\/54589","targetHints":{"allow":["GET"]}}],"collection":[{"href":"https:\/\/mod.wisdar.net\/tr\/wp-json\/wp\/v2\/product"}],"about":[{"href":"https:\/\/mod.wisdar.net\/tr\/wp-json\/wp\/v2\/types\/product"}],"replies":[{"embeddable":true,"href":"https:\/\/mod.wisdar.net\/tr\/wp-json\/wp\/v2\/comments?post=54589"}],"wp:featuredmedia":[{"embeddable":true,"href":"https:\/\/mod.wisdar.net\/tr\/wp-json\/wp\/v2\/media\/54585"}],"wp:attachment":[{"href":"https:\/\/mod.wisdar.net\/tr\/wp-json\/wp\/v2\/media?parent=54589"}],"wp:term":[{"taxonomy":"product_brand","embeddable":true,"href":"https:\/\/mod.wisdar.net\/tr\/wp-json\/wp\/v2\/product_brand?post=54589"},{"taxonomy":"product_cat","embeddable":true,"href":"https:\/\/mod.wisdar.net\/tr\/wp-json\/wp\/v2\/product_cat?post=54589"},{"taxonomy":"product_tag","embeddable":true,"href":"https:\/\/mod.wisdar.net\/tr\/wp-json\/wp\/v2\/product_tag?post=54589"}],"curies":[{"name":"wp","href":"https:\/\/api.w.org\/{rel}","templated":true}]}}