{"id":54622,"date":"2025-12-28T02:51:51","date_gmt":"2025-12-28T02:51:51","guid":{"rendered":"https:\/\/modesthanim.com\/product\/double-paca-gabardin-pantolon-kahve\/"},"modified":"2026-02-19T02:10:22","modified_gmt":"2026-02-19T02:10:22","slug":"double-paca-gabardin-pantolon-kahve","status":"publish","type":"product","link":"https:\/\/mod.wisdar.net\/tr\/urun\/double-paca-gabardin-pantolon-kahve\/","title":{"rendered":"Double Pa\u00e7a Gabardin Pantolon Kahve"},"content":{"rendered":"<p>Double Pa\u00e7a Gabardin Pantolon Kahve, pamuklu gabardin kuma\u015f\u0131yla hem dayan\u0131kl\u0131 hem de konforlu bir kullan\u0131m sunar. Y\u00fcksek bel tasar\u0131m\u0131, arka k\u0131sm\u0131ndaki lastik detay\u0131yla birle\u015ferek g\u00fcn boyu rahatl\u0131k sa\u011flar. Nerv\u00fcr diki\u015fler pantolona zarif bir g\u00f6r\u00fcn\u00fcm kazand\u0131r\u0131rken, double pa\u00e7a kesimi modern ve \u015f\u0131k bir duru\u015f yarat\u0131r. G\u00fcnl\u00fck stilinizden daha \u00f6zenli kombinlerinize kadar her ortamda keyifle kullanabilece\u011finiz, dolab\u0131n\u0131z\u0131n kurtar\u0131c\u0131 par\u00e7alar\u0131ndan biri olmaya aday.<\/p>\n","protected":false},"excerpt":{"rendered":"<p>Double Pa\u00e7a Gabardin Pantolon Kahve, pamuklu gabardin kuma\u015f\u0131yla hem dayan\u0131kl\u0131 hem de konforlu bir kullan\u0131m sunar. Y\u00fcksek bel tasar\u0131m\u0131, arka k\u0131sm\u0131ndaki lastik detay\u0131yla birle\u015ferek g\u00fcn boyu rahatl\u0131k sa\u011flar. Nerv\u00fcr diki\u015fler pantolona zarif bir g\u00f6r\u00fcn\u00fcm kazand\u0131r\u0131rken, double pa\u00e7a kesimi modern ve \u015f\u0131k bir duru\u015f yarat\u0131r. G\u00fcnl\u00fck stilinizden daha \u00f6zenli kombinlerinize kadar her ortamda keyifle kullanabilece\u011finiz, dolab\u0131n\u0131z\u0131n [&hellip;]<\/p>\n","protected":false},"featured_media":54617,"comment_status":"open","ping_status":"closed","template":"","meta":[],"product_brand":[],"product_cat":[1882],"product_tag":[],"class_list":{"0":"post-54622","1":"product","2":"type-product","3":"status-publish","4":"has-post-thumbnail","6":"product_cat-alt-giyim","7":"pa_brand-kadriye-basturk","8":"pa_color-kahve","9":"pa_size-4701","10":"pa_size-4706","11":"pa_size-4711","12":"pa_size-4713","14":"first","15":"outofstock","16":"shipping-taxable","17":"product-type-variable"},"_links":{"self":[{"href":"https:\/\/mod.wisdar.net\/tr\/wp-json\/wp\/v2\/product\/54622","targetHints":{"allow":["GET"]}}],"collection":[{"href":"https:\/\/mod.wisdar.net\/tr\/wp-json\/wp\/v2\/product"}],"about":[{"href":"https:\/\/mod.wisdar.net\/tr\/wp-json\/wp\/v2\/types\/product"}],"replies":[{"embeddable":true,"href":"https:\/\/mod.wisdar.net\/tr\/wp-json\/wp\/v2\/comments?post=54622"}],"wp:featuredmedia":[{"embeddable":true,"href":"https:\/\/mod.wisdar.net\/tr\/wp-json\/wp\/v2\/media\/54617"}],"wp:attachment":[{"href":"https:\/\/mod.wisdar.net\/tr\/wp-json\/wp\/v2\/media?parent=54622"}],"wp:term":[{"taxonomy":"product_brand","embeddable":true,"href":"https:\/\/mod.wisdar.net\/tr\/wp-json\/wp\/v2\/product_brand?post=54622"},{"taxonomy":"product_cat","embeddable":true,"href":"https:\/\/mod.wisdar.net\/tr\/wp-json\/wp\/v2\/product_cat?post=54622"},{"taxonomy":"product_tag","embeddable":true,"href":"https:\/\/mod.wisdar.net\/tr\/wp-json\/wp\/v2\/product_tag?post=54622"}],"curies":[{"name":"wp","href":"https:\/\/api.w.org\/{rel}","templated":true}]}}