{"id":54710,"date":"2025-12-28T02:55:43","date_gmt":"2025-12-28T02:55:43","guid":{"rendered":"https:\/\/modesthanim.com\/product\/kare-desenli-tunik-aci-kahve\/"},"modified":"2026-04-15T22:50:55","modified_gmt":"2026-04-15T22:50:55","slug":"kare-desenli-tunik-aci-kahve","status":"publish","type":"product","link":"https:\/\/mod.wisdar.net\/tr\/urun\/kare-desenli-tunik-aci-kahve\/","title":{"rendered":"Kare Desenli Tunik \u2013 Ac\u0131 Kahve"},"content":{"rendered":"<p>Y\u00fczeyindeki kare desenlerle hareket kazanan bu tunik, yal\u0131n siluetiyle modern ve ferah bir g\u00f6r\u00fcn\u00fcm sunar. Ak\u0131c\u0131 yap\u0131s\u0131 g\u00fcn boyu konfor sa\u011flarken, geometrik deseni sade kombinlere dahi ince bir dinamizm katar.<br \/>\nKuma\u015f \u0130\u00e7eri\u011fi: %83 Viskon, %16 Y\u00fcn, %1 Polyester<br \/>\nDesen: Kare Desen<br \/>\nYaka Tipi: G\u00f6mlek Yaka<br \/>\nKol Tipi: D\u00fc\u015f\u00fck Kol<br \/>\nCep: Cepsiz<br \/>\nAstar: Astars\u0131z<br \/>\n\u00dcr\u00fcn Boyu: 90 cm<br \/>\nKal\u0131p Tipi: Rahat Kal\u0131p<br \/>\nManken \u00d6l\u00e7\u00fcleri:<br \/>\nBoy: 174 cm<br \/>\nG\u00f6\u011f\u00fcs: 81 cm<br \/>\nBel: 60 cm<br \/>\nBasen: 89 cm<br \/>\nMankenin Giydi\u011fi Beden: 38<\/p>\n","protected":false},"excerpt":{"rendered":"<p>Y\u00fczeyindeki kare desenlerle hareket kazanan bu tunik, yal\u0131n siluetiyle modern ve ferah bir g\u00f6r\u00fcn\u00fcm sunar. Ak\u0131c\u0131 yap\u0131s\u0131 g\u00fcn boyu konfor sa\u011flarken, geometrik deseni sade kombinlere dahi ince bir dinamizm katar. Kuma\u015f \u0130\u00e7eri\u011fi: %83 Viskon, %16 Y\u00fcn, %1 Polyester Desen: Kare Desen Yaka Tipi: G\u00f6mlek Yaka Kol Tipi: D\u00fc\u015f\u00fck Kol Cep: Cepsiz Astar: Astars\u0131z \u00dcr\u00fcn Boyu: [&hellip;]<\/p>\n","protected":false},"featured_media":54704,"comment_status":"open","ping_status":"closed","template":"","meta":[],"product_brand":[],"product_cat":[2050],"product_tag":[6882],"class_list":{"0":"post-54710","1":"product","2":"type-product","3":"status-publish","4":"has-post-thumbnail","6":"product_cat-blazer-ceketler","7":"product_tag-rahat-kesim-2","8":"pa_brand-tugba","9":"pa_color-aci-kahve-1","10":"pa_size-4706","11":"pa_size-4711","12":"pa_size-4713","13":"pa_size-4751","14":"pa_size-4749","15":"pa_size-4747","17":"first","18":"instock","19":"sale","20":"shipping-taxable","21":"purchasable","22":"product-type-variable"},"_links":{"self":[{"href":"https:\/\/mod.wisdar.net\/tr\/wp-json\/wp\/v2\/product\/54710","targetHints":{"allow":["GET"]}}],"collection":[{"href":"https:\/\/mod.wisdar.net\/tr\/wp-json\/wp\/v2\/product"}],"about":[{"href":"https:\/\/mod.wisdar.net\/tr\/wp-json\/wp\/v2\/types\/product"}],"replies":[{"embeddable":true,"href":"https:\/\/mod.wisdar.net\/tr\/wp-json\/wp\/v2\/comments?post=54710"}],"wp:featuredmedia":[{"embeddable":true,"href":"https:\/\/mod.wisdar.net\/tr\/wp-json\/wp\/v2\/media\/54704"}],"wp:attachment":[{"href":"https:\/\/mod.wisdar.net\/tr\/wp-json\/wp\/v2\/media?parent=54710"}],"wp:term":[{"taxonomy":"product_brand","embeddable":true,"href":"https:\/\/mod.wisdar.net\/tr\/wp-json\/wp\/v2\/product_brand?post=54710"},{"taxonomy":"product_cat","embeddable":true,"href":"https:\/\/mod.wisdar.net\/tr\/wp-json\/wp\/v2\/product_cat?post=54710"},{"taxonomy":"product_tag","embeddable":true,"href":"https:\/\/mod.wisdar.net\/tr\/wp-json\/wp\/v2\/product_tag?post=54710"}],"curies":[{"name":"wp","href":"https:\/\/api.w.org\/{rel}","templated":true}]}}