{"id":54746,"date":"2025-11-20T19:55:51","date_gmt":"2025-11-20T19:55:51","guid":{"rendered":"https:\/\/modesthanim.com\/product\/amine-bordo-elbise\/"},"modified":"2026-03-23T18:55:46","modified_gmt":"2026-03-23T18:55:46","slug":"amine-bordo-elbise","status":"publish","type":"product","link":"https:\/\/mod.wisdar.net\/tr\/urun\/amine-bordo-elbise\/","title":{"rendered":"Amine Bordo Elbise"},"content":{"rendered":"<p>Bu elbise 1. S\u0131n\u0131f \u0130pek Cupra kuma\u015ftan \u00fcretilmi\u015ftir. Tam boy fermuarl\u0131 tasar\u0131m\u0131yla kullan\u0131m kolayl\u0131\u011f\u0131 sunar. Kol u\u00e7lar\u0131 lastikli olup rahat bir oturu\u015f sa\u011flar. Pratik cepleri bulunan elbise, \u015f\u0131kl\u0131\u011f\u0131 ve konforu bir araya getiriyor.<\/p>\n<p>\u2014 Teknik Detaylar \u2014<br \/>\nBoy: 140 cm<br \/>\nG\u00f6\u011f\u00fcs: 51 cm<br \/>\nOmuz: 39 cm<\/p>\n","protected":false},"excerpt":{"rendered":"<p>Bu elbise 1. S\u0131n\u0131f \u0130pek Cupra kuma\u015ftan \u00fcretilmi\u015ftir. Tam boy fermuarl\u0131 tasar\u0131m\u0131yla kullan\u0131m kolayl\u0131\u011f\u0131 sunar. Kol u\u00e7lar\u0131 lastikli olup rahat bir oturu\u015f sa\u011flar. Pratik cepleri bulunan elbise, \u015f\u0131kl\u0131\u011f\u0131 ve konforu bir araya getiriyor. \u2014 Teknik Detaylar \u2014 Boy: 140 cm G\u00f6\u011f\u00fcs: 51 cm Omuz: 39 cm<\/p>\n","protected":false},"featured_media":54743,"comment_status":"open","ping_status":"closed","template":"","meta":[],"product_brand":[],"product_cat":[6249],"product_tag":[7523],"class_list":{"0":"post-54746","1":"product","2":"type-product","3":"status-publish","4":"has-post-thumbnail","6":"product_cat-elbiseler","7":"product_tag-dress","8":"pa_brand-butikkolik","9":"pa_color-bordo","10":"pa_size-4706","11":"pa_size-4711","12":"pa_size-4713","13":"pa_size-4751","14":"pa_size-4749","16":"first","17":"outofstock","18":"shipping-taxable","19":"product-type-variable"},"_links":{"self":[{"href":"https:\/\/mod.wisdar.net\/tr\/wp-json\/wp\/v2\/product\/54746","targetHints":{"allow":["GET"]}}],"collection":[{"href":"https:\/\/mod.wisdar.net\/tr\/wp-json\/wp\/v2\/product"}],"about":[{"href":"https:\/\/mod.wisdar.net\/tr\/wp-json\/wp\/v2\/types\/product"}],"replies":[{"embeddable":true,"href":"https:\/\/mod.wisdar.net\/tr\/wp-json\/wp\/v2\/comments?post=54746"}],"wp:featuredmedia":[{"embeddable":true,"href":"https:\/\/mod.wisdar.net\/tr\/wp-json\/wp\/v2\/media\/54743"}],"wp:attachment":[{"href":"https:\/\/mod.wisdar.net\/tr\/wp-json\/wp\/v2\/media?parent=54746"}],"wp:term":[{"taxonomy":"product_brand","embeddable":true,"href":"https:\/\/mod.wisdar.net\/tr\/wp-json\/wp\/v2\/product_brand?post=54746"},{"taxonomy":"product_cat","embeddable":true,"href":"https:\/\/mod.wisdar.net\/tr\/wp-json\/wp\/v2\/product_cat?post=54746"},{"taxonomy":"product_tag","embeddable":true,"href":"https:\/\/mod.wisdar.net\/tr\/wp-json\/wp\/v2\/product_tag?post=54746"}],"curies":[{"name":"wp","href":"https:\/\/api.w.org\/{rel}","templated":true}]}}