{"id":54796,"date":"2025-12-28T03:02:12","date_gmt":"2025-12-28T03:02:12","guid":{"rendered":"https:\/\/modesthanim.com\/product\/haki-renkli-kemerli-uzun-trenckot\/"},"modified":"2026-04-02T20:59:48","modified_gmt":"2026-04-02T20:59:48","slug":"haki-renkli-kemerli-uzun-trenckot","status":"publish","type":"product","link":"https:\/\/mod.wisdar.net\/tr\/urun\/haki-renkli-kemerli-uzun-trenckot\/","title":{"rendered":"Haki Renkli Kemerli Uzun Tren\u00e7kot"},"content":{"rendered":"<p>Bu haki renkli, pamuk kar\u0131\u015f\u0131ml\u0131 gabardin kuma\u015ftan yap\u0131lm\u0131\u015f b\u00fcy\u00fck beden uzun tren\u00e7kot, geni\u015f yaka ve uyumlu desenli astar \u00f6zellikleriyle hem estetik bir g\u00f6r\u00fcn\u00fcm hem de konfor sunar. Arka etek k\u0131sm\u0131ndaki y\u0131rtma\u00e7, hareket \u00f6zg\u00fcrl\u00fc\u011f\u00fc sa\u011flarken, katlanabilir kol u\u00e7lar\u0131 pratik kullan\u0131m imkan\u0131 tan\u0131r. D\u00fc\u011fme kapatma ve \u00e7\u0131kar\u0131labilir kemer, belinizi istedi\u011finiz gibi \u015fekillendirmenize olanak tan\u0131r. Geni\u015f ve rahat kesimi, g\u00fcnl\u00fck k\u0131yafetlere kolayca uyum sa\u011flar.<\/p>\n<p>\u2014 Teknik Detaylar \u2014<br \/>\n\u00dcr\u00fcn Tipi: Tren\u00e7kot<br \/>\nKuma\u015f: Pamuk kar\u0131\u015f\u0131ml\u0131 gabardin kuma\u015f<br \/>\nYaka: Geni\u015f yaka<br \/>\nAstar: Uyumlu desenli astar<br \/>\nArka Detay: Arka etek k\u0131sm\u0131nda y\u0131rtma\u00e7<br \/>\nKol Detay\u0131: Katlanabilir kol u\u00e7lar\u0131<br \/>\nKapatma: D\u00fc\u011fme kapatma<br \/>\nDi\u011fer: \u00c7\u0131kar\u0131labilir kemer<br \/>\nKesim: Uzun rahat kesim<\/p>\n","protected":false},"excerpt":{"rendered":"<p>Bu haki renkli, pamuk kar\u0131\u015f\u0131ml\u0131 gabardin kuma\u015ftan yap\u0131lm\u0131\u015f b\u00fcy\u00fck beden uzun tren\u00e7kot, geni\u015f yaka ve uyumlu desenli astar \u00f6zellikleriyle hem estetik bir g\u00f6r\u00fcn\u00fcm hem de konfor sunar. Arka etek k\u0131sm\u0131ndaki y\u0131rtma\u00e7, hareket \u00f6zg\u00fcrl\u00fc\u011f\u00fc sa\u011flarken, katlanabilir kol u\u00e7lar\u0131 pratik kullan\u0131m imkan\u0131 tan\u0131r. D\u00fc\u011fme kapatma ve \u00e7\u0131kar\u0131labilir kemer, belinizi istedi\u011finiz gibi \u015fekillendirmenize olanak tan\u0131r. Geni\u015f ve rahat [&hellip;]<\/p>\n","protected":false},"featured_media":54784,"comment_status":"open","ping_status":"closed","template":"","meta":[],"product_brand":[],"product_cat":[2047],"product_tag":[7327,6751,8107,6776],"class_list":{"0":"post-54796","1":"product","2":"type-product","3":"status-publish","4":"has-post-thumbnail","6":"product_cat-paltolar","7":"product_tag-oversize","8":"product_tag-rahat","9":"product_tag-sik","10":"product_tag-trenckot","11":"pa_brand-kadriye-basturk","12":"pa_color-haki","13":"pa_size-4446","14":"pa_size-4463","16":"first","17":"outofstock","18":"shipping-taxable","19":"product-type-variable"},"_links":{"self":[{"href":"https:\/\/mod.wisdar.net\/tr\/wp-json\/wp\/v2\/product\/54796","targetHints":{"allow":["GET"]}}],"collection":[{"href":"https:\/\/mod.wisdar.net\/tr\/wp-json\/wp\/v2\/product"}],"about":[{"href":"https:\/\/mod.wisdar.net\/tr\/wp-json\/wp\/v2\/types\/product"}],"replies":[{"embeddable":true,"href":"https:\/\/mod.wisdar.net\/tr\/wp-json\/wp\/v2\/comments?post=54796"}],"wp:featuredmedia":[{"embeddable":true,"href":"https:\/\/mod.wisdar.net\/tr\/wp-json\/wp\/v2\/media\/54784"}],"wp:attachment":[{"href":"https:\/\/mod.wisdar.net\/tr\/wp-json\/wp\/v2\/media?parent=54796"}],"wp:term":[{"taxonomy":"product_brand","embeddable":true,"href":"https:\/\/mod.wisdar.net\/tr\/wp-json\/wp\/v2\/product_brand?post=54796"},{"taxonomy":"product_cat","embeddable":true,"href":"https:\/\/mod.wisdar.net\/tr\/wp-json\/wp\/v2\/product_cat?post=54796"},{"taxonomy":"product_tag","embeddable":true,"href":"https:\/\/mod.wisdar.net\/tr\/wp-json\/wp\/v2\/product_tag?post=54796"}],"curies":[{"name":"wp","href":"https:\/\/api.w.org\/{rel}","templated":true}]}}