{"id":54820,"date":"2025-12-28T03:04:15","date_gmt":"2025-12-28T03:04:15","guid":{"rendered":"https:\/\/modesthanim.com\/product\/orgu-kemerli-mavi-desenli-sifon-elbise\/"},"modified":"2026-01-15T08:55:08","modified_gmt":"2026-01-15T08:55:08","slug":"orgu-kemerli-mavi-desenli-sifon-elbise","status":"publish","type":"product","link":"https:\/\/mod.wisdar.net\/tr\/urun\/orgu-kemerli-mavi-desenli-sifon-elbise\/","title":{"rendered":"\u00d6rg\u00fc Kemerli Mavi Desenli \u015eifon Elbise"},"content":{"rendered":"<p>Bu desenli \u015fifon elbise, \u00f6rg\u00fc kemer detay\u0131 ile belinizi zarif bir \u015fekilde vurgulayarak hafif ve ak\u0131c\u0131 dokusuyla \u015f\u0131kl\u0131\u011f\u0131 \u00f6n plana \u00e7\u0131kar\u0131r. Hafif kuma\u015f\u0131 ve modern tasar\u0131m\u0131 ile g\u00fcnl\u00fck kullan\u0131m ve \u00f6zel g\u00fcnler i\u00e7in rahat bir se\u00e7im sunar.<\/p>\n<p>\u2014 Teknik Detaylar \u2014<br \/>\nDesen: Tropikal Desen<br \/>\nYaka Tipi: Yuvarlak Yaka<br \/>\nKol Tipi: Uzun Kol<br \/>\nCepli: Cep Yok<br \/>\nAstar: Astarl\u0131<br \/>\n\u00dcr\u00fcn Uzunlu\u011fu: 135 cm<br \/>\nKal\u0131p: Normal Kal\u0131p<br \/>\nModelin Giydi\u011fi Beden: 38<br \/>\nModel \u00d6l\u00e7\u00fcleri: {&#8216;Boy&#8217;: &#8216;176 cm&#8217;, &#8216;G\u00f6\u011f\u00fcs&#8217;: &#8217;75 cm&#8217;, &#8216;Bel&#8217;: &#8217;59 cm&#8217;, &#8216;Kal\u00e7a&#8217;: &#8217;87 cm&#8217;}<\/p>\n","protected":false},"excerpt":{"rendered":"<p>Bu desenli \u015fifon elbise, \u00f6rg\u00fc kemer detay\u0131 ile belinizi zarif bir \u015fekilde vurgulayarak hafif ve ak\u0131c\u0131 dokusuyla \u015f\u0131kl\u0131\u011f\u0131 \u00f6n plana \u00e7\u0131kar\u0131r. Hafif kuma\u015f\u0131 ve modern tasar\u0131m\u0131 ile g\u00fcnl\u00fck kullan\u0131m ve \u00f6zel g\u00fcnler i\u00e7in rahat bir se\u00e7im sunar. \u2014 Teknik Detaylar \u2014 Desen: Tropikal Desen Yaka Tipi: Yuvarlak Yaka Kol Tipi: Uzun Kol Cepli: Cep Yok [&hellip;]<\/p>\n","protected":false},"featured_media":54814,"comment_status":"open","ping_status":"closed","template":"","meta":[],"product_brand":[],"product_cat":[6249,1933],"product_tag":[6921,4905,6769,7668,7021,6924,6768],"class_list":{"0":"post-54820","1":"product","2":"type-product","3":"status-publish","4":"has-post-thumbnail","6":"product_cat-elbiseler","7":"product_cat-gunluk-ve-gunduz-elbiseleri","8":"product_tag-astarli","9":"product_tag-blue","10":"product_tag-desenli","11":"product_tag-kemerli","12":"product_tag-polyester","13":"product_tag-sifon","14":"product_tag-uzun-kol","15":"pa_color-mavi","16":"pa_size-4706","17":"pa_size-4711","18":"pa_size-4713","19":"pa_size-4751","21":"first","22":"instock","23":"sale","24":"shipping-taxable","25":"purchasable","26":"product-type-variable"},"_links":{"self":[{"href":"https:\/\/mod.wisdar.net\/tr\/wp-json\/wp\/v2\/product\/54820","targetHints":{"allow":["GET"]}}],"collection":[{"href":"https:\/\/mod.wisdar.net\/tr\/wp-json\/wp\/v2\/product"}],"about":[{"href":"https:\/\/mod.wisdar.net\/tr\/wp-json\/wp\/v2\/types\/product"}],"replies":[{"embeddable":true,"href":"https:\/\/mod.wisdar.net\/tr\/wp-json\/wp\/v2\/comments?post=54820"}],"wp:featuredmedia":[{"embeddable":true,"href":"https:\/\/mod.wisdar.net\/tr\/wp-json\/wp\/v2\/media\/54814"}],"wp:attachment":[{"href":"https:\/\/mod.wisdar.net\/tr\/wp-json\/wp\/v2\/media?parent=54820"}],"wp:term":[{"taxonomy":"product_brand","embeddable":true,"href":"https:\/\/mod.wisdar.net\/tr\/wp-json\/wp\/v2\/product_brand?post=54820"},{"taxonomy":"product_cat","embeddable":true,"href":"https:\/\/mod.wisdar.net\/tr\/wp-json\/wp\/v2\/product_cat?post=54820"},{"taxonomy":"product_tag","embeddable":true,"href":"https:\/\/mod.wisdar.net\/tr\/wp-json\/wp\/v2\/product_tag?post=54820"}],"curies":[{"name":"wp","href":"https:\/\/api.w.org\/{rel}","templated":true}]}}