{"id":54883,"date":"2025-12-28T03:06:24","date_gmt":"2025-12-28T03:06:24","guid":{"rendered":"https:\/\/modesthanim.com\/product\/bordo-katmanli-etek-ve-godet-detaylari\/"},"modified":"2026-02-19T20:47:21","modified_gmt":"2026-02-19T20:47:21","slug":"bordo-katmanli-etek-ve-godet-detaylari","status":"publish","type":"product","link":"https:\/\/mod.wisdar.net\/tr\/urun\/bordo-katmanli-etek-ve-godet-detaylari\/","title":{"rendered":"Bordo Katmanl\u0131 Etek ve Godet Detaylar\u0131"},"content":{"rendered":"<p>Yo\u011fun dokuma voile kuma\u015ftan \u00fcretilmi\u015f, %100 pamuk astarl\u0131, yan fermuar kapatmal\u0131, godet panelleri ve maxi boy. Beden 36: Uzunluk: 94 cm, Bel: 36 cm, Kal\u00e7a: 65 cm Beden 38: Uzunluk: 96 cm, Bel: 38 cm, Kal\u00e7a: 68 cm Beden 40: Uzunluk: 99 cm, Bel: 40 cm, Kal\u00e7a: 73 cm<\/p>\n<p>\u2014 Teknik Detaylar \u2014<br \/>\nKuma\u015f: Yo\u011fun dokuma voile<br \/>\nAstar: %100 pamuk<br \/>\nKapatma: Yan fermuar<br \/>\nUzunluk: Maxi<br \/>\nEtek Detay\u0131: Godet<\/p>\n","protected":false},"excerpt":{"rendered":"<p>Yo\u011fun dokuma voile kuma\u015ftan \u00fcretilmi\u015f, %100 pamuk astarl\u0131, yan fermuar kapatmal\u0131, godet panelleri ve maxi boy. Beden 36: Uzunluk: 94 cm, Bel: 36 cm, Kal\u00e7a: 65 cm Beden 38: Uzunluk: 96 cm, Bel: 38 cm, Kal\u00e7a: 68 cm Beden 40: Uzunluk: 99 cm, Bel: 40 cm, Kal\u00e7a: 73 cm \u2014 Teknik Detaylar \u2014 Kuma\u015f: Yo\u011fun [&hellip;]<\/p>\n","protected":false},"featured_media":54876,"comment_status":"open","ping_status":"closed","template":"","meta":[],"product_brand":[],"product_cat":[1969],"product_tag":[5012],"class_list":{"0":"post-54883","1":"product","2":"type-product","3":"status-publish","4":"has-post-thumbnail","6":"product_cat-etekler","7":"product_tag-elegant","8":"pa_brand-fahhar","9":"pa_color-bordo","10":"pa_size-4698","11":"pa_size-4701","12":"pa_size-4706","13":"pa_size-4711","14":"pa_size-4713","16":"first","17":"outofstock","18":"shipping-taxable","19":"product-type-variable"},"_links":{"self":[{"href":"https:\/\/mod.wisdar.net\/tr\/wp-json\/wp\/v2\/product\/54883","targetHints":{"allow":["GET"]}}],"collection":[{"href":"https:\/\/mod.wisdar.net\/tr\/wp-json\/wp\/v2\/product"}],"about":[{"href":"https:\/\/mod.wisdar.net\/tr\/wp-json\/wp\/v2\/types\/product"}],"replies":[{"embeddable":true,"href":"https:\/\/mod.wisdar.net\/tr\/wp-json\/wp\/v2\/comments?post=54883"}],"wp:featuredmedia":[{"embeddable":true,"href":"https:\/\/mod.wisdar.net\/tr\/wp-json\/wp\/v2\/media\/54876"}],"wp:attachment":[{"href":"https:\/\/mod.wisdar.net\/tr\/wp-json\/wp\/v2\/media?parent=54883"}],"wp:term":[{"taxonomy":"product_brand","embeddable":true,"href":"https:\/\/mod.wisdar.net\/tr\/wp-json\/wp\/v2\/product_brand?post=54883"},{"taxonomy":"product_cat","embeddable":true,"href":"https:\/\/mod.wisdar.net\/tr\/wp-json\/wp\/v2\/product_cat?post=54883"},{"taxonomy":"product_tag","embeddable":true,"href":"https:\/\/mod.wisdar.net\/tr\/wp-json\/wp\/v2\/product_tag?post=54883"}],"curies":[{"name":"wp","href":"https:\/\/api.w.org\/{rel}","templated":true}]}}