{"id":55034,"date":"2025-12-21T12:49:59","date_gmt":"2025-12-21T12:49:59","guid":{"rendered":"https:\/\/modesthanim.com\/product\/aller-parcali-baglamali-elbise-petrol\/"},"modified":"2026-03-23T05:44:31","modified_gmt":"2026-03-23T05:44:31","slug":"aller-parcali-baglamali-elbise-petrol","status":"publish","type":"product","link":"https:\/\/mod.wisdar.net\/tr\/urun\/aller-parcali-baglamali-elbise-petrol\/","title":{"rendered":"Aller Par\u00e7al\u0131 Ba\u011flamal\u0131 Elbise \u2013 Petrol"},"content":{"rendered":"<p>Farkl\u0131 kuma\u015f dokular\u0131n\u0131 bir araya getiren aller par\u00e7al\u0131 tasar\u0131m\u0131yla \u00f6ne \u00e7\u0131kan bu elbise, modern ve dinamik bir g\u00f6r\u00fcn\u00fcm sunar. Bel k\u0131sm\u0131ndaki ba\u011flama detay\u0131 v\u00fccuda zarif bir form kazand\u0131r\u0131rken, ak\u0131c\u0131 kesimi hareketli bir siluet olu\u015fturur.<br \/>\nKuma\u015f \u0130\u00e7eri\u011fi: %100 Polyester<br \/>\nDesen: D\u00fcz<br \/>\nYaka Tipi: S\u0131f\u0131r Yaka<br \/>\nKol Tipi: Uzun Kol<br \/>\nCep: Gizli Cep<br \/>\nAstar: Astarl\u0131<br \/>\n\u00dcr\u00fcn Boyu: 135 cm<br \/>\nKal\u0131p Tipi: Normal Kal\u0131p<br \/>\nManken \u00d6l\u00e7\u00fcleri:<br \/>\nBoy: 174 cm<br \/>\nG\u00f6\u011f\u00fcs: 81 cm<br \/>\nBel: 60 cm<br \/>\nBasen: 89 cm<br \/>\nMankenin Giydi\u011fi Beden: 38<\/p>\n<p>\u2014 Technical Details \u2014<br \/>\nDesen: D\u00fcz<br \/>\nYaka Tipi: S\u0131f\u0131r Yaka<br \/>\nKol Tipi: Uzun Kol<br \/>\nCep: Gizli Cep<br \/>\nAstar: Astarl\u0131<br \/>\n\u00dcr\u00fcn Boyu: 135 cm<br \/>\nKal\u0131p Tipi: Normal Kal\u0131p<\/p>\n","protected":false},"excerpt":{"rendered":"<p>Farkl\u0131 kuma\u015f dokular\u0131n\u0131 bir araya getiren aller par\u00e7al\u0131 tasar\u0131m\u0131yla \u00f6ne \u00e7\u0131kan bu elbise, modern ve dinamik bir g\u00f6r\u00fcn\u00fcm sunar. Bel k\u0131sm\u0131ndaki ba\u011flama detay\u0131 v\u00fccuda zarif bir form kazand\u0131r\u0131rken, ak\u0131c\u0131 kesimi hareketli bir siluet olu\u015fturur. Kuma\u015f \u0130\u00e7eri\u011fi: %100 Polyester Desen: D\u00fcz Yaka Tipi: S\u0131f\u0131r Yaka Kol Tipi: Uzun Kol Cep: Gizli Cep Astar: Astarl\u0131 \u00dcr\u00fcn Boyu: [&hellip;]<\/p>\n","protected":false},"featured_media":55029,"comment_status":"open","ping_status":"closed","template":"","meta":[],"product_brand":[],"product_cat":[6249],"product_tag":[7547,6826,6750,6748],"class_list":{"0":"post-55034","1":"product","2":"type-product","3":"status-publish","4":"has-post-thumbnail","6":"product_cat-elbiseler","7":"product_tag-kadin-giyim","8":"product_tag-modern-moda","9":"product_tag-polyester-elbise","10":"product_tag-uzun-kollu-elbise","11":"pa_color-petrol","12":"pa_size-4706","13":"pa_size-4711","14":"pa_size-4713","15":"pa_size-4751","16":"pa_size-4749","17":"pa_size-4747","19":"first","20":"instock","21":"sale","22":"shipping-taxable","23":"purchasable","24":"product-type-variable"},"_links":{"self":[{"href":"https:\/\/mod.wisdar.net\/tr\/wp-json\/wp\/v2\/product\/55034","targetHints":{"allow":["GET"]}}],"collection":[{"href":"https:\/\/mod.wisdar.net\/tr\/wp-json\/wp\/v2\/product"}],"about":[{"href":"https:\/\/mod.wisdar.net\/tr\/wp-json\/wp\/v2\/types\/product"}],"replies":[{"embeddable":true,"href":"https:\/\/mod.wisdar.net\/tr\/wp-json\/wp\/v2\/comments?post=55034"}],"wp:featuredmedia":[{"embeddable":true,"href":"https:\/\/mod.wisdar.net\/tr\/wp-json\/wp\/v2\/media\/55029"}],"wp:attachment":[{"href":"https:\/\/mod.wisdar.net\/tr\/wp-json\/wp\/v2\/media?parent=55034"}],"wp:term":[{"taxonomy":"product_brand","embeddable":true,"href":"https:\/\/mod.wisdar.net\/tr\/wp-json\/wp\/v2\/product_brand?post=55034"},{"taxonomy":"product_cat","embeddable":true,"href":"https:\/\/mod.wisdar.net\/tr\/wp-json\/wp\/v2\/product_cat?post=55034"},{"taxonomy":"product_tag","embeddable":true,"href":"https:\/\/mod.wisdar.net\/tr\/wp-json\/wp\/v2\/product_tag?post=55034"}],"curies":[{"name":"wp","href":"https:\/\/api.w.org\/{rel}","templated":true}]}}