{"id":55101,"date":"2025-12-28T03:18:33","date_gmt":"2025-12-28T03:18:33","guid":{"rendered":"https:\/\/modesthanim.com\/product\/seyyar-yakali-cingene-etekli-elbise-siyah\/"},"modified":"2026-04-10T18:10:40","modified_gmt":"2026-04-10T18:10:40","slug":"seyyar-yakali-cingene-etekli-elbise-siyah","status":"publish","type":"product","link":"https:\/\/mod.wisdar.net\/tr\/urun\/seyyar-yakali-cingene-etekli-elbise-siyah\/","title":{"rendered":"Seyyar Yakal\u0131 \u00c7ingene Etekli Elbise \u2013 Siyah"},"content":{"rendered":"<p>Yaz ak\u015famlar\u0131ndan festival g\u00fcnlerine, sahil y\u00fcr\u00fcy\u00fc\u015flerinden \u015fehir gezilerine kadar her ortamda dikkat \u00e7eken bu par\u00e7a, gard\u0131robunuzun vazge\u00e7ilmezleri aras\u0131nda yerini alacak. Rahat kesimi sayesinde her bedene uyum sa\u011flar, \u00f6zg\u00fcrce hareket etmenin tad\u0131n\u0131 \u00e7\u0131kar\u0131n.<\/p>\n<p>\u2014 Technical Details \u2014<br \/>\nKombin Kuma\u015f: %100 Pamuklu<br \/>\nDesen: D\u00fcz<br \/>\nYaka Tipi: Seyyar Yaka<br \/>\nKol Tipi: Uzun Kol<br \/>\nCep: Cepsiz<br \/>\nAstar: Astars\u0131z<br \/>\n\u00dcr\u00fcn Boyu: 135 cm<br \/>\nKal\u0131p Tipi: Normal Kal\u0131p<br \/>\nMankenin Giydi\u011fi Beden: 36<br \/>\nManken \u00d6l\u00e7\u00fcleri: {&#8216;Boy&#8217;: &#8216;176 cm&#8217;, &#8216;G\u00f6\u011f\u00fcs&#8217;: &#8217;80 cm&#8217;, &#8216;Bel&#8217;: &#8217;60 cm&#8217;, &#8216;Basen&#8217;: &#8217;90 cm&#8217;}<\/p>\n","protected":false},"excerpt":{"rendered":"<p>Yaz ak\u015famlar\u0131ndan festival g\u00fcnlerine, sahil y\u00fcr\u00fcy\u00fc\u015flerinden \u015fehir gezilerine kadar her ortamda dikkat \u00e7eken bu par\u00e7a, gard\u0131robunuzun vazge\u00e7ilmezleri aras\u0131nda yerini alacak. Rahat kesimi sayesinde her bedene uyum sa\u011flar, \u00f6zg\u00fcrce hareket etmenin tad\u0131n\u0131 \u00e7\u0131kar\u0131n. \u2014 Technical Details \u2014 Kombin Kuma\u015f: %100 Pamuklu Desen: D\u00fcz Yaka Tipi: Seyyar Yaka Kol Tipi: Uzun Kol Cep: Cepsiz Astar: Astars\u0131z \u00dcr\u00fcn [&hellip;]<\/p>\n","protected":false},"featured_media":55096,"comment_status":"open","ping_status":"closed","template":"","meta":[],"product_brand":[],"product_cat":[6249,1933],"product_tag":[7419,8107],"class_list":{"0":"post-55101","1":"product","2":"type-product","3":"status-publish","4":"has-post-thumbnail","6":"product_cat-elbiseler","7":"product_cat-gunluk-ve-gunduz-elbiseleri","8":"product_tag-gunluk","9":"product_tag-sik","10":"pa_brand-tugba","11":"pa_color-siyah","12":"pa_size-4701","13":"pa_size-4706","14":"pa_size-4711","15":"pa_size-4713","17":"first","18":"instock","19":"sale","20":"shipping-taxable","21":"purchasable","22":"product-type-variable"},"_links":{"self":[{"href":"https:\/\/mod.wisdar.net\/tr\/wp-json\/wp\/v2\/product\/55101","targetHints":{"allow":["GET"]}}],"collection":[{"href":"https:\/\/mod.wisdar.net\/tr\/wp-json\/wp\/v2\/product"}],"about":[{"href":"https:\/\/mod.wisdar.net\/tr\/wp-json\/wp\/v2\/types\/product"}],"replies":[{"embeddable":true,"href":"https:\/\/mod.wisdar.net\/tr\/wp-json\/wp\/v2\/comments?post=55101"}],"wp:featuredmedia":[{"embeddable":true,"href":"https:\/\/mod.wisdar.net\/tr\/wp-json\/wp\/v2\/media\/55096"}],"wp:attachment":[{"href":"https:\/\/mod.wisdar.net\/tr\/wp-json\/wp\/v2\/media?parent=55101"}],"wp:term":[{"taxonomy":"product_brand","embeddable":true,"href":"https:\/\/mod.wisdar.net\/tr\/wp-json\/wp\/v2\/product_brand?post=55101"},{"taxonomy":"product_cat","embeddable":true,"href":"https:\/\/mod.wisdar.net\/tr\/wp-json\/wp\/v2\/product_cat?post=55101"},{"taxonomy":"product_tag","embeddable":true,"href":"https:\/\/mod.wisdar.net\/tr\/wp-json\/wp\/v2\/product_tag?post=55101"}],"curies":[{"name":"wp","href":"https:\/\/api.w.org\/{rel}","templated":true}]}}