{"id":55137,"date":"2025-12-28T03:20:14","date_gmt":"2025-12-28T03:20:14","guid":{"rendered":"https:\/\/modesthanim.com\/product\/desenli-keten-kap-vizon\/"},"modified":"2026-04-03T15:32:19","modified_gmt":"2026-04-03T15:32:19","slug":"desenli-keten-kap-vizon","status":"publish","type":"product","link":"https:\/\/mod.wisdar.net\/tr\/urun\/desenli-keten-kap-vizon\/","title":{"rendered":"Desenli Keten Kap \u2013 Vizon"},"content":{"rendered":"<p>Do\u011fal dokular ve modern desenler bir arada: Desenli Keten Kap, nefes alan yap\u0131s\u0131 ve hafif dokusuyla yaz aylar\u0131n\u0131n vazge\u00e7ilmez tamamlay\u0131c\u0131s\u0131 olmaya aday. Keten kuma\u015f\u0131n serin tutan \u00f6zelli\u011fi, desenli tasar\u0131m\u0131yla birle\u015ferek ferah ve stil sahibi bir g\u00f6r\u00fcn\u00fcm sunar. Teknik Detaylar: Kombin Kuma\u015f: %50 Pamuklu, %50 Keten. Desen: \u00c7i\u00e7ek Deseni. Yaka Tipi: Dik Yaka. Kol Tipi: Uzun Kol. Cep: Aplike Cep. Astar: Astars\u0131z. \u00dcr\u00fcn Boyu: 110 cm. Kal\u0131p Tipi: Normal Kal\u0131p. Mankenin Giydi\u011fi Beden: 36. Manken \u00d6l\u00e7\u00fcleri: Boy: 176 cm, G\u00f6\u011f\u00fcs: 86 cm, Bel: 61 cm, Basen: 90 cm. Beden \u00d6l\u00e7\u00fcleri (cm): 36: Omuz: 55, G\u00f6\u011f\u00fcs: 107, Bel: 113, Basen: 122, Boy: 109.5, Kol Boyu: 50.5, 38: Omuz: 56, G\u00f6\u011f\u00fcs: 111, Bel: 117, Basen: 126, Boy: 110, Kol Boyu: 51, ve di\u011ferleri.<\/p>\n","protected":false},"excerpt":{"rendered":"<p>Do\u011fal dokular ve modern desenler bir arada: Desenli Keten Kap, nefes alan yap\u0131s\u0131 ve hafif dokusuyla yaz aylar\u0131n\u0131n vazge\u00e7ilmez tamamlay\u0131c\u0131s\u0131 olmaya aday. Keten kuma\u015f\u0131n serin tutan \u00f6zelli\u011fi, desenli tasar\u0131m\u0131yla birle\u015ferek ferah ve stil sahibi bir g\u00f6r\u00fcn\u00fcm sunar. Teknik Detaylar: Kombin Kuma\u015f: %50 Pamuklu, %50 Keten. Desen: \u00c7i\u00e7ek Deseni. Yaka Tipi: Dik Yaka. Kol Tipi: Uzun [&hellip;]<\/p>\n","protected":false},"featured_media":55132,"comment_status":"open","ping_status":"closed","template":"","meta":[],"product_brand":[],"product_cat":[2047],"product_tag":[4866,7521],"class_list":{"0":"post-55137","1":"product","2":"type-product","3":"status-publish","4":"has-post-thumbnail","6":"product_cat-paltolar","7":"product_tag-astarsiz","8":"product_tag-mink","9":"pa_brand-tugba","10":"pa_color-vizon","11":"pa_size-4701","12":"pa_size-4706","13":"pa_size-4711","14":"pa_size-4713","15":"pa_size-4751","17":"first","18":"instock","19":"sale","20":"shipping-taxable","21":"purchasable","22":"product-type-variable"},"_links":{"self":[{"href":"https:\/\/mod.wisdar.net\/tr\/wp-json\/wp\/v2\/product\/55137","targetHints":{"allow":["GET"]}}],"collection":[{"href":"https:\/\/mod.wisdar.net\/tr\/wp-json\/wp\/v2\/product"}],"about":[{"href":"https:\/\/mod.wisdar.net\/tr\/wp-json\/wp\/v2\/types\/product"}],"replies":[{"embeddable":true,"href":"https:\/\/mod.wisdar.net\/tr\/wp-json\/wp\/v2\/comments?post=55137"}],"wp:featuredmedia":[{"embeddable":true,"href":"https:\/\/mod.wisdar.net\/tr\/wp-json\/wp\/v2\/media\/55132"}],"wp:attachment":[{"href":"https:\/\/mod.wisdar.net\/tr\/wp-json\/wp\/v2\/media?parent=55137"}],"wp:term":[{"taxonomy":"product_brand","embeddable":true,"href":"https:\/\/mod.wisdar.net\/tr\/wp-json\/wp\/v2\/product_brand?post=55137"},{"taxonomy":"product_cat","embeddable":true,"href":"https:\/\/mod.wisdar.net\/tr\/wp-json\/wp\/v2\/product_cat?post=55137"},{"taxonomy":"product_tag","embeddable":true,"href":"https:\/\/mod.wisdar.net\/tr\/wp-json\/wp\/v2\/product_tag?post=55137"}],"curies":[{"name":"wp","href":"https:\/\/api.w.org\/{rel}","templated":true}]}}